{"id":297,"date":"2017-08-21T14:55:38","date_gmt":"2017-08-21T12:55:38","guid":{"rendered":"http:\/\/pinke.gartproject.com\/?page_id=297&#038;lang=de"},"modified":"2017-11-22T10:26:17","modified_gmt":"2017-11-22T09:26:17","slug":"uvod","status":"publish","type":"page","link":"https:\/\/pinke.sk\/de\/","title":{"rendered":"\u00davod"},"content":{"rendered":"<p><div class=\"fusion-fullwidth fullwidth-box fusion-builder-row-1 fusion-parallax-none nonhundred-percent-fullwidth non-hundred-percent-height-scrolling\" style=\"--awb-border-radius-top-left:0px;--awb-border-radius-top-right:0px;--awb-border-radius-bottom-right:0px;--awb-border-radius-bottom-left:0px;--awb-padding-top:20px;--awb-padding-bottom:20px;--awb-background-image:url(&quot;http:\/\/pinke.sk\/wp-content\/uploads\/2017\/07\/szolgaltatasok_bg.jpg&quot;);--awb-background-size:cover;--awb-flex-wrap:wrap;\" ><div class=\"fusion-builder-row fusion-row\"><div class=\"fusion-layout-column fusion_builder_column fusion-builder-column-0 fusion_builder_column_1_1 1_1 fusion-one-full fusion-column-first fusion-column-last\" style=\"--awb-bg-size:cover;\"><div class=\"fusion-column-wrapper fusion-flex-column-wrapper-legacy\"><div class=\"fusion-builder-row fusion-builder-row-inner fusion-row\"><div class=\"fusion-layout-column fusion_builder_column_inner fusion-builder-nested-column-0 fusion_builder_column_inner_1_3 1_3 fusion-one-third fusion-column-first home-up fusion-column-inner-bg-wrapper\" style=\"--awb-inner-bg-size:cover;width:33.333333333333%;width:calc(33.333333333333% - ( ( 4% + 4% ) * 0.33333333333333 ) );margin-right: 4%;\"><span class=\"fusion-column-inner-bg hover-type-none\"><a class=\"fusion-column-anchor\" href=\"http:\/\/pinke.sk\/de\/unternehmen\/\"><span class=\"fusion-column-inner-bg-image\"><\/span><\/a><\/span><div class=\"fusion-column-wrapper fusion-flex-column-wrapper-legacy\"><div class=\"fusion-image-element fusion-image-align-center in-legacy-container\" style=\"text-align:center;--awb-liftup-border-radius:0px;--awb-caption-title-font-family:var(--h2_typography-font-family);--awb-caption-title-font-weight:var(--h2_typography-font-weight);--awb-caption-title-font-style:var(--h2_typography-font-style);--awb-caption-title-size:var(--h2_typography-font-size);--awb-caption-title-transform:var(--h2_typography-text-transform);--awb-caption-title-line-height:var(--h2_typography-line-height);--awb-caption-title-letter-spacing:var(--h2_typography-letter-spacing);\"><div class=\"imageframe-align-center\"><div class=\"awb-image-frame awb-image-frame-1 imageframe-liftup\"><span class=\" fusion-imageframe imageframe-none imageframe-1\"><img decoding=\"async\" width=\"374\" height=\"274\" alt=\"fuvarozas\" title=\"fuvarozas\" src=\"http:\/\/pinke.sk\/wp-content\/uploads\/2017\/07\/fuvarozas.jpg\" class=\"img-responsive wp-image-2159\" srcset=\"https:\/\/pinke.sk\/wp-content\/uploads\/2017\/07\/fuvarozas-200x147.jpg 200w, https:\/\/pinke.sk\/wp-content\/uploads\/2017\/07\/fuvarozas.jpg 374w\" sizes=\"(max-width: 800px) 100vw, 374px\" \/><\/span><\/div><\/div><\/div><div class=\"fusion-text fusion-text-1\"><h3>UNTERNEHMEN<\/h3>\n<p>Die Gesellschaft Truck Trans Trade \u2014 Pinke Robert wirkt erfolgreich im Bereich des internationalen Lastkraftwagenverkehrs und der&#8230;<\/p>\n<\/div><div class=\"fusion-clearfix\"><\/div><\/div><\/div><div class=\"fusion-layout-column fusion_builder_column_inner fusion-builder-nested-column-1 fusion_builder_column_inner_1_3 1_3 fusion-one-third home-up fusion-column-inner-bg-wrapper\" style=\"--awb-inner-bg-size:cover;width:33.333333333333%;width:calc(33.333333333333% - ( ( 4% + 4% ) * 0.33333333333333 ) );margin-right: 4%;\"><span class=\"fusion-column-inner-bg hover-type-none\"><a class=\"fusion-column-anchor\" href=\"http:\/\/pinke.sk\/de\/service\/\"><span class=\"fusion-column-inner-bg-image\"><\/span><\/a><\/span><div class=\"fusion-column-wrapper fusion-flex-column-wrapper-legacy\"><div class=\"fusion-image-element fusion-image-align-center in-legacy-container\" style=\"text-align:center;--awb-liftup-border-radius:0px;--awb-caption-title-font-family:var(--h2_typography-font-family);--awb-caption-title-font-weight:var(--h2_typography-font-weight);--awb-caption-title-font-style:var(--h2_typography-font-style);--awb-caption-title-size:var(--h2_typography-font-size);--awb-caption-title-transform:var(--h2_typography-text-transform);--awb-caption-title-line-height:var(--h2_typography-line-height);--awb-caption-title-letter-spacing:var(--h2_typography-letter-spacing);\"><div class=\"imageframe-align-center\"><div class=\"awb-image-frame awb-image-frame-2 imageframe-liftup\"><span class=\" fusion-imageframe imageframe-none imageframe-2\"><img decoding=\"async\" width=\"374\" height=\"274\" alt=\"servis\" title=\"servis\" src=\"http:\/\/pinke.sk\/wp-content\/uploads\/2017\/07\/szerviz.jpg\" class=\"img-responsive wp-image-2179\" srcset=\"https:\/\/pinke.sk\/wp-content\/uploads\/2017\/07\/szerviz-200x147.jpg 200w, https:\/\/pinke.sk\/wp-content\/uploads\/2017\/07\/szerviz.jpg 374w\" sizes=\"(max-width: 800px) 100vw, 374px\" \/><\/span><\/div><\/div><\/div><div class=\"fusion-text fusion-text-2\"><h3>SERVICE<\/h3>\n<p>Wir bieten Ihnen das Service f\u00fcr die Fahrzeuge Renault, Iveco\u2026 Wir leisten auch die regelm\u00e4\u00dfigen Serviceuntersuchungen und moderne&#8230;<\/p>\n<\/div><div class=\"fusion-clearfix\"><\/div><\/div><\/div><div class=\"fusion-layout-column fusion_builder_column_inner fusion-builder-nested-column-2 fusion_builder_column_inner_1_3 1_3 fusion-one-third fusion-column-last home-up\" style=\"--awb-bg-size:cover;width:33.333333333333%;width:calc(33.333333333333% - ( ( 4% + 4% ) * 0.33333333333333 ) );\"><div class=\"fusion-column-wrapper fusion-flex-column-wrapper-legacy\"><div class=\"fusion-image-element fusion-image-align-center in-legacy-container\" style=\"text-align:center;--awb-liftup-border-radius:0px;--awb-caption-title-font-family:var(--h2_typography-font-family);--awb-caption-title-font-weight:var(--h2_typography-font-weight);--awb-caption-title-font-style:var(--h2_typography-font-style);--awb-caption-title-size:var(--h2_typography-font-size);--awb-caption-title-transform:var(--h2_typography-text-transform);--awb-caption-title-line-height:var(--h2_typography-line-height);--awb-caption-title-letter-spacing:var(--h2_typography-letter-spacing);\"><div class=\"imageframe-align-center\"><div class=\"awb-image-frame awb-image-frame-3 imageframe-liftup\"><span class=\" fusion-imageframe imageframe-none imageframe-3\"><img decoding=\"async\" width=\"374\" height=\"274\" alt=\"Ojazden\u00e9 vozidl\u00e1\" title=\"Ojazden\u00e9 vozidl\u00e1\" src=\"http:\/\/pinke.sk\/wp-content\/uploads\/2017\/07\/hasznalt_gepkocsik.jpg\" class=\"img-responsive wp-image-2161\" srcset=\"https:\/\/pinke.sk\/wp-content\/uploads\/2017\/07\/hasznalt_gepkocsik-200x147.jpg 200w, https:\/\/pinke.sk\/wp-content\/uploads\/2017\/07\/hasznalt_gepkocsik.jpg 374w\" sizes=\"(max-width: 800px) 100vw, 374px\" \/><\/span><\/div><\/div><\/div><div class=\"fusion-text fusion-text-3\"><h3>Gebrauchtfahrzeuge<\/h3>\n<p>Nach der konkreten Forderung auf Bestellung sichern wir Ihnen der jeglichen Lastkraftwagen oder Bautechnik, unter anderen zum Beispiel&#8230;<\/p>\n<\/div><div class=\"fusion-clearfix\"><\/div><\/div><\/div><\/div><div class=\"fusion-clearfix\"><\/div><\/div><\/div><\/div><\/div><div class=\"fusion-fullwidth fullwidth-box fusion-builder-row-2 nonhundred-percent-fullwidth non-hundred-percent-height-scrolling\" style=\"--awb-border-radius-top-left:0px;--awb-border-radius-top-right:0px;--awb-border-radius-bottom-right:0px;--awb-border-radius-bottom-left:0px;--awb-padding-top:80px;--awb-padding-bottom:80px;--awb-flex-wrap:wrap;\" ><div class=\"fusion-builder-row fusion-row\"><div class=\"fusion-layout-column fusion_builder_column fusion-builder-column-1 fusion_builder_column_1_1 1_1 fusion-one-full fusion-column-first fusion-column-last\" style=\"--awb-bg-size:cover;\"><div class=\"fusion-column-wrapper fusion-flex-column-wrapper-legacy\"><div class=\"fusion-text fusion-text-4\"><div class=\"about-us-txt\">\n<p style=\"text-align: center;\">Die Gesellschaft Truck Trans Trade \u2014 Pinke Robert wirkt erfolgreich im Bereich des internationalen<\/p>\n<p style=\"text-align: center;\">Lastkraftwagenverkehrs und der Spedition seit dem Jahr 1996. W\u00e4hrend dieser Zeit hat sich das Materiell- technische und<\/p>\n<p style=\"text-align: center;\">Personalgebiet verbreitet. Unsere Firma hat im Jahre 2002 den Wirkungsbereich um Lastwagenservice erweitert,<\/p>\n<p style=\"text-align: center;\">in dem unsere Fahrzeuge im besten Zustand erhalten sind.ik.<\/p>\n<\/div>\n<\/div><div class=\"fusion-clearfix\"><\/div><\/div><\/div><\/div><\/div><div class=\"fusion-fullwidth fullwidth-box fusion-builder-row-3 nonhundred-percent-fullwidth non-hundred-percent-height-scrolling\" style=\"--awb-border-radius-top-left:0px;--awb-border-radius-top-right:0px;--awb-border-radius-bottom-right:0px;--awb-border-radius-bottom-left:0px;--awb-padding-top:20px;--awb-padding-bottom:20px;--awb-flex-wrap:wrap;\" ><div class=\"fusion-builder-row fusion-row\"><div class=\"fusion-layout-column fusion_builder_column fusion-builder-column-2 fusion_builder_column_1_3 1_3 fusion-one-third fusion-column-first\" style=\"--awb-bg-size:cover;width:33.333333333333%;width:calc(33.333333333333% - ( ( 4% + 4% ) * 0.33333333333333 ) );margin-right: 4%;\"><div class=\"fusion-column-wrapper fusion-flex-column-wrapper-legacy\"><div class=\"fusion-text fusion-text-5\"><h2>\u00dcBER UNS<\/h2>\n<p>Der wichtige Bereich unserer Firma ist Einkauf und Verkauf der Gebrauchtwagen, vor allem die Fahrzeuge f\u00fcr Stra\u00dfeng\u00fcterverkehr. Die aktuellen Angebote sind zur Verf\u00fcgung in Sektion Gebrauchtwagen.<\/p>\n<p>Wir widmen die gro\u00dfe Aufmerksamkeit schon vom Anfang an der systematischen Entwicklung der Gesellschaft. Schnell wachsende Kundenzahl dient als Beweis der Verbreitung und Qualit\u00e4t der Dienstleistungen f\u00fcr unsere Handelspartner. Die Gesellschaft n\u00fctzt die modernen Kommunikationstechnologien aus, die viele Informationen enthalten und unseren Kunden schnell die hochwertigen Dienstleistungen beibringen k\u00f6nnen. Das Ziel unserer Arbeit ist die Dienstleistungen leisten, derer Ergebnis die Zufriedenheit unserer Kunden und unsere Zufriedenheit aus gut geleisteten Arbeit wird.<\/p>\n<p style=\"text-align: right; color: red !important; font-weight: bold;\"><a style=\"color: red !important;\" href=\"http:\/\/pinke.sk\/de\/unternehmen\/\">WEITER &gt;&gt;<\/a><\/p>\n<\/div><div class=\"fusion-clearfix\"><\/div><\/div><\/div><div class=\"fusion-layout-column fusion_builder_column fusion-builder-column-3 fusion_builder_column_1_3 1_3 fusion-one-third\" style=\"--awb-bg-size:cover;width:33.333333333333%;width:calc(33.333333333333% - ( ( 4% + 4% ) * 0.33333333333333 ) );margin-right: 4%;\"><div class=\"fusion-column-wrapper fusion-flex-column-wrapper-legacy\"><div class=\"fusion-image-element fusion-image-align-center in-legacy-container\" style=\"text-align:center;--awb-caption-title-font-family:var(--h2_typography-font-family);--awb-caption-title-font-weight:var(--h2_typography-font-weight);--awb-caption-title-font-style:var(--h2_typography-font-style);--awb-caption-title-size:var(--h2_typography-font-size);--awb-caption-title-transform:var(--h2_typography-text-transform);--awb-caption-title-line-height:var(--h2_typography-line-height);--awb-caption-title-letter-spacing:var(--h2_typography-letter-spacing);\"><div class=\"imageframe-align-center\"><span class=\" fusion-imageframe imageframe-none imageframe-4 hover-type-zoomin\"><img decoding=\"async\" width=\"360\" height=\"578\" alt=\"o nas\" title=\"o nas\" src=\"http:\/\/pinke.sk\/wp-content\/uploads\/2017\/07\/rolunk_01.jpg\" class=\"img-responsive wp-image-2171\" srcset=\"https:\/\/pinke.sk\/wp-content\/uploads\/2017\/07\/rolunk_01-200x321.jpg 200w, https:\/\/pinke.sk\/wp-content\/uploads\/2017\/07\/rolunk_01.jpg 360w\" sizes=\"(max-width: 800px) 100vw, 360px\" \/><\/span><\/div><\/div><div class=\"fusion-clearfix\"><\/div><\/div><\/div><div class=\"fusion-layout-column fusion_builder_column fusion-builder-column-4 fusion_builder_column_1_3 1_3 fusion-one-third fusion-column-last\" style=\"--awb-bg-size:cover;width:33.333333333333%;width:calc(33.333333333333% - ( ( 4% + 4% ) * 0.33333333333333 ) );\"><div class=\"fusion-column-wrapper fusion-flex-column-wrapper-legacy\"><div class=\"fusion-image-element fusion-image-align-center in-legacy-container\" style=\"text-align:center;--awb-caption-title-font-family:var(--h2_typography-font-family);--awb-caption-title-font-weight:var(--h2_typography-font-weight);--awb-caption-title-font-style:var(--h2_typography-font-style);--awb-caption-title-size:var(--h2_typography-font-size);--awb-caption-title-transform:var(--h2_typography-text-transform);--awb-caption-title-line-height:var(--h2_typography-line-height);--awb-caption-title-letter-spacing:var(--h2_typography-letter-spacing);\"><div class=\"imageframe-align-center\"><span class=\" fusion-imageframe imageframe-none imageframe-5 hover-type-zoomin\"><img decoding=\"async\" width=\"360\" height=\"578\" alt=\"nas truck\" title=\"nas truck\" src=\"http:\/\/pinke.sk\/wp-content\/uploads\/2017\/07\/rolunk_02.jpg\" class=\"img-responsive wp-image-2173\" srcset=\"https:\/\/pinke.sk\/wp-content\/uploads\/2017\/07\/rolunk_02-200x321.jpg 200w, https:\/\/pinke.sk\/wp-content\/uploads\/2017\/07\/rolunk_02.jpg 360w\" sizes=\"(max-width: 800px) 100vw, 360px\" \/><\/span><\/div><\/div><div class=\"fusion-clearfix\"><\/div><\/div><\/div><\/div><\/div><div class=\"fusion-fullwidth fullwidth-box fusion-builder-row-4 fusion-parallax-none nonhundred-percent-fullwidth non-hundred-percent-height-scrolling\" style=\"--awb-border-radius-top-left:0px;--awb-border-radius-top-right:0px;--awb-border-radius-bottom-right:0px;--awb-border-radius-bottom-left:0px;--awb-padding-top:80px;--awb-padding-bottom:80px;--awb-background-image:url(&quot;http:\/\/pinke.sk\/wp-content\/uploads\/2017\/07\/nez_korbe_bg.jpg&quot;);--awb-background-size:cover;--awb-flex-wrap:wrap;\" ><div class=\"fusion-builder-row fusion-row\"><div class=\"fusion-layout-column fusion_builder_column fusion-builder-column-5 fusion_builder_column_1_1 1_1 fusion-one-full fusion-column-first fusion-column-last\" style=\"--awb-bg-size:cover;\"><div class=\"fusion-column-wrapper fusion-flex-column-wrapper-legacy\"><div class=\"fusion-text fusion-text-6\"><div class=\"text-viewer\">\n<p style=\"text-align: center;\">TRUCK TRANS TRADE s.r.o.<\/p>\n<h2 style=\"text-align: center;\">Schauen Sie sich bei uns um!<\/h2>\n<p style=\"text-align: center;\">Ziehen Sie die Maus nach links und rechts<\/p>\n<\/div>\n<\/div><div class=\"fusion-tabs fusion-tabs-1 clean nav-not-justified horizontal-tabs icon-position-left mobile-mode-accordion\" style=\"--awb-title-border-radius-top-left:0px;--awb-title-border-radius-top-right:0px;--awb-title-border-radius-bottom-right:0px;--awb-title-border-radius-bottom-left:0px;--awb-inactive-color:rgba(234,0,0,0);--awb-background-color:rgba(255,255,255,0);--awb-border-color:rgba(235,234,234,0);--awb-active-border-color:#c80014;\"><div class=\"nav\"><ul class=\"nav-tabs\" role=\"tablist\"><li class=\"active\" role=\"presentation\"><a class=\"tab-link\" data-toggle=\"tab\" role=\"tab\" aria-controls=\"tab-6709b0d716c248e9fe3\" aria-selected=\"true\" id=\"fusion-tab-unsergeb\u00c4ude\" href=\"#tab-6709b0d716c248e9fe3\"><h4 class=\"fusion-tab-heading\">UNSER GEB\u00c4UDE<\/h4><\/a><\/li><li role=\"presentation\"><a class=\"tab-link\" data-toggle=\"tab\" role=\"tab\" aria-controls=\"tab-587bb345368e50c2869\" aria-selected=\"false\" tabindex=\"-1\" id=\"fusion-tab-service\" href=\"#tab-587bb345368e50c2869\"><h4 class=\"fusion-tab-heading\">SERVICE<\/h4><\/a><\/li><\/ul><\/div><div class=\"tab-content\"><div class=\"nav fusion-mobile-tab-nav\"><ul class=\"nav-tabs\" role=\"tablist\"><li class=\"active\" role=\"presentation\"><a class=\"tab-link\" data-toggle=\"tab\" role=\"tab\" aria-controls=\"tab-6709b0d716c248e9fe3\" aria-selected=\"true\" id=\"mobile-fusion-tab-unsergeb\u00c4ude\" href=\"#tab-6709b0d716c248e9fe3\"><h4 class=\"fusion-tab-heading\">UNSER GEB\u00c4UDE<\/h4><\/a><\/li><\/ul><\/div><div class=\"tab-pane fade fusion-clearfix in active\" role=\"tabpanel\" tabindex=\"0\" aria-labelledby=\"fusion-tab-unsergeb\u00c4ude\" id=\"tab-6709b0d716c248e9fe3\">\n<div class=\"panorama360\" style=\"height: 350px; margin-bottom: 20px;\"><div class=\"panorama-view\" data-sliding-direction=\"-1\" data-sliding-interval=\"20\"><div class=\"panorama-container\"><img decoding=\"async\" src=\"http:\/\/pinke.sk\/wp-content\/uploads\/2017\/08\/Panorama_big-m\u00e1solata.jpg\" data-width=\"3498\" data-height=\"507\" alt=\"\"><\/div><\/div><\/div>\n<\/div><div class=\"nav fusion-mobile-tab-nav\"><ul class=\"nav-tabs\" role=\"tablist\"><li role=\"presentation\"><a class=\"tab-link\" data-toggle=\"tab\" role=\"tab\" aria-controls=\"tab-587bb345368e50c2869\" aria-selected=\"false\" tabindex=\"-1\" id=\"mobile-fusion-tab-service\" href=\"#tab-587bb345368e50c2869\"><h4 class=\"fusion-tab-heading\">SERVICE<\/h4><\/a><\/li><\/ul><\/div><div class=\"tab-pane fade fusion-clearfix\" role=\"tabpanel\" tabindex=\"0\" aria-labelledby=\"fusion-tab-service\" id=\"tab-587bb345368e50c2869\">\n<div class=\"panorama360\" style=\"height: 350px; margin-bottom: 20px;\"><div class=\"panorama-view\" data-sliding-direction=\"-1\" data-sliding-interval=\"20\"><div class=\"panorama-container\"><img decoding=\"async\" src=\"http:\/\/pinke.sk\/wp-content\/uploads\/2017\/08\/Panorama2-1.jpg\" data-width=\"2990\" data-height=\"1002\" alt=\"\"><\/div><\/div><\/div>\n<\/div><\/div><\/div><div class=\"fusion-text fusion-text-7\"><div class=\"pano-top\"><\/div>\n<\/div><div class=\"fusion-clearfix\"><\/div><\/div><\/div><\/div><\/div><div class=\"fusion-fullwidth fullwidth-box fusion-builder-row-5 fusion-parallax-none nonhundred-percent-fullwidth non-hundred-percent-height-scrolling\" style=\"--awb-border-radius-top-left:0px;--awb-border-radius-top-right:0px;--awb-border-radius-bottom-right:0px;--awb-border-radius-bottom-left:0px;--awb-padding-top:80px;--awb-padding-bottom:80px;--awb-background-image:url(&quot;http:\/\/pinke.sk\/wp-content\/uploads\/2017\/07\/kerdese_van_bg.jpg&quot;);--awb-background-size:cover;--awb-flex-wrap:wrap;\" ><div class=\"fusion-builder-row fusion-row\"><div class=\"fusion-layout-column fusion_builder_column fusion-builder-column-6 fusion_builder_column_1_1 1_1 fusion-one-full fusion-column-first fusion-column-last\" style=\"--awb-bg-size:cover;\"><div class=\"fusion-column-wrapper fusion-flex-column-wrapper-legacy\"><div class=\"fusion-text fusion-text-8\"><div class=\"pano-bottom\"><\/div>\n<\/div><div class=\"fusion-text fusion-text-9\"><div class=\"text-contact\">\n<p style=\"text-align: center;\">TRUCK TRANS TRADE s.r.o.<\/p>\n<h2 style=\"text-align: center;\">HABEN SIE EINE FRAGE?<\/h2>\n<p class=\"text-contact-sub\" style=\"text-align: center;\">Wenn Sie Fragen haben, z\u00f6gern Sie nicht, uns zu kontaktieren.<br \/>\nStellen Sie Ihre Fragen und wir antworten kurzfristig auf Ihre E-Mail-Adresse<\/p>\n<\/div>\n<\/div><div class=\"fusion-text fusion-text-10\"><div role=\"form\" class=\"wpcf7\" id=\"wpcf7-f369-o1\" lang=\"sk-SK\" dir=\"ltr\">\n<div class=\"screen-reader-response\"><\/div>\n<form action=\"\/de\/wp-json\/wp\/v2\/pages\/297#wpcf7-f369-o1\" method=\"post\" class=\"wpcf7-form\" novalidate=\"novalidate\">\n<div style=\"display: none;\">\n<input type=\"hidden\" name=\"_wpcf7\" value=\"369\" \/>\n<input type=\"hidden\" name=\"_wpcf7_version\" value=\"4.8.1\" \/>\n<input type=\"hidden\" name=\"_wpcf7_locale\" value=\"sk_SK\" \/>\n<input type=\"hidden\" name=\"_wpcf7_unit_tag\" value=\"wpcf7-f369-o1\" \/>\n<input type=\"hidden\" name=\"_wpcf7_container_post\" value=\"0\" \/>\n<input type=\"hidden\" name=\"_wpcf7_nonce\" value=\"646c7c04cf\" \/>\n<\/div>\n<div class=\"contact-form\">\n<div class=\"fusion-layout-column fusion_builder_column fusion_builder_column_1_3 fusion-one-third 1_3 select\">\n<div class=\"fusion-column-wrapper\">\n      <label> Name<br \/>\n        <span class=\"wpcf7-form-control-wrap your-name\"><input type=\"text\" name=\"your-name\" value=\"\" size=\"40\" class=\"wpcf7-form-control wpcf7-text wpcf7-validates-as-required\" aria-required=\"true\" aria-invalid=\"false\" \/><\/span> <\/label>\n    <\/div>\n<\/p><\/div>\n<div class=\"fusion-layout-column fusion_builder_column fusion_builder_column_1_3 fusion-one-third 1_3 select\">\n<div class=\"fusion-column-wrapper\">\n      <label> E-mail<br \/>\n        <span class=\"wpcf7-form-control-wrap your-email\"><input type=\"email\" name=\"your-email\" value=\"\" size=\"40\" class=\"wpcf7-form-control wpcf7-text wpcf7-email wpcf7-validates-as-required wpcf7-validates-as-email\" aria-required=\"true\" aria-invalid=\"false\" \/><\/span> <\/label>\n    <\/div>\n<\/p><\/div>\n<div class=\"fusion-layout-column fusion_builder_column fusion_builder_column_1_3 fusion-one-third 1_3 select\">\n<div class=\"fusion-column-wrapper\">\n      <label> Telefon<br \/>\n        <span class=\"wpcf7-form-control-wrap phone-num\"><input type=\"text\" name=\"phone-num\" value=\"\" size=\"40\" class=\"wpcf7-form-control wpcf7-text\" aria-invalid=\"false\" \/><\/span> <\/label>\n    <\/div>\n<\/p><\/div>\n<div class=\"fusion-column-wrapper\">\n    <label> Nachricht<br \/>\n      <span class=\"wpcf7-form-control-wrap your-message\"><textarea name=\"your-message\" cols=\"40\" rows=\"10\" class=\"wpcf7-form-control wpcf7-textarea\" aria-invalid=\"false\"><\/textarea><\/span> <\/label>\n  <\/div>\n<div class=\"fusion-column-wrapper\"> <input type=\"submit\" value=\"Einreichen\" class=\"wpcf7-form-control wpcf7-submit\" \/> <\/div>\n<\/div>\n<div class=\"fusion-alert alert custom alert-custom fusion-alert-center wpcf7-response-output wpcf7-display-none awb-alert-native-link-color alert-dismissable awb-alert-close-boxed\" style=\"--awb-border-size:1px;--awb-border-top-left-radius:0px;--awb-border-top-right-radius:0px;--awb-border-bottom-left-radius:0px;--awb-border-bottom-right-radius:0px;\" role=\"alert\"><div class=\"fusion-alert-content-wrapper\"><span class=\"fusion-alert-content\"><\/span><\/div><button type=\"button\" class=\"close toggle-alert\" data-dismiss=\"alert\" aria-label=\"Close\">&times;<\/button><\/div><\/form><\/div>\n<\/div><div class=\"fusion-clearfix\"><\/div><\/div><\/div><\/div><\/div><\/p>\n","protected":false},"excerpt":{"rendered":"","protected":false},"author":2,"featured_media":0,"parent":0,"menu_order":0,"comment_status":"closed","ping_status":"closed","template":"100-width.php","meta":{"footnotes":""},"class_list":["post-297","page","type-page","status-publish","hentry"],"_links":{"self":[{"href":"https:\/\/pinke.sk\/de\/wp-json\/wp\/v2\/pages\/297","targetHints":{"allow":["GET"]}}],"collection":[{"href":"https:\/\/pinke.sk\/de\/wp-json\/wp\/v2\/pages"}],"about":[{"href":"https:\/\/pinke.sk\/de\/wp-json\/wp\/v2\/types\/page"}],"author":[{"embeddable":true,"href":"https:\/\/pinke.sk\/de\/wp-json\/wp\/v2\/users\/2"}],"replies":[{"embeddable":true,"href":"https:\/\/pinke.sk\/de\/wp-json\/wp\/v2\/comments?post=297"}],"version-history":[{"count":10,"href":"https:\/\/pinke.sk\/de\/wp-json\/wp\/v2\/pages\/297\/revisions"}],"predecessor-version":[{"id":482,"href":"https:\/\/pinke.sk\/de\/wp-json\/wp\/v2\/pages\/297\/revisions\/482"}],"wp:attachment":[{"href":"https:\/\/pinke.sk\/de\/wp-json\/wp\/v2\/media?parent=297"}],"curies":[{"name":"wp","href":"https:\/\/api.w.org\/{rel}","templated":true}]}}