{"id":301,"date":"2017-08-21T15:20:01","date_gmt":"2017-08-21T13:20:01","guid":{"rendered":"http:\/\/pinke.gartproject.com\/?page_id=301&#038;lang=de"},"modified":"2017-08-23T08:23:15","modified_gmt":"2017-08-23T06:23:15","slug":"unternehmen","status":"publish","type":"page","link":"https:\/\/pinke.sk\/de\/unternehmen\/","title":{"rendered":"Unternehmen"},"content":{"rendered":"<p><div class=\"fusion-fullwidth fullwidth-box fusion-builder-row-1 nonhundred-percent-fullwidth non-hundred-percent-height-scrolling\" style=\"--awb-border-radius-top-left:0px;--awb-border-radius-top-right:0px;--awb-border-radius-bottom-right:0px;--awb-border-radius-bottom-left:0px;--awb-padding-top:80px;--awb-padding-bottom:40px;--awb-flex-wrap:wrap;\" ><div class=\"fusion-builder-row fusion-row\"><div class=\"fusion-layout-column fusion_builder_column fusion-builder-column-0 fusion_builder_column_1_1 1_1 fusion-one-full fusion-column-first fusion-column-last\" style=\"--awb-bg-size:cover;\"><div class=\"fusion-column-wrapper fusion-flex-column-wrapper-legacy\"><div class=\"fusion-text fusion-text-1\"><h2 style=\"text-align: center;\">UNTERNEHMEN<\/h2>\n<div class=\"about-us-txt\">\n<p style=\"text-align: center;\">Die Gesellschaft Truck Trans Trade \u2014 Pinke Robert wirkt erfolgreich im Bereich des internationalen<\/p>\n<p style=\"text-align: center;\">Lastkraftwagenverkehrs und der Spedition seit dem Jahr 1996. W\u00e4hrend dieser Zeit hat sich das Materiell- technische und<\/p>\n<p style=\"text-align: center;\">Personalgebiet verbreitet. Unsere Firma hat im Jahre 2002 den Wirkungsbereich um Lastwagenservice erweitert,<\/p>\n<p style=\"text-align: center;\">in dem unsere Fahrzeuge im besten Zustand erhalten sind.<\/p>\n<\/div>\n<\/div><div class=\"fusion-clearfix\"><\/div><\/div><\/div><\/div><\/div><div class=\"fusion-fullwidth fullwidth-box fusion-builder-row-2 nonhundred-percent-fullwidth non-hundred-percent-height-scrolling\" style=\"--awb-border-radius-top-left:0px;--awb-border-radius-top-right:0px;--awb-border-radius-bottom-right:0px;--awb-border-radius-bottom-left:0px;--awb-padding-top:20px;--awb-padding-bottom:20px;--awb-flex-wrap:wrap;\" ><div class=\"fusion-builder-row fusion-row\"><div class=\"fusion-layout-column fusion_builder_column fusion-builder-column-1 fusion_builder_column_3_4 3_4 fusion-three-fourth fusion-column-first\" style=\"--awb-bg-size:cover;width:75%;width:calc(75% - ( ( 4% ) * 0.75 ) );margin-right: 4%;\"><div class=\"fusion-column-wrapper fusion-flex-column-wrapper-legacy\"><div class=\"fusion-text fusion-text-2\"><p>Der wichtige Bereich unserer Firma ist Einkauf und Verkauf der Gebrauchtwagen, vor allem die Fahrzeuge f\u00fcr Stra\u00dfeng\u00fcterverkehr. Die aktuellen Angebote sind zur Verf\u00fcgung in Sektion Gebrauchtwagen.<\/p>\n<p>Wir widmen die gro\u00dfe Aufmerksamkeit schon vom Anfang an der systematischen Entwicklung der Gesellschaft. Schnell wachsende Kundenzahl dient als Beweis der Verbreitung und Qualit\u00e4t der Dienstleistungen f\u00fcr unsere Handelspartner. Die Gesellschaft n\u00fctzt die modernen Kommunikationstechnologien aus, die viele Informationen enthalten und unseren Kunden schnell die hochwertigen Dienstleistungen beibringen k\u00f6nnen. Das Ziel unserer Arbeit ist die Dienstleistungen leisten, derer Ergebnis die Zufriedenheit unserer Kunden und unsere Zufriedenheit aus gut geleisteten Arbeit wird.<\/p>\n<p><img decoding=\"async\" class=\"size-full wp-image-34 alignright\" src=\"http:\/\/pinke.sk\/wp-content\/uploads\/2017\/07\/cert2.png\" alt=\"\" width=\"397\" height=\"68\" srcset=\"https:\/\/pinke.sk\/wp-content\/uploads\/2017\/07\/cert2-200x34.png 200w, https:\/\/pinke.sk\/wp-content\/uploads\/2017\/07\/cert2-300x51.png 300w, https:\/\/pinke.sk\/wp-content\/uploads\/2017\/07\/cert2.png 397w\" sizes=\"(max-width: 397px) 100vw, 397px\" \/><\/p>\n<p>Unsere Gesellschaft \u00fcbersiedelte im Jahre 2007 in den neuen R\u00e4umen, wo wir unseren Kunden vollst\u00e4ndige, aber vor allem hochwertige Dienstleitungen erbringen. Strategisch hat unsere Firma das klare Vorhaben, wo alle progressive Elemente eines dynamichen Wachstums der Firma sind.<\/p>\n<p>F\u00fcr uns ist sehr wichtig die entsprechende Auswahl der Mitarbeiter und ihre regelm\u00e4\u00dfige Ausbildung, und das hilft uns die Qualit\u00e4t unserer Dienstleistungen f\u00fcr den Kunden verbessern. Wir wissen, ohne Aufstiegfortbildung ist die weitere Entwicklung unserer Gesellschaft nicht m\u00f6glich.<\/p>\n<p>Die Gesellschaft wurde ins Handelsregister der Bezirkshauptmannschaft Nov\u00e9 Z\u00e1mky eingetragen, Evidenz-Nr.: \u017do &#8211; 95\/751, Regist.-Nr: 749\/95.<\/p>\n<\/div><div class=\"fusion-clearfix\"><\/div><\/div><\/div><div class=\"fusion-layout-column fusion_builder_column fusion-builder-column-2 fusion_builder_column_1_4 1_4 fusion-one-fourth fusion-column-last\" style=\"--awb-bg-size:cover;width:25%;width:calc(25% - ( ( 4% ) * 0.25 ) );\"><div class=\"fusion-column-wrapper fusion-flex-column-wrapper-legacy\"><div class=\"fusion-sep-clear\"><\/div><div class=\"fusion-separator fusion-full-width-sep\" style=\"margin-left: auto;margin-right: auto;margin-top:25px;margin-bottom:5px;width:100%;\"><\/div><div class=\"fusion-sep-clear\"><\/div><div class=\"fusion-image-element fusion-image-align-center in-legacy-container\" style=\"text-align:center;--awb-caption-title-font-family:var(--h2_typography-font-family);--awb-caption-title-font-weight:var(--h2_typography-font-weight);--awb-caption-title-font-style:var(--h2_typography-font-style);--awb-caption-title-size:var(--h2_typography-font-size);--awb-caption-title-transform:var(--h2_typography-text-transform);--awb-caption-title-line-height:var(--h2_typography-line-height);--awb-caption-title-letter-spacing:var(--h2_typography-letter-spacing);\"><div class=\"imageframe-align-center\"><span class=\" fusion-imageframe imageframe-none imageframe-1 hover-type-zoomin\"><img decoding=\"async\" width=\"360\" height=\"578\" alt=\"o nas\" title=\"o nas\" src=\"http:\/\/pinke.sk\/wp-content\/uploads\/2017\/07\/rolunk_01.jpg\" class=\"img-responsive wp-image-2171\" srcset=\"https:\/\/pinke.sk\/wp-content\/uploads\/2017\/07\/rolunk_01-200x321.jpg 200w, https:\/\/pinke.sk\/wp-content\/uploads\/2017\/07\/rolunk_01.jpg 360w\" sizes=\"(max-width: 800px) 100vw, 360px\" \/><\/span><\/div><\/div><div class=\"fusion-clearfix\"><\/div><\/div><\/div><\/div><\/div><div class=\"fusion-fullwidth fullwidth-box fusion-builder-row-3 nonhundred-percent-fullwidth non-hundred-percent-height-scrolling\" style=\"--awb-border-radius-top-left:0px;--awb-border-radius-top-right:0px;--awb-border-radius-bottom-right:0px;--awb-border-radius-bottom-left:0px;--awb-padding-top:20px;--awb-padding-bottom:80px;--awb-flex-wrap:wrap;\" ><div class=\"fusion-builder-row fusion-row\"><div class=\"fusion-layout-column fusion_builder_column fusion-builder-column-3 fusion_builder_column_1_1 1_1 fusion-one-full fusion-column-first fusion-column-last\" style=\"--awb-bg-size:cover;\"><div class=\"fusion-column-wrapper fusion-flex-column-wrapper-legacy\"><div class=\"fusion-text fusion-text-3\"><h2 style=\"text-align: center;\">UNSERE FOTOS<\/h2>\n<div class=\"about-us-txt\"><\/div>\n<\/div><div class=\"fusion-sep-clear\"><\/div><div class=\"fusion-separator fusion-full-width-sep\" style=\"margin-left: auto;margin-right: auto;margin-top:10px;margin-bottom:10px;width:100%;\"><\/div><div class=\"fusion-sep-clear\"><\/div><div class=\"fusion-text fusion-text-4\">\n\t\t<style type=\"text\/css\">\n\t\t\t#gallery-1 {\n\t\t\t\tmargin: auto;\n\t\t\t}\n\t\t\t#gallery-1 .gallery-item {\n\t\t\t\tfloat: left;\n\t\t\t\tmargin-top: 10px;\n\t\t\t\ttext-align: center;\n\t\t\t\twidth: 33%;\n\t\t\t}\n\t\t\t#gallery-1 img {\n\t\t\t\tborder: 2px solid #cfcfcf;\n\t\t\t}\n\t\t\t#gallery-1 .gallery-caption {\n\t\t\t\tmargin-left: 0;\n\t\t\t}\n\t\t\t\/* see gallery_shortcode() in wp-includes\/media.php *\/\n\t\t<\/style>\n\t\t<div id='gallery-1' class='gallery galleryid-301 gallery-columns-3 gallery-size-medium'><dl class='gallery-item'>\n\t\t\t<dt class='gallery-icon landscape'>\n\t\t\t\t<a data-rel=\"iLightbox[postimages]\" data-title=\"TTT Trans office\" data-caption=\"\" href='https:\/\/pinke.sk\/wp-content\/uploads\/2017\/08\/001.jpg'><img decoding=\"async\" width=\"300\" height=\"200\" src=\"https:\/\/pinke.sk\/wp-content\/uploads\/2017\/08\/001-300x200.jpg\" class=\"attachment-medium size-medium\" alt=\"TTT Trans office\" srcset=\"https:\/\/pinke.sk\/wp-content\/uploads\/2017\/08\/001-200x133.jpg 200w, https:\/\/pinke.sk\/wp-content\/uploads\/2017\/08\/001-300x200.jpg 300w, https:\/\/pinke.sk\/wp-content\/uploads\/2017\/08\/001-400x267.jpg 400w, https:\/\/pinke.sk\/wp-content\/uploads\/2017\/08\/001-600x400.jpg 600w, https:\/\/pinke.sk\/wp-content\/uploads\/2017\/08\/001-768x513.jpg 768w, https:\/\/pinke.sk\/wp-content\/uploads\/2017\/08\/001-800x534.jpg 800w, https:\/\/pinke.sk\/wp-content\/uploads\/2017\/08\/001-1024x683.jpg 1024w, https:\/\/pinke.sk\/wp-content\/uploads\/2017\/08\/001-1200x801.jpg 1200w, https:\/\/pinke.sk\/wp-content\/uploads\/2017\/08\/001.jpg 1500w\" sizes=\"(max-width: 300px) 100vw, 300px\" \/><\/a>\n\t\t\t<\/dt><\/dl><dl class='gallery-item'>\n\t\t\t<dt class='gallery-icon landscape'>\n\t\t\t\t<a data-rel=\"iLightbox[postimages]\" data-title=\"TTT Trans red office\" data-caption=\"\" href='https:\/\/pinke.sk\/wp-content\/uploads\/2017\/08\/002.jpg'><img decoding=\"async\" width=\"300\" height=\"200\" src=\"https:\/\/pinke.sk\/wp-content\/uploads\/2017\/08\/002-300x200.jpg\" class=\"attachment-medium size-medium\" alt=\"TTT Trans red office\" srcset=\"https:\/\/pinke.sk\/wp-content\/uploads\/2017\/08\/002-200x133.jpg 200w, https:\/\/pinke.sk\/wp-content\/uploads\/2017\/08\/002-300x200.jpg 300w, https:\/\/pinke.sk\/wp-content\/uploads\/2017\/08\/002-400x267.jpg 400w, https:\/\/pinke.sk\/wp-content\/uploads\/2017\/08\/002-600x400.jpg 600w, https:\/\/pinke.sk\/wp-content\/uploads\/2017\/08\/002-768x513.jpg 768w, https:\/\/pinke.sk\/wp-content\/uploads\/2017\/08\/002-800x534.jpg 800w, https:\/\/pinke.sk\/wp-content\/uploads\/2017\/08\/002-1024x683.jpg 1024w, https:\/\/pinke.sk\/wp-content\/uploads\/2017\/08\/002-1200x801.jpg 1200w, https:\/\/pinke.sk\/wp-content\/uploads\/2017\/08\/002.jpg 1500w\" sizes=\"(max-width: 300px) 100vw, 300px\" \/><\/a>\n\t\t\t<\/dt><\/dl><dl class='gallery-item'>\n\t\t\t<dt class='gallery-icon landscape'>\n\t\t\t\t<a data-rel=\"iLightbox[postimages]\" data-title=\"TTT Trans red office 2\" data-caption=\"\" href='https:\/\/pinke.sk\/wp-content\/uploads\/2017\/08\/003.jpg'><img decoding=\"async\" width=\"300\" height=\"200\" src=\"https:\/\/pinke.sk\/wp-content\/uploads\/2017\/08\/003-300x200.jpg\" class=\"attachment-medium size-medium\" alt=\"TTT Trans red office 2\" srcset=\"https:\/\/pinke.sk\/wp-content\/uploads\/2017\/08\/003-200x133.jpg 200w, https:\/\/pinke.sk\/wp-content\/uploads\/2017\/08\/003-300x200.jpg 300w, https:\/\/pinke.sk\/wp-content\/uploads\/2017\/08\/003-400x267.jpg 400w, https:\/\/pinke.sk\/wp-content\/uploads\/2017\/08\/003-600x400.jpg 600w, https:\/\/pinke.sk\/wp-content\/uploads\/2017\/08\/003-768x513.jpg 768w, https:\/\/pinke.sk\/wp-content\/uploads\/2017\/08\/003-800x534.jpg 800w, https:\/\/pinke.sk\/wp-content\/uploads\/2017\/08\/003-1024x683.jpg 1024w, https:\/\/pinke.sk\/wp-content\/uploads\/2017\/08\/003-1200x801.jpg 1200w, https:\/\/pinke.sk\/wp-content\/uploads\/2017\/08\/003.jpg 1500w\" sizes=\"(max-width: 300px) 100vw, 300px\" \/><\/a>\n\t\t\t<\/dt><\/dl><br style=\"clear: both\" \/><dl class='gallery-item'>\n\t\t\t<dt class='gallery-icon landscape'>\n\t\t\t\t<a data-rel=\"iLightbox[postimages]\" data-title=\"TTT Trans red office 3\" data-caption=\"\" href='https:\/\/pinke.sk\/wp-content\/uploads\/2017\/08\/004.jpg'><img decoding=\"async\" width=\"300\" height=\"200\" src=\"https:\/\/pinke.sk\/wp-content\/uploads\/2017\/08\/004-300x200.jpg\" class=\"attachment-medium size-medium\" alt=\"TTT Trans red office 3\" srcset=\"https:\/\/pinke.sk\/wp-content\/uploads\/2017\/08\/004-200x133.jpg 200w, https:\/\/pinke.sk\/wp-content\/uploads\/2017\/08\/004-300x200.jpg 300w, https:\/\/pinke.sk\/wp-content\/uploads\/2017\/08\/004-400x267.jpg 400w, https:\/\/pinke.sk\/wp-content\/uploads\/2017\/08\/004-600x400.jpg 600w, https:\/\/pinke.sk\/wp-content\/uploads\/2017\/08\/004-768x513.jpg 768w, https:\/\/pinke.sk\/wp-content\/uploads\/2017\/08\/004-800x534.jpg 800w, https:\/\/pinke.sk\/wp-content\/uploads\/2017\/08\/004-1024x683.jpg 1024w, https:\/\/pinke.sk\/wp-content\/uploads\/2017\/08\/004-1200x801.jpg 1200w, https:\/\/pinke.sk\/wp-content\/uploads\/2017\/08\/004.jpg 1500w\" sizes=\"(max-width: 300px) 100vw, 300px\" \/><\/a>\n\t\t\t<\/dt><\/dl><dl class='gallery-item'>\n\t\t\t<dt class='gallery-icon landscape'>\n\t\t\t\t<a data-rel=\"iLightbox[postimages]\" data-title=\"TTT Trans red office 4\" data-caption=\"\" href='https:\/\/pinke.sk\/wp-content\/uploads\/2017\/08\/005.jpg'><img decoding=\"async\" width=\"300\" height=\"200\" src=\"https:\/\/pinke.sk\/wp-content\/uploads\/2017\/08\/005-300x200.jpg\" class=\"attachment-medium size-medium\" alt=\"TTT Trans red office 4\" srcset=\"https:\/\/pinke.sk\/wp-content\/uploads\/2017\/08\/005-200x133.jpg 200w, https:\/\/pinke.sk\/wp-content\/uploads\/2017\/08\/005-300x200.jpg 300w, https:\/\/pinke.sk\/wp-content\/uploads\/2017\/08\/005-400x267.jpg 400w, https:\/\/pinke.sk\/wp-content\/uploads\/2017\/08\/005-600x400.jpg 600w, https:\/\/pinke.sk\/wp-content\/uploads\/2017\/08\/005-768x513.jpg 768w, https:\/\/pinke.sk\/wp-content\/uploads\/2017\/08\/005-800x534.jpg 800w, https:\/\/pinke.sk\/wp-content\/uploads\/2017\/08\/005-1024x683.jpg 1024w, https:\/\/pinke.sk\/wp-content\/uploads\/2017\/08\/005-1200x801.jpg 1200w, https:\/\/pinke.sk\/wp-content\/uploads\/2017\/08\/005.jpg 1500w\" sizes=\"(max-width: 300px) 100vw, 300px\" \/><\/a>\n\t\t\t<\/dt><\/dl><dl class='gallery-item'>\n\t\t\t<dt class='gallery-icon landscape'>\n\t\t\t\t<a data-rel=\"iLightbox[postimages]\" data-title=\"Trucks\" data-caption=\"\" href='https:\/\/pinke.sk\/wp-content\/uploads\/2017\/08\/006.jpg'><img decoding=\"async\" width=\"300\" height=\"200\" src=\"https:\/\/pinke.sk\/wp-content\/uploads\/2017\/08\/006-300x200.jpg\" class=\"attachment-medium size-medium\" alt=\"Trucks\" srcset=\"https:\/\/pinke.sk\/wp-content\/uploads\/2017\/08\/006-200x133.jpg 200w, https:\/\/pinke.sk\/wp-content\/uploads\/2017\/08\/006-300x200.jpg 300w, https:\/\/pinke.sk\/wp-content\/uploads\/2017\/08\/006-400x267.jpg 400w, https:\/\/pinke.sk\/wp-content\/uploads\/2017\/08\/006-600x400.jpg 600w, https:\/\/pinke.sk\/wp-content\/uploads\/2017\/08\/006-768x513.jpg 768w, https:\/\/pinke.sk\/wp-content\/uploads\/2017\/08\/006-800x534.jpg 800w, https:\/\/pinke.sk\/wp-content\/uploads\/2017\/08\/006-1024x683.jpg 1024w, https:\/\/pinke.sk\/wp-content\/uploads\/2017\/08\/006-1200x801.jpg 1200w, https:\/\/pinke.sk\/wp-content\/uploads\/2017\/08\/006.jpg 1500w\" sizes=\"(max-width: 300px) 100vw, 300px\" \/><\/a>\n\t\t\t<\/dt><\/dl><br style=\"clear: both\" \/>\n\t\t<\/div>\n\n<\/div><div class=\"fusion-clearfix\"><\/div><\/div><\/div><\/div><\/div><div class=\"fusion-fullwidth fullwidth-box fusion-builder-row-4 fusion-parallax-none nonhundred-percent-fullwidth non-hundred-percent-height-scrolling\" style=\"--awb-border-radius-top-left:0px;--awb-border-radius-top-right:0px;--awb-border-radius-bottom-right:0px;--awb-border-radius-bottom-left:0px;--awb-padding-top:80px;--awb-padding-bottom:80px;--awb-background-image:url(&quot;http:\/\/pinke.sk\/wp-content\/uploads\/2017\/07\/nez_korbe_bg.jpg&quot;);--awb-background-size:cover;--awb-flex-wrap:wrap;\" ><div class=\"fusion-builder-row fusion-row\"><div class=\"fusion-layout-column fusion_builder_column fusion-builder-column-4 fusion_builder_column_1_1 1_1 fusion-one-full fusion-column-first fusion-column-last\" style=\"--awb-bg-size:cover;\"><div class=\"fusion-column-wrapper fusion-flex-column-wrapper-legacy\"><div class=\"fusion-text fusion-text-5\"><div class=\"text-viewer\">\n<p style=\"text-align: center;\">Truck &#8211; Trans &#8211; Trade<\/p>\n<h2 style=\"text-align: center;\">Schauen Sie sich bei uns um!<\/h2>\n<p style=\"text-align: center;\">Ziehen Sie die Maus nach links und rechts<\/p>\n<\/div>\n<\/div><div class=\"fusion-tabs fusion-tabs-1 clean nav-not-justified horizontal-tabs icon-position-left mobile-mode-accordion\" style=\"--awb-title-border-radius-top-left:0px;--awb-title-border-radius-top-right:0px;--awb-title-border-radius-bottom-right:0px;--awb-title-border-radius-bottom-left:0px;--awb-inactive-color:rgba(234,0,0,0);--awb-background-color:rgba(255,255,255,0);--awb-border-color:rgba(235,234,234,0);--awb-active-border-color:#c80014;\"><div class=\"nav\"><ul class=\"nav-tabs\" role=\"tablist\"><li class=\"active\" role=\"presentation\"><a class=\"tab-link\" data-toggle=\"tab\" role=\"tab\" aria-controls=\"tab-d43cbe60ea880b1f601\" aria-selected=\"true\" id=\"fusion-tab-unsergeb\u00c4ude\" href=\"#tab-d43cbe60ea880b1f601\"><h4 class=\"fusion-tab-heading\">UNSER GEB\u00c4UDE<\/h4><\/a><\/li><li role=\"presentation\"><a class=\"tab-link\" data-toggle=\"tab\" role=\"tab\" aria-controls=\"tab-6e41481d5b0fb00e877\" aria-selected=\"false\" tabindex=\"-1\" id=\"fusion-tab-service\" href=\"#tab-6e41481d5b0fb00e877\"><h4 class=\"fusion-tab-heading\">SERVICE<\/h4><\/a><\/li><\/ul><\/div><div class=\"tab-content\"><div class=\"nav fusion-mobile-tab-nav\"><ul class=\"nav-tabs\" role=\"tablist\"><li class=\"active\" role=\"presentation\"><a class=\"tab-link\" data-toggle=\"tab\" role=\"tab\" aria-controls=\"tab-d43cbe60ea880b1f601\" aria-selected=\"true\" id=\"mobile-fusion-tab-unsergeb\u00c4ude\" href=\"#tab-d43cbe60ea880b1f601\"><h4 class=\"fusion-tab-heading\">UNSER GEB\u00c4UDE<\/h4><\/a><\/li><\/ul><\/div><div class=\"tab-pane fade fusion-clearfix in active\" role=\"tabpanel\" tabindex=\"0\" aria-labelledby=\"fusion-tab-unsergeb\u00c4ude\" id=\"tab-d43cbe60ea880b1f601\">\n<div class=\"panorama360\" style=\"height: 350px; margin-bottom: 20px;\"><div class=\"panorama-view\" data-sliding-direction=\"-1\" data-sliding-interval=\"20\"><div class=\"panorama-container\"><img decoding=\"async\" src=\"http:\/\/pinke.sk\/wp-content\/uploads\/2017\/08\/Panorama_big-m\u00e1solata.jpg\" data-width=\"3498\" data-height=\"507\" alt=\"\"><\/div><\/div><\/div>\n<\/div><div class=\"nav fusion-mobile-tab-nav\"><ul class=\"nav-tabs\" role=\"tablist\"><li role=\"presentation\"><a class=\"tab-link\" data-toggle=\"tab\" role=\"tab\" aria-controls=\"tab-6e41481d5b0fb00e877\" aria-selected=\"false\" tabindex=\"-1\" id=\"mobile-fusion-tab-service\" href=\"#tab-6e41481d5b0fb00e877\"><h4 class=\"fusion-tab-heading\">SERVICE<\/h4><\/a><\/li><\/ul><\/div><div class=\"tab-pane fade fusion-clearfix\" role=\"tabpanel\" tabindex=\"0\" aria-labelledby=\"fusion-tab-service\" id=\"tab-6e41481d5b0fb00e877\">\n<div class=\"panorama360\" style=\"height: 350px; margin-bottom: 20px;\"><div class=\"panorama-view\" data-sliding-direction=\"-1\" data-sliding-interval=\"20\"><div class=\"panorama-container\"><img decoding=\"async\" src=\"http:\/\/pinke.sk\/wp-content\/uploads\/2017\/08\/Panorama2-1.jpg\" data-width=\"2990\" data-height=\"1002\" alt=\"\"><\/div><\/div><\/div>\n<\/div><\/div><\/div><div class=\"fusion-text fusion-text-6\"><div class=\"pano-top\"><\/div>\n<\/div><div class=\"fusion-clearfix\"><\/div><\/div><\/div><\/div><\/div><div class=\"fusion-fullwidth fullwidth-box fusion-builder-row-5 fusion-parallax-none nonhundred-percent-fullwidth non-hundred-percent-height-scrolling\" style=\"--awb-border-radius-top-left:0px;--awb-border-radius-top-right:0px;--awb-border-radius-bottom-right:0px;--awb-border-radius-bottom-left:0px;--awb-padding-top:80px;--awb-padding-bottom:80px;--awb-background-image:url(&quot;http:\/\/pinke.sk\/wp-content\/uploads\/2017\/07\/kerdese_van_bg.jpg&quot;);--awb-background-size:cover;--awb-flex-wrap:wrap;\" ><div class=\"fusion-builder-row fusion-row\"><div class=\"fusion-layout-column fusion_builder_column fusion-builder-column-5 fusion_builder_column_1_1 1_1 fusion-one-full fusion-column-first fusion-column-last\" style=\"--awb-bg-size:cover;\"><div class=\"fusion-column-wrapper fusion-flex-column-wrapper-legacy\"><div class=\"fusion-text fusion-text-7\"><div class=\"pano-bottom\"><\/div>\n<\/div><div class=\"fusion-text fusion-text-8\"><div class=\"text-contact\">\n<p style=\"text-align: center;\">Truck &#8211; Trans -Trade<\/p>\n<h2 style=\"text-align: center;\">HABEN SIE EINE FRAGE?<\/h2>\n<p class=\"text-contact-sub\" style=\"text-align: center;\">Wenn Sie Fragen haben, z\u00f6gern Sie nicht, uns zu kontaktieren.<br \/>\nStellen Sie Ihre Fragen und wir antworten kurzfristig auf Ihre E-Mail-Adresse<\/p>\n<\/div>\n<\/div><div class=\"fusion-text fusion-text-9\"><div role=\"form\" class=\"wpcf7\" id=\"wpcf7-f369-o1\" lang=\"sk-SK\" dir=\"ltr\">\n<div class=\"screen-reader-response\"><\/div>\n<form action=\"\/de\/wp-json\/wp\/v2\/pages\/301#wpcf7-f369-o1\" method=\"post\" class=\"wpcf7-form\" novalidate=\"novalidate\">\n<div style=\"display: none;\">\n<input type=\"hidden\" name=\"_wpcf7\" value=\"369\" \/>\n<input type=\"hidden\" name=\"_wpcf7_version\" value=\"4.8.1\" \/>\n<input type=\"hidden\" name=\"_wpcf7_locale\" value=\"sk_SK\" \/>\n<input type=\"hidden\" name=\"_wpcf7_unit_tag\" value=\"wpcf7-f369-o1\" \/>\n<input type=\"hidden\" name=\"_wpcf7_container_post\" value=\"0\" \/>\n<input type=\"hidden\" name=\"_wpcf7_nonce\" value=\"646c7c04cf\" \/>\n<\/div>\n<div class=\"contact-form\">\n<div class=\"fusion-layout-column fusion_builder_column fusion_builder_column_1_3 fusion-one-third 1_3 select\">\n<div class=\"fusion-column-wrapper\">\n      <label> Name<br \/>\n        <span class=\"wpcf7-form-control-wrap your-name\"><input type=\"text\" name=\"your-name\" value=\"\" size=\"40\" class=\"wpcf7-form-control wpcf7-text wpcf7-validates-as-required\" aria-required=\"true\" aria-invalid=\"false\" \/><\/span> <\/label>\n    <\/div>\n<\/p><\/div>\n<div class=\"fusion-layout-column fusion_builder_column fusion_builder_column_1_3 fusion-one-third 1_3 select\">\n<div class=\"fusion-column-wrapper\">\n      <label> E-mail<br \/>\n        <span class=\"wpcf7-form-control-wrap your-email\"><input type=\"email\" name=\"your-email\" value=\"\" size=\"40\" class=\"wpcf7-form-control wpcf7-text wpcf7-email wpcf7-validates-as-required wpcf7-validates-as-email\" aria-required=\"true\" aria-invalid=\"false\" \/><\/span> <\/label>\n    <\/div>\n<\/p><\/div>\n<div class=\"fusion-layout-column fusion_builder_column fusion_builder_column_1_3 fusion-one-third 1_3 select\">\n<div class=\"fusion-column-wrapper\">\n      <label> Telefon<br \/>\n        <span class=\"wpcf7-form-control-wrap phone-num\"><input type=\"text\" name=\"phone-num\" value=\"\" size=\"40\" class=\"wpcf7-form-control wpcf7-text\" aria-invalid=\"false\" \/><\/span> <\/label>\n    <\/div>\n<\/p><\/div>\n<div class=\"fusion-column-wrapper\">\n    <label> Nachricht<br \/>\n      <span class=\"wpcf7-form-control-wrap your-message\"><textarea name=\"your-message\" cols=\"40\" rows=\"10\" class=\"wpcf7-form-control wpcf7-textarea\" aria-invalid=\"false\"><\/textarea><\/span> <\/label>\n  <\/div>\n<div class=\"fusion-column-wrapper\"> <input type=\"submit\" value=\"Einreichen\" class=\"wpcf7-form-control wpcf7-submit\" \/> <\/div>\n<\/div>\n<div class=\"fusion-alert alert custom alert-custom fusion-alert-center wpcf7-response-output wpcf7-display-none awb-alert-native-link-color alert-dismissable awb-alert-close-boxed\" style=\"--awb-border-size:1px;--awb-border-top-left-radius:0px;--awb-border-top-right-radius:0px;--awb-border-bottom-left-radius:0px;--awb-border-bottom-right-radius:0px;\" role=\"alert\"><div class=\"fusion-alert-content-wrapper\"><span class=\"fusion-alert-content\"><\/span><\/div><button type=\"button\" class=\"close toggle-alert\" data-dismiss=\"alert\" aria-label=\"Close\">&times;<\/button><\/div><\/form><\/div>\n<\/div><div class=\"fusion-clearfix\"><\/div><\/div><\/div><\/div><\/div><\/p>\n","protected":false},"excerpt":{"rendered":"","protected":false},"author":2,"featured_media":0,"parent":0,"menu_order":0,"comment_status":"closed","ping_status":"closed","template":"100-width.php","meta":{"footnotes":""},"class_list":["post-301","page","type-page","status-publish","hentry"],"_links":{"self":[{"href":"https:\/\/pinke.sk\/de\/wp-json\/wp\/v2\/pages\/301","targetHints":{"allow":["GET"]}}],"collection":[{"href":"https:\/\/pinke.sk\/de\/wp-json\/wp\/v2\/pages"}],"about":[{"href":"https:\/\/pinke.sk\/de\/wp-json\/wp\/v2\/types\/page"}],"author":[{"embeddable":true,"href":"https:\/\/pinke.sk\/de\/wp-json\/wp\/v2\/users\/2"}],"replies":[{"embeddable":true,"href":"https:\/\/pinke.sk\/de\/wp-json\/wp\/v2\/comments?post=301"}],"version-history":[{"count":9,"href":"https:\/\/pinke.sk\/de\/wp-json\/wp\/v2\/pages\/301\/revisions"}],"predecessor-version":[{"id":377,"href":"https:\/\/pinke.sk\/de\/wp-json\/wp\/v2\/pages\/301\/revisions\/377"}],"wp:attachment":[{"href":"https:\/\/pinke.sk\/de\/wp-json\/wp\/v2\/media?parent=301"}],"curies":[{"name":"wp","href":"https:\/\/api.w.org\/{rel}","templated":true}]}}