{"id":313,"date":"2017-08-21T15:59:34","date_gmt":"2017-08-21T13:59:34","guid":{"rendered":"http:\/\/pinke.gartproject.com\/?page_id=313&#038;lang=de"},"modified":"2018-01-22T11:21:49","modified_gmt":"2018-01-22T10:21:49","slug":"spedition","status":"publish","type":"page","link":"https:\/\/pinke.sk\/de\/spedition\/","title":{"rendered":"Spedition"},"content":{"rendered":"<p><div class=\"fusion-fullwidth fullwidth-box fusion-builder-row-1 nonhundred-percent-fullwidth non-hundred-percent-height-scrolling\" style=\"--awb-border-radius-top-left:0px;--awb-border-radius-top-right:0px;--awb-border-radius-bottom-right:0px;--awb-border-radius-bottom-left:0px;--awb-padding-top:80px;--awb-padding-bottom:80px;--awb-flex-wrap:wrap;\" ><div class=\"fusion-builder-row fusion-row\"><div class=\"fusion-layout-column fusion_builder_column fusion-builder-column-0 fusion_builder_column_1_1 1_1 fusion-one-full fusion-column-first fusion-column-last\" style=\"--awb-bg-size:cover;\"><div class=\"fusion-column-wrapper fusion-flex-column-wrapper-legacy\"><div class=\"fusion-text fusion-text-1\"><h2 style=\"text-align: center;\">SPEDITION<\/h2>\n<div class=\"about-us-txt\">\n<p style=\"text-align: center;\">Wir halten f\u00fcr sehr wichtig die Qualit\u00e4t unserer Dienstleistungen und die Zufriedenheit unserer Kunden,<\/p>\n<p style=\"text-align: center;\">unter deren geh\u00f6ren mehrere Gesellschaften, die in Landwirtschaft, Hutten und Papierindustrie wirken.<\/p>\n<\/div>\n<\/div><div class=\"fusion-clearfix\"><\/div><\/div><\/div><\/div><\/div><div class=\"fusion-fullwidth fullwidth-box fusion-builder-row-2 nonhundred-percent-fullwidth non-hundred-percent-height-scrolling\" style=\"--awb-border-radius-top-left:0px;--awb-border-radius-top-right:0px;--awb-border-radius-bottom-right:0px;--awb-border-radius-bottom-left:0px;--awb-padding-top:20px;--awb-padding-bottom:20px;--awb-flex-wrap:wrap;\" ><div class=\"fusion-builder-row fusion-row\"><div class=\"fusion-layout-column fusion_builder_column fusion-builder-column-1 fusion_builder_column_1_2 1_2 fusion-one-half fusion-column-first\" style=\"--awb-bg-size:cover;width:50%;width:calc(50% - ( ( 4% ) * 0.5 ) );margin-right: 4%;\"><div class=\"fusion-column-wrapper fusion-flex-column-wrapper-legacy\"><div class=\"fusion-text fusion-text-2\"><p>F\u00fcr unsere Kunden haben wir eine neue Nonstop Dienstleistung errichtet, durch Handy k\u00f6nnen wir unsere Mitarbeiter auch au\u00dfer Arbeitszeit erreichen und die dringenden Lage l\u00f6sen. Im Falle, da\u00df wir eine M\u00f6glichkeit bekommen, wir \u00fcberzeugen Sie sehr gerne \u00fcber Qualit\u00e4t unserer Dienstleistungen aufgrund der langj\u00e4hrlichen Erfahrungen.<\/p>\n<p><img decoding=\"async\" class=\"size-full wp-image-33 alignleft\" src=\"http:\/\/pinke.sk\/wp-content\/uploads\/2017\/07\/cert1.png\" alt=\"certifikat\" width=\"102\" height=\"83\" \/>T\u00dcVDie Erfahrungen, die wir im internationalen Verkehr und Spedition zusammen mit einer hohen Qualit\u00e4t der Arbeit und der geleisteten Dienstleistungen erworben haben, erm\u00f6glichte uns erfolgreich das Qualit\u00e4tszertifikat nach Norm DIN EN ISO 9001:2000 erreichen.<\/p>\n<p>Wir sind immer im Kontakt mit unseren Kraftfahrer, durch Telefon und GPS Navigationsystem, damit k\u00f6nnen wir unsere Kunden \u00fcber einer aktuellen Position unserer Fahrzeuge informieren.<\/p>\n<\/div><div class=\"fusion-clearfix\"><\/div><\/div><\/div><div class=\"fusion-layout-column fusion_builder_column fusion-builder-column-2 fusion_builder_column_1_2 1_2 fusion-one-half fusion-column-last\" style=\"--awb-bg-size:cover;width:50%;width:calc(50% - ( ( 4% ) * 0.5 ) );\"><div class=\"fusion-column-wrapper fusion-flex-column-wrapper-legacy\"><div class=\"fusion-text fusion-text-3\"><h3 style=\"text-align: left;\"><strong>Documents<\/strong><\/h3>\n<\/div><ul style=\"--awb-size:20px;--awb-iconcolor:#0053d1;--awb-line-height:34px;--awb-icon-width:34px;--awb-icon-height:34px;--awb-icon-margin:14px;--awb-content-margin:48px;\" class=\"fusion-checklist fusion-checklist-1 fusion-checklist-default type-icons\"><li class=\"fusion-li-item\" style=\"\"><span class=\"icon-wrapper circle-no\"><i class=\"fusion-li-icon fa fa-file-text-o\" aria-hidden=\"true\"><\/i><\/span><div class=\"fusion-li-item-content\">\n<p><a href=\"http:\/\/pinke.sk\/wp-content\/uploads\/2017\/08\/cmr-Insurance-1.pdf\" target=\"_blank\" rel=\"noopener\">INSURENCE CERTIFICATE &#8211; Kooperativa<\/a><\/p>\n<\/div><\/li><li class=\"fusion-li-item\" style=\"\"><span class=\"icon-wrapper circle-no\"><i class=\"fusion-li-icon fa fa-file-text-o\" aria-hidden=\"true\"><\/i><\/span><div class=\"fusion-li-item-content\">\n<p><a href=\"http:\/\/pinke.sk\/wp-content\/uploads\/2017\/08\/eu-licencia.pdf\" target=\"_blank\" rel=\"noopener\">EU LICENCE<\/a><\/p>\n<\/div><\/li><li class=\"fusion-li-item\" style=\"\"><span class=\"icon-wrapper circle-no\"><i class=\"fusion-li-icon fa fa-file-text-o\" aria-hidden=\"true\"><\/i><\/span><div class=\"fusion-li-item-content\">\n<p><a href=\"http:\/\/pinke.sk\/wp-content\/uploads\/2017\/08\/osvedcenie-ico-a-dic.pdf\" target=\"_blank\" rel=\"noopener\">OSVEDCENIE I\u010cO A DI\u010c &#8211;\u00a0Business ID, Tax ID<\/a><\/p>\n<\/div><\/li><li class=\"fusion-li-item\" style=\"\"><span class=\"icon-wrapper circle-no\"><i class=\"fusion-li-icon fa fa-file-text-o\" aria-hidden=\"true\"><\/i><\/span><div class=\"fusion-li-item-content\"><a href=\"http:\/\/pinke.sk\/wp-content\/uploads\/2017\/08\/vypis-zo-zivnostenskeho-reg.pdf\" target=\"_blank\" rel=\"noopener\">V\u00ddPIS ZO \u017dIVNOSTENSK\u00c9HO REGISTRA &#8211;\u00a0Auszug aus dem Handelsregister<\/a><\/div><\/li><\/ul><div class=\"fusion-clearfix\"><\/div><\/div><\/div><\/div><\/div><div class=\"fusion-fullwidth fullwidth-box fusion-builder-row-3 nonhundred-percent-fullwidth non-hundred-percent-height-scrolling\" style=\"--awb-border-radius-top-left:0px;--awb-border-radius-top-right:0px;--awb-border-radius-bottom-right:0px;--awb-border-radius-bottom-left:0px;--awb-padding-top:80px;--awb-padding-bottom:80px;--awb-flex-wrap:wrap;\" ><div class=\"fusion-builder-row fusion-row\"><div class=\"fusion-layout-column fusion_builder_column fusion-builder-column-3 fusion_builder_column_1_1 1_1 fusion-one-full fusion-column-first fusion-column-last\" style=\"--awb-bg-size:cover;\"><div class=\"fusion-column-wrapper fusion-flex-column-wrapper-legacy\"><div class=\"fusion-text fusion-text-4\"><h2 style=\"text-align: center;\">UNSERE FOTOS<\/h2>\n<div class=\"about-us-txt\"><\/div>\n<\/div><div class=\"fusion-sep-clear\"><\/div><div class=\"fusion-separator fusion-full-width-sep\" style=\"margin-left: auto;margin-right: auto;margin-top:10px;margin-bottom:10px;width:100%;\"><\/div><div class=\"fusion-sep-clear\"><\/div><div class=\"fusion-text fusion-text-5\">\n\t\t<style type=\"text\/css\">\n\t\t\t#gallery-1 {\n\t\t\t\tmargin: auto;\n\t\t\t}\n\t\t\t#gallery-1 .gallery-item {\n\t\t\t\tfloat: left;\n\t\t\t\tmargin-top: 10px;\n\t\t\t\ttext-align: center;\n\t\t\t\twidth: 33%;\n\t\t\t}\n\t\t\t#gallery-1 img {\n\t\t\t\tborder: 2px solid #cfcfcf;\n\t\t\t}\n\t\t\t#gallery-1 .gallery-caption {\n\t\t\t\tmargin-left: 0;\n\t\t\t}\n\t\t\t\/* see gallery_shortcode() in wp-includes\/media.php *\/\n\t\t<\/style>\n\t\t<div id='gallery-1' class='gallery galleryid-313 gallery-columns-3 gallery-size-medium'><dl class='gallery-item'>\n\t\t\t<dt class='gallery-icon landscape'>\n\t\t\t\t<a data-rel=\"iLightbox[postimages]\" data-title=\"logo glass\" data-caption=\"\" href='https:\/\/pinke.sk\/wp-content\/uploads\/2017\/08\/006-1.jpg'><img decoding=\"async\" width=\"300\" height=\"200\" src=\"https:\/\/pinke.sk\/wp-content\/uploads\/2017\/08\/006-1-300x200.jpg\" class=\"attachment-medium size-medium\" alt=\"logo glass\" srcset=\"https:\/\/pinke.sk\/wp-content\/uploads\/2017\/08\/006-1-200x133.jpg 200w, https:\/\/pinke.sk\/wp-content\/uploads\/2017\/08\/006-1-300x200.jpg 300w, https:\/\/pinke.sk\/wp-content\/uploads\/2017\/08\/006-1-400x267.jpg 400w, https:\/\/pinke.sk\/wp-content\/uploads\/2017\/08\/006-1-600x400.jpg 600w, https:\/\/pinke.sk\/wp-content\/uploads\/2017\/08\/006-1-768x513.jpg 768w, https:\/\/pinke.sk\/wp-content\/uploads\/2017\/08\/006-1-800x534.jpg 800w, https:\/\/pinke.sk\/wp-content\/uploads\/2017\/08\/006-1-1024x683.jpg 1024w, https:\/\/pinke.sk\/wp-content\/uploads\/2017\/08\/006-1-1200x801.jpg 1200w, https:\/\/pinke.sk\/wp-content\/uploads\/2017\/08\/006-1.jpg 1500w\" sizes=\"(max-width: 300px) 100vw, 300px\" \/><\/a>\n\t\t\t<\/dt><\/dl><dl class='gallery-item'>\n\t\t\t<dt class='gallery-icon landscape'>\n\t\t\t\t<a data-rel=\"iLightbox[postimages]\" data-title=\"TTT Trans red office 4\" data-caption=\"\" href='https:\/\/pinke.sk\/wp-content\/uploads\/2017\/08\/005.jpg'><img decoding=\"async\" width=\"300\" height=\"200\" src=\"https:\/\/pinke.sk\/wp-content\/uploads\/2017\/08\/005-300x200.jpg\" class=\"attachment-medium size-medium\" alt=\"TTT Trans red office 4\" srcset=\"https:\/\/pinke.sk\/wp-content\/uploads\/2017\/08\/005-200x133.jpg 200w, https:\/\/pinke.sk\/wp-content\/uploads\/2017\/08\/005-300x200.jpg 300w, https:\/\/pinke.sk\/wp-content\/uploads\/2017\/08\/005-400x267.jpg 400w, https:\/\/pinke.sk\/wp-content\/uploads\/2017\/08\/005-600x400.jpg 600w, https:\/\/pinke.sk\/wp-content\/uploads\/2017\/08\/005-768x513.jpg 768w, https:\/\/pinke.sk\/wp-content\/uploads\/2017\/08\/005-800x534.jpg 800w, https:\/\/pinke.sk\/wp-content\/uploads\/2017\/08\/005-1024x683.jpg 1024w, https:\/\/pinke.sk\/wp-content\/uploads\/2017\/08\/005-1200x801.jpg 1200w, https:\/\/pinke.sk\/wp-content\/uploads\/2017\/08\/005.jpg 1500w\" sizes=\"(max-width: 300px) 100vw, 300px\" \/><\/a>\n\t\t\t<\/dt><\/dl><dl class='gallery-item'>\n\t\t\t<dt class='gallery-icon landscape'>\n\t\t\t\t<a data-rel=\"iLightbox[postimages]\" data-title=\"Spedition office\" data-caption=\"\" href='https:\/\/pinke.sk\/wp-content\/uploads\/2017\/08\/004-1.jpg'><img decoding=\"async\" width=\"300\" height=\"200\" src=\"https:\/\/pinke.sk\/wp-content\/uploads\/2017\/08\/004-1-300x200.jpg\" class=\"attachment-medium size-medium\" alt=\"Spedition office\" srcset=\"https:\/\/pinke.sk\/wp-content\/uploads\/2017\/08\/004-1-200x133.jpg 200w, https:\/\/pinke.sk\/wp-content\/uploads\/2017\/08\/004-1-300x200.jpg 300w, https:\/\/pinke.sk\/wp-content\/uploads\/2017\/08\/004-1-400x267.jpg 400w, https:\/\/pinke.sk\/wp-content\/uploads\/2017\/08\/004-1-600x400.jpg 600w, https:\/\/pinke.sk\/wp-content\/uploads\/2017\/08\/004-1-768x513.jpg 768w, https:\/\/pinke.sk\/wp-content\/uploads\/2017\/08\/004-1-800x534.jpg 800w, https:\/\/pinke.sk\/wp-content\/uploads\/2017\/08\/004-1-1024x683.jpg 1024w, https:\/\/pinke.sk\/wp-content\/uploads\/2017\/08\/004-1-1200x801.jpg 1200w, https:\/\/pinke.sk\/wp-content\/uploads\/2017\/08\/004-1.jpg 1500w\" sizes=\"(max-width: 300px) 100vw, 300px\" \/><\/a>\n\t\t\t<\/dt><\/dl><br style=\"clear: both\" \/><dl class='gallery-item'>\n\t\t\t<dt class='gallery-icon landscape'>\n\t\t\t\t<a data-rel=\"iLightbox[postimages]\" data-title=\"Spedition 003\" data-caption=\"\" href='https:\/\/pinke.sk\/wp-content\/uploads\/2017\/08\/003-1.jpg'><img decoding=\"async\" width=\"300\" height=\"200\" src=\"https:\/\/pinke.sk\/wp-content\/uploads\/2017\/08\/003-1-300x200.jpg\" class=\"attachment-medium size-medium\" alt=\"Spedition 003\" srcset=\"https:\/\/pinke.sk\/wp-content\/uploads\/2017\/08\/003-1-200x133.jpg 200w, https:\/\/pinke.sk\/wp-content\/uploads\/2017\/08\/003-1-300x200.jpg 300w, https:\/\/pinke.sk\/wp-content\/uploads\/2017\/08\/003-1-400x267.jpg 400w, https:\/\/pinke.sk\/wp-content\/uploads\/2017\/08\/003-1-600x400.jpg 600w, https:\/\/pinke.sk\/wp-content\/uploads\/2017\/08\/003-1-768x513.jpg 768w, https:\/\/pinke.sk\/wp-content\/uploads\/2017\/08\/003-1-800x534.jpg 800w, https:\/\/pinke.sk\/wp-content\/uploads\/2017\/08\/003-1-1024x683.jpg 1024w, https:\/\/pinke.sk\/wp-content\/uploads\/2017\/08\/003-1-1200x801.jpg 1200w, https:\/\/pinke.sk\/wp-content\/uploads\/2017\/08\/003-1.jpg 1500w\" sizes=\"(max-width: 300px) 100vw, 300px\" \/><\/a>\n\t\t\t<\/dt><\/dl><dl class='gallery-item'>\n\t\t\t<dt class='gallery-icon landscape'>\n\t\t\t\t<a data-rel=\"iLightbox[postimages]\" data-title=\"Servis TTT 001\" data-caption=\"\" href='https:\/\/pinke.sk\/wp-content\/uploads\/2017\/08\/001-2.jpg'><img decoding=\"async\" width=\"300\" height=\"200\" src=\"https:\/\/pinke.sk\/wp-content\/uploads\/2017\/08\/001-2-300x200.jpg\" class=\"attachment-medium size-medium\" alt=\"Servis TTT 001\" srcset=\"https:\/\/pinke.sk\/wp-content\/uploads\/2017\/08\/001-2-200x133.jpg 200w, https:\/\/pinke.sk\/wp-content\/uploads\/2017\/08\/001-2-300x200.jpg 300w, https:\/\/pinke.sk\/wp-content\/uploads\/2017\/08\/001-2-400x267.jpg 400w, https:\/\/pinke.sk\/wp-content\/uploads\/2017\/08\/001-2-600x400.jpg 600w, https:\/\/pinke.sk\/wp-content\/uploads\/2017\/08\/001-2-768x512.jpg 768w, https:\/\/pinke.sk\/wp-content\/uploads\/2017\/08\/001-2-800x533.jpg 800w, https:\/\/pinke.sk\/wp-content\/uploads\/2017\/08\/001-2-1024x683.jpg 1024w, https:\/\/pinke.sk\/wp-content\/uploads\/2017\/08\/001-2-1200x800.jpg 1200w, https:\/\/pinke.sk\/wp-content\/uploads\/2017\/08\/001-2.jpg 1500w\" sizes=\"(max-width: 300px) 100vw, 300px\" \/><\/a>\n\t\t\t<\/dt><\/dl><dl class='gallery-item'>\n\t\t\t<dt class='gallery-icon landscape'>\n\t\t\t\t<a data-rel=\"iLightbox[postimages]\" data-title=\"Trucks\" data-caption=\"\" href='https:\/\/pinke.sk\/wp-content\/uploads\/2017\/08\/006.jpg'><img decoding=\"async\" width=\"300\" height=\"200\" src=\"https:\/\/pinke.sk\/wp-content\/uploads\/2017\/08\/006-300x200.jpg\" class=\"attachment-medium size-medium\" alt=\"Trucks\" srcset=\"https:\/\/pinke.sk\/wp-content\/uploads\/2017\/08\/006-200x133.jpg 200w, https:\/\/pinke.sk\/wp-content\/uploads\/2017\/08\/006-300x200.jpg 300w, https:\/\/pinke.sk\/wp-content\/uploads\/2017\/08\/006-400x267.jpg 400w, https:\/\/pinke.sk\/wp-content\/uploads\/2017\/08\/006-600x400.jpg 600w, https:\/\/pinke.sk\/wp-content\/uploads\/2017\/08\/006-768x513.jpg 768w, https:\/\/pinke.sk\/wp-content\/uploads\/2017\/08\/006-800x534.jpg 800w, https:\/\/pinke.sk\/wp-content\/uploads\/2017\/08\/006-1024x683.jpg 1024w, https:\/\/pinke.sk\/wp-content\/uploads\/2017\/08\/006-1200x801.jpg 1200w, https:\/\/pinke.sk\/wp-content\/uploads\/2017\/08\/006.jpg 1500w\" sizes=\"(max-width: 300px) 100vw, 300px\" \/><\/a>\n\t\t\t<\/dt><\/dl><br style=\"clear: both\" \/>\n\t\t<\/div>\n\n<\/div><div class=\"fusion-clearfix\"><\/div><\/div><\/div><\/div><\/div><div class=\"fusion-fullwidth fullwidth-box fusion-builder-row-4 fusion-parallax-none nonhundred-percent-fullwidth non-hundred-percent-height-scrolling\" style=\"--awb-border-radius-top-left:0px;--awb-border-radius-top-right:0px;--awb-border-radius-bottom-right:0px;--awb-border-radius-bottom-left:0px;--awb-padding-top:80px;--awb-padding-bottom:80px;--awb-background-image:url(&quot;http:\/\/pinke.sk\/wp-content\/uploads\/2017\/07\/nez_korbe_bg.jpg&quot;);--awb-background-size:cover;--awb-flex-wrap:wrap;\" ><div class=\"fusion-builder-row fusion-row\"><div class=\"fusion-layout-column fusion_builder_column fusion-builder-column-4 fusion_builder_column_1_1 1_1 fusion-one-full fusion-column-first fusion-column-last\" style=\"--awb-bg-size:cover;\"><div class=\"fusion-column-wrapper fusion-flex-column-wrapper-legacy\"><div class=\"fusion-text fusion-text-6\"><div class=\"text-viewer\">\n<p style=\"text-align: center;\">Truck &#8211; Trans &#8211; Trade<\/p>\n<h2 style=\"text-align: center;\">Schauen Sie sich bei uns um!<\/h2>\n<p style=\"text-align: center;\">Ziehen Sie die Maus nach links und rechts<\/p>\n<\/div>\n<\/div><div class=\"fusion-tabs fusion-tabs-1 clean nav-not-justified horizontal-tabs icon-position-left mobile-mode-accordion\" style=\"--awb-title-border-radius-top-left:0px;--awb-title-border-radius-top-right:0px;--awb-title-border-radius-bottom-right:0px;--awb-title-border-radius-bottom-left:0px;--awb-inactive-color:rgba(234,0,0,0);--awb-background-color:rgba(255,255,255,0);--awb-border-color:rgba(235,234,234,0);--awb-active-border-color:#c80014;\"><div class=\"nav\"><ul class=\"nav-tabs\" role=\"tablist\"><li class=\"active\" role=\"presentation\"><a class=\"tab-link\" data-toggle=\"tab\" role=\"tab\" aria-controls=\"tab-ac45c15ea36be85c29a\" aria-selected=\"true\" id=\"fusion-tab-unsergeb\u00c4ude\" href=\"#tab-ac45c15ea36be85c29a\"><h4 class=\"fusion-tab-heading\">UNSER GEB\u00c4UDE<\/h4><\/a><\/li><li role=\"presentation\"><a class=\"tab-link\" data-toggle=\"tab\" role=\"tab\" aria-controls=\"tab-347ef19578c08d3a694\" aria-selected=\"false\" tabindex=\"-1\" id=\"fusion-tab-service\" href=\"#tab-347ef19578c08d3a694\"><h4 class=\"fusion-tab-heading\">SERVICE<\/h4><\/a><\/li><\/ul><\/div><div class=\"tab-content\"><div class=\"nav fusion-mobile-tab-nav\"><ul class=\"nav-tabs\" role=\"tablist\"><li class=\"active\" role=\"presentation\"><a class=\"tab-link\" data-toggle=\"tab\" role=\"tab\" aria-controls=\"tab-ac45c15ea36be85c29a\" aria-selected=\"true\" id=\"mobile-fusion-tab-unsergeb\u00c4ude\" href=\"#tab-ac45c15ea36be85c29a\"><h4 class=\"fusion-tab-heading\">UNSER GEB\u00c4UDE<\/h4><\/a><\/li><\/ul><\/div><div class=\"tab-pane fade fusion-clearfix in active\" role=\"tabpanel\" tabindex=\"0\" aria-labelledby=\"fusion-tab-unsergeb\u00c4ude\" id=\"tab-ac45c15ea36be85c29a\">\n<div class=\"panorama360\" style=\"height: 350px; margin-bottom: 20px;\"><div class=\"panorama-view\" data-sliding-direction=\"-1\" data-sliding-interval=\"20\"><div class=\"panorama-container\"><img decoding=\"async\" src=\"http:\/\/pinke.sk\/wp-content\/uploads\/2017\/08\/Panorama_big-m\u00e1solata.jpg\" data-width=\"3498\" data-height=\"507\" alt=\"\"><\/div><\/div><\/div>\n<\/div><div class=\"nav fusion-mobile-tab-nav\"><ul class=\"nav-tabs\" role=\"tablist\"><li role=\"presentation\"><a class=\"tab-link\" data-toggle=\"tab\" role=\"tab\" aria-controls=\"tab-347ef19578c08d3a694\" aria-selected=\"false\" tabindex=\"-1\" id=\"mobile-fusion-tab-service\" href=\"#tab-347ef19578c08d3a694\"><h4 class=\"fusion-tab-heading\">SERVICE<\/h4><\/a><\/li><\/ul><\/div><div class=\"tab-pane fade fusion-clearfix\" role=\"tabpanel\" tabindex=\"0\" aria-labelledby=\"fusion-tab-service\" id=\"tab-347ef19578c08d3a694\">\n<div class=\"panorama360\" style=\"height: 350px; margin-bottom: 20px;\"><div class=\"panorama-view\" data-sliding-direction=\"-1\" data-sliding-interval=\"20\"><div class=\"panorama-container\"><img decoding=\"async\" src=\"http:\/\/pinke.sk\/wp-content\/uploads\/2017\/08\/Panorama2-1.jpg\" data-width=\"2990\" data-height=\"1002\" alt=\"\"><\/div><\/div><\/div>\n<\/div><\/div><\/div><div class=\"fusion-text fusion-text-7\"><div class=\"pano-top\"><\/div>\n<\/div><div class=\"fusion-clearfix\"><\/div><\/div><\/div><\/div><\/div><div class=\"fusion-fullwidth fullwidth-box fusion-builder-row-5 fusion-parallax-none nonhundred-percent-fullwidth non-hundred-percent-height-scrolling\" style=\"--awb-border-radius-top-left:0px;--awb-border-radius-top-right:0px;--awb-border-radius-bottom-right:0px;--awb-border-radius-bottom-left:0px;--awb-padding-top:80px;--awb-padding-bottom:80px;--awb-background-image:url(&quot;http:\/\/pinke.sk\/wp-content\/uploads\/2017\/07\/kerdese_van_bg.jpg&quot;);--awb-background-size:cover;--awb-flex-wrap:wrap;\" ><div class=\"fusion-builder-row fusion-row\"><div class=\"fusion-layout-column fusion_builder_column fusion-builder-column-5 fusion_builder_column_1_1 1_1 fusion-one-full fusion-column-first fusion-column-last\" style=\"--awb-bg-size:cover;\"><div class=\"fusion-column-wrapper fusion-flex-column-wrapper-legacy\"><div class=\"fusion-text fusion-text-8\"><div class=\"pano-bottom\"><\/div>\n<\/div><div class=\"fusion-text fusion-text-9\"><div class=\"text-contact\">\n<p style=\"text-align: center;\">Truck &#8211; Trans -Trade<\/p>\n<h2 style=\"text-align: center;\">HABEN SIE EINE FRAGE?<\/h2>\n<p class=\"text-contact-sub\" style=\"text-align: center;\">Wenn Sie Fragen haben, z\u00f6gern Sie nicht, uns zu kontaktieren.<br \/>\nStellen Sie Ihre Fragen und wir antworten kurzfristig auf Ihre E-Mail-Adresse<\/p>\n<\/div>\n<\/div><div class=\"fusion-text fusion-text-10\"><div role=\"form\" class=\"wpcf7\" id=\"wpcf7-f369-o1\" lang=\"sk-SK\" dir=\"ltr\">\n<div class=\"screen-reader-response\"><\/div>\n<form action=\"\/de\/wp-json\/wp\/v2\/pages\/313#wpcf7-f369-o1\" method=\"post\" class=\"wpcf7-form\" novalidate=\"novalidate\">\n<div style=\"display: none;\">\n<input type=\"hidden\" name=\"_wpcf7\" value=\"369\" \/>\n<input type=\"hidden\" name=\"_wpcf7_version\" value=\"4.8.1\" \/>\n<input type=\"hidden\" name=\"_wpcf7_locale\" value=\"sk_SK\" \/>\n<input type=\"hidden\" name=\"_wpcf7_unit_tag\" value=\"wpcf7-f369-o1\" \/>\n<input type=\"hidden\" name=\"_wpcf7_container_post\" value=\"0\" \/>\n<input type=\"hidden\" name=\"_wpcf7_nonce\" value=\"646c7c04cf\" \/>\n<\/div>\n<div class=\"contact-form\">\n<div class=\"fusion-layout-column fusion_builder_column fusion_builder_column_1_3 fusion-one-third 1_3 select\">\n<div class=\"fusion-column-wrapper\">\n      <label> Name<br \/>\n        <span class=\"wpcf7-form-control-wrap your-name\"><input type=\"text\" name=\"your-name\" value=\"\" size=\"40\" class=\"wpcf7-form-control wpcf7-text wpcf7-validates-as-required\" aria-required=\"true\" aria-invalid=\"false\" \/><\/span> <\/label>\n    <\/div>\n<\/p><\/div>\n<div class=\"fusion-layout-column fusion_builder_column fusion_builder_column_1_3 fusion-one-third 1_3 select\">\n<div class=\"fusion-column-wrapper\">\n      <label> E-mail<br \/>\n        <span class=\"wpcf7-form-control-wrap your-email\"><input type=\"email\" name=\"your-email\" value=\"\" size=\"40\" class=\"wpcf7-form-control wpcf7-text wpcf7-email wpcf7-validates-as-required wpcf7-validates-as-email\" aria-required=\"true\" aria-invalid=\"false\" \/><\/span> <\/label>\n    <\/div>\n<\/p><\/div>\n<div class=\"fusion-layout-column fusion_builder_column fusion_builder_column_1_3 fusion-one-third 1_3 select\">\n<div class=\"fusion-column-wrapper\">\n      <label> Telefon<br \/>\n        <span class=\"wpcf7-form-control-wrap phone-num\"><input type=\"text\" name=\"phone-num\" value=\"\" size=\"40\" class=\"wpcf7-form-control wpcf7-text\" aria-invalid=\"false\" \/><\/span> <\/label>\n    <\/div>\n<\/p><\/div>\n<div class=\"fusion-column-wrapper\">\n    <label> Nachricht<br \/>\n      <span class=\"wpcf7-form-control-wrap your-message\"><textarea name=\"your-message\" cols=\"40\" rows=\"10\" class=\"wpcf7-form-control wpcf7-textarea\" aria-invalid=\"false\"><\/textarea><\/span> <\/label>\n  <\/div>\n<div class=\"fusion-column-wrapper\"> <input type=\"submit\" value=\"Einreichen\" class=\"wpcf7-form-control wpcf7-submit\" \/> <\/div>\n<\/div>\n<div class=\"fusion-alert alert custom alert-custom fusion-alert-center wpcf7-response-output wpcf7-display-none awb-alert-native-link-color alert-dismissable awb-alert-close-boxed\" style=\"--awb-border-size:1px;--awb-border-top-left-radius:0px;--awb-border-top-right-radius:0px;--awb-border-bottom-left-radius:0px;--awb-border-bottom-right-radius:0px;\" role=\"alert\"><div class=\"fusion-alert-content-wrapper\"><span class=\"fusion-alert-content\"><\/span><\/div><button type=\"button\" class=\"close toggle-alert\" data-dismiss=\"alert\" aria-label=\"Close\">&times;<\/button><\/div><\/form><\/div>\n<\/div><div class=\"fusion-clearfix\"><\/div><\/div><\/div><\/div><\/div><\/p>\n","protected":false},"excerpt":{"rendered":"","protected":false},"author":2,"featured_media":0,"parent":0,"menu_order":0,"comment_status":"closed","ping_status":"closed","template":"100-width.php","meta":{"footnotes":""},"class_list":["post-313","page","type-page","status-publish","hentry"],"_links":{"self":[{"href":"https:\/\/pinke.sk\/de\/wp-json\/wp\/v2\/pages\/313","targetHints":{"allow":["GET"]}}],"collection":[{"href":"https:\/\/pinke.sk\/de\/wp-json\/wp\/v2\/pages"}],"about":[{"href":"https:\/\/pinke.sk\/de\/wp-json\/wp\/v2\/types\/page"}],"author":[{"embeddable":true,"href":"https:\/\/pinke.sk\/de\/wp-json\/wp\/v2\/users\/2"}],"replies":[{"embeddable":true,"href":"https:\/\/pinke.sk\/de\/wp-json\/wp\/v2\/comments?post=313"}],"version-history":[{"count":11,"href":"https:\/\/pinke.sk\/de\/wp-json\/wp\/v2\/pages\/313\/revisions"}],"predecessor-version":[{"id":549,"href":"https:\/\/pinke.sk\/de\/wp-json\/wp\/v2\/pages\/313\/revisions\/549"}],"wp:attachment":[{"href":"https:\/\/pinke.sk\/de\/wp-json\/wp\/v2\/media?parent=313"}],"curies":[{"name":"wp","href":"https:\/\/api.w.org\/{rel}","templated":true}]}}