{"id":330,"date":"2017-08-22T12:48:12","date_gmt":"2017-08-22T10:48:12","guid":{"rendered":"http:\/\/pinke.gartproject.com\/?page_id=330&#038;lang=de"},"modified":"2017-08-23T08:22:37","modified_gmt":"2017-08-23T06:22:37","slug":"service","status":"publish","type":"page","link":"https:\/\/pinke.sk\/de\/service\/","title":{"rendered":"SERVICE"},"content":{"rendered":"<p><div class=\"fusion-fullwidth fullwidth-box fusion-builder-row-1 fusion-parallax-none nonhundred-percent-fullwidth non-hundred-percent-height-scrolling\" style=\"--awb-border-radius-top-left:0px;--awb-border-radius-top-right:0px;--awb-border-radius-bottom-right:0px;--awb-border-radius-bottom-left:0px;--awb-padding-top:80px;--awb-padding-bottom:80px;--awb-background-image:url(&quot;http:\/\/pinke.sk\/wp-content\/uploads\/2017\/08\/europe-map-bg.jpg&quot;);--awb-background-size:cover;--awb-flex-wrap:wrap;\" ><div class=\"fusion-builder-row fusion-row\"><div class=\"fusion-layout-column fusion_builder_column fusion-builder-column-0 fusion_builder_column_1_1 1_1 fusion-one-full fusion-column-first fusion-column-last\" style=\"--awb-bg-size:cover;\"><div class=\"fusion-column-wrapper fusion-flex-column-wrapper-legacy\"><div class=\"fusion-text fusion-text-1\"><h1 style=\"text-align: center;\">SERVICE<\/h1>\n<div class=\"about-us-txt\">\n<p style=\"text-align: center;\">Wir bieten Ihnen das Service f\u00fcr die Fahrzeuge Renault, Iveco&#8230;<\/p>\n<p style=\"text-align: center;\">Wir leisten auch die regelm\u00e4\u00dfigen Serviceuntersuchungen und moderne<\/p>\n<p style=\"text-align: center;\">Diagnostik der elektronischen Bestandteile mit Hilfe des diagnostischen Computers.<\/p>\n<\/div>\n<\/div><div class=\"fusion-clearfix\"><\/div><\/div><\/div><div class=\"fusion-layout-column fusion_builder_column fusion-builder-column-1 fusion_builder_column_1_2 1_2 fusion-one-half fusion-column-first\" style=\"--awb-bg-size:cover;width:50%;width:calc(50% - ( ( 4% ) * 0.5 ) );margin-right: 4%;\"><div class=\"fusion-column-wrapper fusion-flex-column-wrapper-legacy\"><div class=\"fusion-text fusion-text-2\"><h2>Arbeitsstunden<\/h2>\n<h3><strong>Mo-Frei: 8:00 \u2013 17:00.<br \/>\nNach der Arbeitszeit ist eine telefonische Besprechung notwendig.<\/strong><\/h3>\n<\/div><div class=\"fusion-clearfix\"><\/div><\/div><\/div><div class=\"fusion-layout-column fusion_builder_column fusion-builder-column-2 fusion_builder_column_1_2 1_2 fusion-one-half fusion-column-last\" style=\"--awb-bg-size:cover;width:50%;width:calc(50% - ( ( 4% ) * 0.5 ) );\"><div class=\"fusion-column-wrapper fusion-flex-column-wrapper-legacy\"><div class=\"fusion-text fusion-text-3\"><h2>Verkauf der Ersatzteile<\/h2>\n<h3>Wir bieten Ihnen Komplettsortiment der Originalersatzteile und Zubeh\u00f6r f\u00fcr alle Typen von Renault.<br \/>\nKurze Liefertermine und bei der regelm\u00e4\u00dfigen Abnahme eine Preiserm\u00e4\u00dfigung m\u00f6glich.<\/h3>\n<\/div><div class=\"fusion-clearfix\"><\/div><\/div><\/div><\/div><\/div><div class=\"fusion-fullwidth fullwidth-box fusion-builder-row-2 nonhundred-percent-fullwidth non-hundred-percent-height-scrolling\" style=\"--awb-border-radius-top-left:0px;--awb-border-radius-top-right:0px;--awb-border-radius-bottom-right:0px;--awb-border-radius-bottom-left:0px;--awb-padding-top:80px;--awb-padding-bottom:80px;--awb-flex-wrap:wrap;\" ><div class=\"fusion-builder-row fusion-row\"><div class=\"fusion-layout-column fusion_builder_column fusion-builder-column-3 fusion_builder_column_1_1 1_1 fusion-one-full fusion-column-first fusion-column-last\" style=\"--awb-bg-size:cover;\"><div class=\"fusion-column-wrapper fusion-flex-column-wrapper-legacy\"><div class=\"fusion-text fusion-text-4\"><h2 style=\"text-align: center;\">SERVICE &#8211;\u00a0UNSERE FOTOS<\/h2>\n<div class=\"about-us-txt\"><\/div>\n<\/div><div class=\"fusion-sep-clear\"><\/div><div class=\"fusion-separator fusion-full-width-sep\" style=\"margin-left: auto;margin-right: auto;margin-top:10px;margin-bottom:10px;width:100%;\"><\/div><div class=\"fusion-sep-clear\"><\/div><div class=\"fusion-text fusion-text-5\">\n\t\t<style type=\"text\/css\">\n\t\t\t#gallery-1 {\n\t\t\t\tmargin: auto;\n\t\t\t}\n\t\t\t#gallery-1 .gallery-item {\n\t\t\t\tfloat: left;\n\t\t\t\tmargin-top: 10px;\n\t\t\t\ttext-align: center;\n\t\t\t\twidth: 33%;\n\t\t\t}\n\t\t\t#gallery-1 img {\n\t\t\t\tborder: 2px solid #cfcfcf;\n\t\t\t}\n\t\t\t#gallery-1 .gallery-caption {\n\t\t\t\tmargin-left: 0;\n\t\t\t}\n\t\t\t\/* see gallery_shortcode() in wp-includes\/media.php *\/\n\t\t<\/style>\n\t\t<div id='gallery-1' class='gallery galleryid-330 gallery-columns-3 gallery-size-medium'><dl class='gallery-item'>\n\t\t\t<dt class='gallery-icon landscape'>\n\t\t\t\t<a data-rel=\"iLightbox[postimages]\" data-title=\"Servis TTT 001\" data-caption=\"\" href='https:\/\/pinke.sk\/wp-content\/uploads\/2017\/08\/001-2.jpg'><img decoding=\"async\" width=\"300\" height=\"200\" src=\"https:\/\/pinke.sk\/wp-content\/uploads\/2017\/08\/001-2-300x200.jpg\" class=\"attachment-medium size-medium\" alt=\"Servis TTT 001\" srcset=\"https:\/\/pinke.sk\/wp-content\/uploads\/2017\/08\/001-2-200x133.jpg 200w, https:\/\/pinke.sk\/wp-content\/uploads\/2017\/08\/001-2-300x200.jpg 300w, https:\/\/pinke.sk\/wp-content\/uploads\/2017\/08\/001-2-400x267.jpg 400w, https:\/\/pinke.sk\/wp-content\/uploads\/2017\/08\/001-2-600x400.jpg 600w, https:\/\/pinke.sk\/wp-content\/uploads\/2017\/08\/001-2-768x512.jpg 768w, https:\/\/pinke.sk\/wp-content\/uploads\/2017\/08\/001-2-800x533.jpg 800w, https:\/\/pinke.sk\/wp-content\/uploads\/2017\/08\/001-2-1024x683.jpg 1024w, https:\/\/pinke.sk\/wp-content\/uploads\/2017\/08\/001-2-1200x800.jpg 1200w, https:\/\/pinke.sk\/wp-content\/uploads\/2017\/08\/001-2.jpg 1500w\" sizes=\"(max-width: 300px) 100vw, 300px\" \/><\/a>\n\t\t\t<\/dt><\/dl><dl class='gallery-item'>\n\t\t\t<dt class='gallery-icon landscape'>\n\t\t\t\t<a data-rel=\"iLightbox[postimages]\" data-title=\"Servis TTT 002\" data-caption=\"\" href='https:\/\/pinke.sk\/wp-content\/uploads\/2017\/08\/002-2.jpg'><img decoding=\"async\" width=\"300\" height=\"200\" src=\"https:\/\/pinke.sk\/wp-content\/uploads\/2017\/08\/002-2-300x200.jpg\" class=\"attachment-medium size-medium\" alt=\"Servis TTT 002\" srcset=\"https:\/\/pinke.sk\/wp-content\/uploads\/2017\/08\/002-2-200x133.jpg 200w, https:\/\/pinke.sk\/wp-content\/uploads\/2017\/08\/002-2-300x200.jpg 300w, https:\/\/pinke.sk\/wp-content\/uploads\/2017\/08\/002-2-400x267.jpg 400w, https:\/\/pinke.sk\/wp-content\/uploads\/2017\/08\/002-2-600x400.jpg 600w, https:\/\/pinke.sk\/wp-content\/uploads\/2017\/08\/002-2-768x512.jpg 768w, https:\/\/pinke.sk\/wp-content\/uploads\/2017\/08\/002-2-800x533.jpg 800w, https:\/\/pinke.sk\/wp-content\/uploads\/2017\/08\/002-2-1024x683.jpg 1024w, https:\/\/pinke.sk\/wp-content\/uploads\/2017\/08\/002-2-1200x800.jpg 1200w, https:\/\/pinke.sk\/wp-content\/uploads\/2017\/08\/002-2.jpg 1500w\" sizes=\"(max-width: 300px) 100vw, 300px\" \/><\/a>\n\t\t\t<\/dt><\/dl><dl class='gallery-item'>\n\t\t\t<dt class='gallery-icon landscape'>\n\t\t\t\t<a data-rel=\"iLightbox[postimages]\" data-title=\"Servis TTT 003\" data-caption=\"\" href='https:\/\/pinke.sk\/wp-content\/uploads\/2017\/08\/003-2.jpg'><img decoding=\"async\" width=\"300\" height=\"200\" src=\"https:\/\/pinke.sk\/wp-content\/uploads\/2017\/08\/003-2-300x200.jpg\" class=\"attachment-medium size-medium\" alt=\"Servis TTT 003\" srcset=\"https:\/\/pinke.sk\/wp-content\/uploads\/2017\/08\/003-2-200x133.jpg 200w, https:\/\/pinke.sk\/wp-content\/uploads\/2017\/08\/003-2-300x200.jpg 300w, https:\/\/pinke.sk\/wp-content\/uploads\/2017\/08\/003-2-400x267.jpg 400w, https:\/\/pinke.sk\/wp-content\/uploads\/2017\/08\/003-2-600x400.jpg 600w, https:\/\/pinke.sk\/wp-content\/uploads\/2017\/08\/003-2-768x513.jpg 768w, https:\/\/pinke.sk\/wp-content\/uploads\/2017\/08\/003-2-800x534.jpg 800w, https:\/\/pinke.sk\/wp-content\/uploads\/2017\/08\/003-2-1024x683.jpg 1024w, https:\/\/pinke.sk\/wp-content\/uploads\/2017\/08\/003-2-1200x801.jpg 1200w, https:\/\/pinke.sk\/wp-content\/uploads\/2017\/08\/003-2.jpg 1500w\" sizes=\"(max-width: 300px) 100vw, 300px\" \/><\/a>\n\t\t\t<\/dt><\/dl><br style=\"clear: both\" \/><dl class='gallery-item'>\n\t\t\t<dt class='gallery-icon landscape'>\n\t\t\t\t<a data-rel=\"iLightbox[postimages]\" data-title=\"Servis TTT 004\" data-caption=\"\" href='https:\/\/pinke.sk\/wp-content\/uploads\/2017\/08\/004-2.jpg'><img decoding=\"async\" width=\"300\" height=\"200\" src=\"https:\/\/pinke.sk\/wp-content\/uploads\/2017\/08\/004-2-300x200.jpg\" class=\"attachment-medium size-medium\" alt=\"Servis TTT 004\" srcset=\"https:\/\/pinke.sk\/wp-content\/uploads\/2017\/08\/004-2-200x133.jpg 200w, https:\/\/pinke.sk\/wp-content\/uploads\/2017\/08\/004-2-300x200.jpg 300w, https:\/\/pinke.sk\/wp-content\/uploads\/2017\/08\/004-2-400x267.jpg 400w, https:\/\/pinke.sk\/wp-content\/uploads\/2017\/08\/004-2-600x400.jpg 600w, https:\/\/pinke.sk\/wp-content\/uploads\/2017\/08\/004-2-768x513.jpg 768w, https:\/\/pinke.sk\/wp-content\/uploads\/2017\/08\/004-2-800x534.jpg 800w, https:\/\/pinke.sk\/wp-content\/uploads\/2017\/08\/004-2-1024x683.jpg 1024w, https:\/\/pinke.sk\/wp-content\/uploads\/2017\/08\/004-2-1200x801.jpg 1200w, https:\/\/pinke.sk\/wp-content\/uploads\/2017\/08\/004-2.jpg 1500w\" sizes=\"(max-width: 300px) 100vw, 300px\" \/><\/a>\n\t\t\t<\/dt><\/dl><dl class='gallery-item'>\n\t\t\t<dt class='gallery-icon landscape'>\n\t\t\t\t<a data-rel=\"iLightbox[postimages]\" data-title=\"Servis TTT 005\" data-caption=\"\" href='https:\/\/pinke.sk\/wp-content\/uploads\/2017\/08\/005-2.jpg'><img decoding=\"async\" width=\"300\" height=\"200\" src=\"https:\/\/pinke.sk\/wp-content\/uploads\/2017\/08\/005-2-300x200.jpg\" class=\"attachment-medium size-medium\" alt=\"Servis TTT 005\" srcset=\"https:\/\/pinke.sk\/wp-content\/uploads\/2017\/08\/005-2-200x133.jpg 200w, https:\/\/pinke.sk\/wp-content\/uploads\/2017\/08\/005-2-300x200.jpg 300w, https:\/\/pinke.sk\/wp-content\/uploads\/2017\/08\/005-2-400x267.jpg 400w, https:\/\/pinke.sk\/wp-content\/uploads\/2017\/08\/005-2-600x400.jpg 600w, https:\/\/pinke.sk\/wp-content\/uploads\/2017\/08\/005-2-768x513.jpg 768w, https:\/\/pinke.sk\/wp-content\/uploads\/2017\/08\/005-2-800x534.jpg 800w, https:\/\/pinke.sk\/wp-content\/uploads\/2017\/08\/005-2-1024x683.jpg 1024w, https:\/\/pinke.sk\/wp-content\/uploads\/2017\/08\/005-2-1200x801.jpg 1200w, https:\/\/pinke.sk\/wp-content\/uploads\/2017\/08\/005-2.jpg 1500w\" sizes=\"(max-width: 300px) 100vw, 300px\" \/><\/a>\n\t\t\t<\/dt><\/dl><dl class='gallery-item'>\n\t\t\t<dt class='gallery-icon landscape'>\n\t\t\t\t<a data-rel=\"iLightbox[postimages]\" data-title=\"Servis TTT 006\" data-caption=\"\" href='https:\/\/pinke.sk\/wp-content\/uploads\/2017\/08\/006-2.jpg'><img decoding=\"async\" width=\"300\" height=\"200\" src=\"https:\/\/pinke.sk\/wp-content\/uploads\/2017\/08\/006-2-300x200.jpg\" class=\"attachment-medium size-medium\" alt=\"Servis TTT 006\" srcset=\"https:\/\/pinke.sk\/wp-content\/uploads\/2017\/08\/006-2-200x133.jpg 200w, https:\/\/pinke.sk\/wp-content\/uploads\/2017\/08\/006-2-300x200.jpg 300w, https:\/\/pinke.sk\/wp-content\/uploads\/2017\/08\/006-2-400x267.jpg 400w, https:\/\/pinke.sk\/wp-content\/uploads\/2017\/08\/006-2-600x400.jpg 600w, https:\/\/pinke.sk\/wp-content\/uploads\/2017\/08\/006-2-768x513.jpg 768w, https:\/\/pinke.sk\/wp-content\/uploads\/2017\/08\/006-2-800x534.jpg 800w, https:\/\/pinke.sk\/wp-content\/uploads\/2017\/08\/006-2-1024x683.jpg 1024w, https:\/\/pinke.sk\/wp-content\/uploads\/2017\/08\/006-2-1200x801.jpg 1200w, https:\/\/pinke.sk\/wp-content\/uploads\/2017\/08\/006-2.jpg 1500w\" sizes=\"(max-width: 300px) 100vw, 300px\" \/><\/a>\n\t\t\t<\/dt><\/dl><br style=\"clear: both\" \/><dl class='gallery-item'>\n\t\t\t<dt class='gallery-icon landscape'>\n\t\t\t\t<a data-rel=\"iLightbox[postimages]\" data-title=\"Servis TTT 007\" data-caption=\"\" href='https:\/\/pinke.sk\/wp-content\/uploads\/2017\/08\/007.jpg'><img decoding=\"async\" width=\"300\" height=\"200\" src=\"https:\/\/pinke.sk\/wp-content\/uploads\/2017\/08\/007-300x200.jpg\" class=\"attachment-medium size-medium\" alt=\"Servis TTT 007\" srcset=\"https:\/\/pinke.sk\/wp-content\/uploads\/2017\/08\/007-200x133.jpg 200w, https:\/\/pinke.sk\/wp-content\/uploads\/2017\/08\/007-300x200.jpg 300w, https:\/\/pinke.sk\/wp-content\/uploads\/2017\/08\/007-400x267.jpg 400w, https:\/\/pinke.sk\/wp-content\/uploads\/2017\/08\/007-600x400.jpg 600w, https:\/\/pinke.sk\/wp-content\/uploads\/2017\/08\/007-768x513.jpg 768w, https:\/\/pinke.sk\/wp-content\/uploads\/2017\/08\/007-800x534.jpg 800w, https:\/\/pinke.sk\/wp-content\/uploads\/2017\/08\/007-1024x683.jpg 1024w, https:\/\/pinke.sk\/wp-content\/uploads\/2017\/08\/007-1200x801.jpg 1200w, https:\/\/pinke.sk\/wp-content\/uploads\/2017\/08\/007.jpg 1500w\" sizes=\"(max-width: 300px) 100vw, 300px\" \/><\/a>\n\t\t\t<\/dt><\/dl><dl class='gallery-item'>\n\t\t\t<dt class='gallery-icon landscape'>\n\t\t\t\t<a data-rel=\"iLightbox[postimages]\" data-title=\"Servis TTT 008\" data-caption=\"\" href='https:\/\/pinke.sk\/wp-content\/uploads\/2017\/08\/008.jpg'><img decoding=\"async\" width=\"300\" height=\"200\" src=\"https:\/\/pinke.sk\/wp-content\/uploads\/2017\/08\/008-300x200.jpg\" class=\"attachment-medium size-medium\" alt=\"Servis TTT 008\" srcset=\"https:\/\/pinke.sk\/wp-content\/uploads\/2017\/08\/008-200x133.jpg 200w, https:\/\/pinke.sk\/wp-content\/uploads\/2017\/08\/008-300x200.jpg 300w, https:\/\/pinke.sk\/wp-content\/uploads\/2017\/08\/008-400x267.jpg 400w, https:\/\/pinke.sk\/wp-content\/uploads\/2017\/08\/008-600x400.jpg 600w, https:\/\/pinke.sk\/wp-content\/uploads\/2017\/08\/008-768x513.jpg 768w, https:\/\/pinke.sk\/wp-content\/uploads\/2017\/08\/008-800x534.jpg 800w, https:\/\/pinke.sk\/wp-content\/uploads\/2017\/08\/008-1024x683.jpg 1024w, https:\/\/pinke.sk\/wp-content\/uploads\/2017\/08\/008-1200x801.jpg 1200w, https:\/\/pinke.sk\/wp-content\/uploads\/2017\/08\/008.jpg 1500w\" sizes=\"(max-width: 300px) 100vw, 300px\" \/><\/a>\n\t\t\t<\/dt><\/dl><dl class='gallery-item'>\n\t\t\t<dt class='gallery-icon landscape'>\n\t\t\t\t<a data-rel=\"iLightbox[postimages]\" data-title=\"Servis TTT 009\" data-caption=\"\" href='https:\/\/pinke.sk\/wp-content\/uploads\/2017\/08\/009.jpg'><img decoding=\"async\" width=\"300\" height=\"200\" src=\"https:\/\/pinke.sk\/wp-content\/uploads\/2017\/08\/009-300x200.jpg\" class=\"attachment-medium size-medium\" alt=\"Servis TTT 009\" srcset=\"https:\/\/pinke.sk\/wp-content\/uploads\/2017\/08\/009-200x133.jpg 200w, https:\/\/pinke.sk\/wp-content\/uploads\/2017\/08\/009-300x200.jpg 300w, https:\/\/pinke.sk\/wp-content\/uploads\/2017\/08\/009-400x267.jpg 400w, https:\/\/pinke.sk\/wp-content\/uploads\/2017\/08\/009-600x400.jpg 600w, https:\/\/pinke.sk\/wp-content\/uploads\/2017\/08\/009-768x513.jpg 768w, https:\/\/pinke.sk\/wp-content\/uploads\/2017\/08\/009-800x534.jpg 800w, https:\/\/pinke.sk\/wp-content\/uploads\/2017\/08\/009-1024x683.jpg 1024w, https:\/\/pinke.sk\/wp-content\/uploads\/2017\/08\/009-1200x801.jpg 1200w, https:\/\/pinke.sk\/wp-content\/uploads\/2017\/08\/009.jpg 1500w\" sizes=\"(max-width: 300px) 100vw, 300px\" \/><\/a>\n\t\t\t<\/dt><\/dl><br style=\"clear: both\" \/>\n\t\t<\/div>\n\n<\/div><div class=\"fusion-clearfix\"><\/div><\/div><\/div><\/div><\/div><div class=\"fusion-fullwidth fullwidth-box fusion-builder-row-3 fusion-parallax-none nonhundred-percent-fullwidth non-hundred-percent-height-scrolling\" style=\"--awb-border-radius-top-left:0px;--awb-border-radius-top-right:0px;--awb-border-radius-bottom-right:0px;--awb-border-radius-bottom-left:0px;--awb-padding-top:80px;--awb-padding-bottom:80px;--awb-background-image:url(&quot;http:\/\/pinke.sk\/wp-content\/uploads\/2017\/07\/nez_korbe_bg.jpg&quot;);--awb-background-size:cover;--awb-flex-wrap:wrap;\" ><div class=\"fusion-builder-row fusion-row\"><div class=\"fusion-layout-column fusion_builder_column fusion-builder-column-4 fusion_builder_column_1_1 1_1 fusion-one-full fusion-column-first fusion-column-last\" style=\"--awb-bg-size:cover;\"><div class=\"fusion-column-wrapper fusion-flex-column-wrapper-legacy\"><div class=\"fusion-text fusion-text-6\"><div class=\"text-viewer\">\n<p style=\"text-align: center;\">Truck &#8211; Trans &#8211; Trade<\/p>\n<h2 style=\"text-align: center;\">Schauen Sie sich bei uns um!<\/h2>\n<p style=\"text-align: center;\">Ziehen Sie die Maus nach links und rechts<\/p>\n<\/div>\n<\/div><div class=\"fusion-tabs fusion-tabs-1 clean nav-not-justified horizontal-tabs icon-position-left mobile-mode-accordion\" style=\"--awb-title-border-radius-top-left:0px;--awb-title-border-radius-top-right:0px;--awb-title-border-radius-bottom-right:0px;--awb-title-border-radius-bottom-left:0px;--awb-inactive-color:rgba(234,0,0,0);--awb-background-color:rgba(255,255,255,0);--awb-border-color:rgba(235,234,234,0);--awb-active-border-color:#c80014;\"><div class=\"nav\"><ul class=\"nav-tabs\" role=\"tablist\"><li class=\"active\" role=\"presentation\"><a class=\"tab-link\" data-toggle=\"tab\" role=\"tab\" aria-controls=\"tab-7828ded769fe7651606\" aria-selected=\"true\" id=\"fusion-tab-unsergeb\u00c4ude\" href=\"#tab-7828ded769fe7651606\"><h4 class=\"fusion-tab-heading\">UNSER GEB\u00c4UDE<\/h4><\/a><\/li><li role=\"presentation\"><a class=\"tab-link\" data-toggle=\"tab\" role=\"tab\" aria-controls=\"tab-d42fed749ac4237587e\" aria-selected=\"false\" tabindex=\"-1\" id=\"fusion-tab-service\" href=\"#tab-d42fed749ac4237587e\"><h4 class=\"fusion-tab-heading\">SERVICE<\/h4><\/a><\/li><\/ul><\/div><div class=\"tab-content\"><div class=\"nav fusion-mobile-tab-nav\"><ul class=\"nav-tabs\" role=\"tablist\"><li class=\"active\" role=\"presentation\"><a class=\"tab-link\" data-toggle=\"tab\" role=\"tab\" aria-controls=\"tab-7828ded769fe7651606\" aria-selected=\"true\" id=\"mobile-fusion-tab-unsergeb\u00c4ude\" href=\"#tab-7828ded769fe7651606\"><h4 class=\"fusion-tab-heading\">UNSER GEB\u00c4UDE<\/h4><\/a><\/li><\/ul><\/div><div class=\"tab-pane fade fusion-clearfix in active\" role=\"tabpanel\" tabindex=\"0\" aria-labelledby=\"fusion-tab-unsergeb\u00c4ude\" id=\"tab-7828ded769fe7651606\">\n<div class=\"panorama360\" style=\"height: 350px; margin-bottom: 20px;\"><div class=\"panorama-view\" data-sliding-direction=\"-1\" data-sliding-interval=\"20\"><div class=\"panorama-container\"><img decoding=\"async\" src=\"http:\/\/pinke.sk\/wp-content\/uploads\/2017\/08\/Panorama_big-m\u00e1solata.jpg\" data-width=\"3498\" data-height=\"507\" alt=\"\"><\/div><\/div><\/div>\n<\/div><div class=\"nav fusion-mobile-tab-nav\"><ul class=\"nav-tabs\" role=\"tablist\"><li role=\"presentation\"><a class=\"tab-link\" data-toggle=\"tab\" role=\"tab\" aria-controls=\"tab-d42fed749ac4237587e\" aria-selected=\"false\" tabindex=\"-1\" id=\"mobile-fusion-tab-service\" href=\"#tab-d42fed749ac4237587e\"><h4 class=\"fusion-tab-heading\">SERVICE<\/h4><\/a><\/li><\/ul><\/div><div class=\"tab-pane fade fusion-clearfix\" role=\"tabpanel\" tabindex=\"0\" aria-labelledby=\"fusion-tab-service\" id=\"tab-d42fed749ac4237587e\">\n<div class=\"panorama360\" style=\"height: 350px; margin-bottom: 20px;\"><div class=\"panorama-view\" data-sliding-direction=\"-1\" data-sliding-interval=\"20\"><div class=\"panorama-container\"><img decoding=\"async\" src=\"http:\/\/pinke.sk\/wp-content\/uploads\/2017\/08\/Panorama2-1.jpg\" data-width=\"2990\" data-height=\"1002\" alt=\"\"><\/div><\/div><\/div>\n<\/div><\/div><\/div><div class=\"fusion-text fusion-text-7\"><div class=\"pano-top\"><\/div>\n<\/div><div class=\"fusion-clearfix\"><\/div><\/div><\/div><\/div><\/div><div class=\"fusion-fullwidth fullwidth-box fusion-builder-row-4 fusion-parallax-none nonhundred-percent-fullwidth non-hundred-percent-height-scrolling\" style=\"--awb-border-radius-top-left:0px;--awb-border-radius-top-right:0px;--awb-border-radius-bottom-right:0px;--awb-border-radius-bottom-left:0px;--awb-padding-top:80px;--awb-padding-bottom:80px;--awb-background-image:url(&quot;http:\/\/pinke.sk\/wp-content\/uploads\/2017\/07\/kerdese_van_bg.jpg&quot;);--awb-background-size:cover;--awb-flex-wrap:wrap;\" ><div class=\"fusion-builder-row fusion-row\"><div class=\"fusion-layout-column fusion_builder_column fusion-builder-column-5 fusion_builder_column_1_1 1_1 fusion-one-full fusion-column-first fusion-column-last\" style=\"--awb-bg-size:cover;\"><div class=\"fusion-column-wrapper fusion-flex-column-wrapper-legacy\"><div class=\"fusion-text fusion-text-8\"><div class=\"pano-bottom\"><\/div>\n<\/div><div class=\"fusion-text fusion-text-9\"><div class=\"text-contact\">\n<p style=\"text-align: center;\">Truck &#8211; Trans -Trade<\/p>\n<h2 style=\"text-align: center;\">HABEN SIE EINE FRAGE?<\/h2>\n<p class=\"text-contact-sub\" style=\"text-align: center;\">Wenn Sie Fragen haben, z\u00f6gern Sie nicht, uns zu kontaktieren.<br \/>\nStellen Sie Ihre Fragen und wir antworten kurzfristig auf Ihre E-Mail-Adresse<\/p>\n<\/div>\n<\/div><div class=\"fusion-text fusion-text-10\"><div role=\"form\" class=\"wpcf7\" id=\"wpcf7-f369-o1\" lang=\"sk-SK\" dir=\"ltr\">\n<div class=\"screen-reader-response\"><\/div>\n<form action=\"\/de\/wp-json\/wp\/v2\/pages\/330#wpcf7-f369-o1\" method=\"post\" class=\"wpcf7-form\" novalidate=\"novalidate\">\n<div style=\"display: none;\">\n<input type=\"hidden\" name=\"_wpcf7\" value=\"369\" \/>\n<input type=\"hidden\" name=\"_wpcf7_version\" value=\"4.8.1\" \/>\n<input type=\"hidden\" name=\"_wpcf7_locale\" value=\"sk_SK\" \/>\n<input type=\"hidden\" name=\"_wpcf7_unit_tag\" value=\"wpcf7-f369-o1\" \/>\n<input type=\"hidden\" name=\"_wpcf7_container_post\" value=\"0\" \/>\n<input type=\"hidden\" name=\"_wpcf7_nonce\" value=\"646c7c04cf\" \/>\n<\/div>\n<div class=\"contact-form\">\n<div class=\"fusion-layout-column fusion_builder_column fusion_builder_column_1_3 fusion-one-third 1_3 select\">\n<div class=\"fusion-column-wrapper\">\n      <label> Name<br \/>\n        <span class=\"wpcf7-form-control-wrap your-name\"><input type=\"text\" name=\"your-name\" value=\"\" size=\"40\" class=\"wpcf7-form-control wpcf7-text wpcf7-validates-as-required\" aria-required=\"true\" aria-invalid=\"false\" \/><\/span> <\/label>\n    <\/div>\n<\/p><\/div>\n<div class=\"fusion-layout-column fusion_builder_column fusion_builder_column_1_3 fusion-one-third 1_3 select\">\n<div class=\"fusion-column-wrapper\">\n      <label> E-mail<br \/>\n        <span class=\"wpcf7-form-control-wrap your-email\"><input type=\"email\" name=\"your-email\" value=\"\" size=\"40\" class=\"wpcf7-form-control wpcf7-text wpcf7-email wpcf7-validates-as-required wpcf7-validates-as-email\" aria-required=\"true\" aria-invalid=\"false\" \/><\/span> <\/label>\n    <\/div>\n<\/p><\/div>\n<div class=\"fusion-layout-column fusion_builder_column fusion_builder_column_1_3 fusion-one-third 1_3 select\">\n<div class=\"fusion-column-wrapper\">\n      <label> Telefon<br \/>\n        <span class=\"wpcf7-form-control-wrap phone-num\"><input type=\"text\" name=\"phone-num\" value=\"\" size=\"40\" class=\"wpcf7-form-control wpcf7-text\" aria-invalid=\"false\" \/><\/span> <\/label>\n    <\/div>\n<\/p><\/div>\n<div class=\"fusion-column-wrapper\">\n    <label> Nachricht<br \/>\n      <span class=\"wpcf7-form-control-wrap your-message\"><textarea name=\"your-message\" cols=\"40\" rows=\"10\" class=\"wpcf7-form-control wpcf7-textarea\" aria-invalid=\"false\"><\/textarea><\/span> <\/label>\n  <\/div>\n<div class=\"fusion-column-wrapper\"> <input type=\"submit\" value=\"Einreichen\" class=\"wpcf7-form-control wpcf7-submit\" \/> <\/div>\n<\/div>\n<div class=\"fusion-alert alert custom alert-custom fusion-alert-center wpcf7-response-output wpcf7-display-none awb-alert-native-link-color alert-dismissable awb-alert-close-boxed\" style=\"--awb-border-size:1px;--awb-border-top-left-radius:0px;--awb-border-top-right-radius:0px;--awb-border-bottom-left-radius:0px;--awb-border-bottom-right-radius:0px;\" role=\"alert\"><div class=\"fusion-alert-content-wrapper\"><span class=\"fusion-alert-content\"><\/span><\/div><button type=\"button\" class=\"close toggle-alert\" data-dismiss=\"alert\" aria-label=\"Close\">&times;<\/button><\/div><\/form><\/div>\n<\/div><div class=\"fusion-clearfix\"><\/div><\/div><\/div><\/div><\/div><\/p>\n","protected":false},"excerpt":{"rendered":"","protected":false},"author":2,"featured_media":0,"parent":0,"menu_order":0,"comment_status":"closed","ping_status":"closed","template":"100-width.php","meta":{"footnotes":""},"class_list":["post-330","page","type-page","status-publish","hentry"],"_links":{"self":[{"href":"https:\/\/pinke.sk\/de\/wp-json\/wp\/v2\/pages\/330","targetHints":{"allow":["GET"]}}],"collection":[{"href":"https:\/\/pinke.sk\/de\/wp-json\/wp\/v2\/pages"}],"about":[{"href":"https:\/\/pinke.sk\/de\/wp-json\/wp\/v2\/types\/page"}],"author":[{"embeddable":true,"href":"https:\/\/pinke.sk\/de\/wp-json\/wp\/v2\/users\/2"}],"replies":[{"embeddable":true,"href":"https:\/\/pinke.sk\/de\/wp-json\/wp\/v2\/comments?post=330"}],"version-history":[{"count":2,"href":"https:\/\/pinke.sk\/de\/wp-json\/wp\/v2\/pages\/330\/revisions"}],"predecessor-version":[{"id":375,"href":"https:\/\/pinke.sk\/de\/wp-json\/wp\/v2\/pages\/330\/revisions\/375"}],"wp:attachment":[{"href":"https:\/\/pinke.sk\/de\/wp-json\/wp\/v2\/media?parent=330"}],"curies":[{"name":"wp","href":"https:\/\/api.w.org\/{rel}","templated":true}]}}