{"id":127,"date":"2017-08-15T09:30:54","date_gmt":"2017-08-15T07:30:54","guid":{"rendered":"http:\/\/pinke.gartproject.com\/?page_id=127"},"modified":"2018-01-22T11:21:22","modified_gmt":"2018-01-22T10:21:22","slug":"fuvarozas","status":"publish","type":"page","link":"https:\/\/pinke.sk\/hu\/fuvarozas\/","title":{"rendered":"Fuvaroz\u00e1s"},"content":{"rendered":"<p><div class=\"fusion-fullwidth fullwidth-box fusion-builder-row-1 fusion-parallax-none nonhundred-percent-fullwidth non-hundred-percent-height-scrolling\" style=\"--awb-border-radius-top-left:0px;--awb-border-radius-top-right:0px;--awb-border-radius-bottom-right:0px;--awb-border-radius-bottom-left:0px;--awb-padding-top:80px;--awb-padding-bottom:80px;--awb-background-image:url(&quot;http:\/\/pinke.sk\/wp-content\/uploads\/2017\/08\/europe-map-bg.jpg&quot;);--awb-background-size:cover;--awb-flex-wrap:wrap;\" ><div class=\"fusion-builder-row fusion-row\"><div class=\"fusion-layout-column fusion_builder_column fusion-builder-column-0 fusion_builder_column_1_1 1_1 fusion-one-full fusion-column-first fusion-column-last\" style=\"--awb-bg-size:cover;\"><div class=\"fusion-column-wrapper fusion-flex-column-wrapper-legacy\"><div class=\"fusion-text fusion-text-1\"><h2 style=\"text-align: center;\">FUVAROZ\u00c1S<\/h2>\n<div class=\"about-us-txt\">\n<p style=\"text-align: center;\">C\u00e9g\u00fcnkn\u00e9l k\u00e9t fuvarszervez\u0151 biztos\u00edtja j\u00e1rm\u0171veink folyamatos \u00fczemeltet\u00e9s\u00e9t.<\/p>\n<p style=\"text-align: center;\">Sof\u0151rjeink \u00e9s \u00fcgyfeleink sz\u00e1m\u00e1ra el\u00e9rhet\u0151k vagyunk a nap 24 \u00f3r\u00e1j\u00e1ban.<\/p>\n<\/div>\n<\/div><div class=\"fusion-clearfix\"><\/div><\/div><\/div><div class=\"fusion-layout-column fusion_builder_column fusion-builder-column-1 fusion_builder_column_1_4 1_4 fusion-one-fourth fusion-column-first\" style=\"--awb-bg-size:cover;width:25%;width:calc(25% - ( ( 4% ) * 0.25 ) );margin-right: 4%;\"><div class=\"fusion-column-wrapper fusion-flex-column-wrapper-legacy\"><div class=\"fusion-clearfix\"><\/div><\/div><\/div><div class=\"fusion-layout-column fusion_builder_column fusion-builder-column-2 fusion_builder_column_3_4 3_4 fusion-three-fourth fusion-column-last\" style=\"--awb-padding-top:50px;--awb-bg-size:cover;width:75%;width:calc(75% - ( ( 4% ) * 0.75 ) );\"><div class=\"fusion-column-wrapper fusion-flex-column-wrapper-legacy\"><div class=\"fusion-text fusion-text-2\"><h2>Dokumentumok<\/h2>\n<\/div><ul style=\"--awb-size:20px;--awb-iconcolor:#0053d1;--awb-line-height:34px;--awb-icon-width:34px;--awb-icon-height:34px;--awb-icon-margin:14px;--awb-content-margin:48px;\" class=\"fusion-checklist fusion-checklist-1 fusion-checklist-default type-icons\"><li class=\"fusion-li-item\" style=\"\"><span class=\"icon-wrapper circle-no\"><i class=\"fusion-li-icon fa fa-file-text-o\" aria-hidden=\"true\"><\/i><\/span><div class=\"fusion-li-item-content\">\n<p><a href=\"http:\/\/pinke.sk\/wp-content\/uploads\/2017\/08\/cmr-Insurance-1.pdf\" target=\"_blank\" rel=\"noopener\">INSURENCE CERTIFICATE &#8211; Kooperativa<\/a><\/p>\n<\/div><\/li><li class=\"fusion-li-item\" style=\"\"><span class=\"icon-wrapper circle-no\"><i class=\"fusion-li-icon fa fa-file-text-o\" aria-hidden=\"true\"><\/i><\/span><div class=\"fusion-li-item-content\">\n<p><a href=\"http:\/\/pinke.sk\/wp-content\/uploads\/2017\/08\/eu-licencia.pdf\" target=\"_blank\" rel=\"noopener\">EU LICENCIA<\/a><\/p>\n<\/div><\/li><li class=\"fusion-li-item\" style=\"\"><span class=\"icon-wrapper circle-no\"><i class=\"fusion-li-icon fa fa-file-text-o\" aria-hidden=\"true\"><\/i><\/span><div class=\"fusion-li-item-content\">\n<p><a href=\"http:\/\/pinke.sk\/wp-content\/uploads\/2017\/08\/osvedcenie-ico-a-dic.pdf\" target=\"_blank\" rel=\"noopener\">OSVEDCENIE I\u010cO A DI\u010c &#8211; Ad\u00f3sz\u00e1mot igazol\u00f3 k\u00e1rtya<\/a><\/p>\n<\/div><\/li><li class=\"fusion-li-item\" style=\"\"><span class=\"icon-wrapper circle-no\"><i class=\"fusion-li-icon fa fa-file-text-o\" aria-hidden=\"true\"><\/i><\/span><div class=\"fusion-li-item-content\">\n<p><a href=\"http:\/\/pinke.sk\/wp-content\/uploads\/2017\/08\/vypis-zo-zivnostenskeho-reg.pdf\" target=\"_blank\" rel=\"noopener\">V\u00ddPIS ZO \u017dIVNOSTENSK\u00c9HO REGISTRA &#8211; C\u00e9gkivonat<\/a><\/p>\n<\/div><\/li><\/ul><div class=\"fusion-clearfix\"><\/div><\/div><\/div><\/div><\/div><div class=\"fusion-fullwidth fullwidth-box fusion-builder-row-2 nonhundred-percent-fullwidth non-hundred-percent-height-scrolling\" style=\"--awb-border-radius-top-left:0px;--awb-border-radius-top-right:0px;--awb-border-radius-bottom-right:0px;--awb-border-radius-bottom-left:0px;--awb-padding-top:80px;--awb-padding-bottom:80px;--awb-flex-wrap:wrap;\" ><div class=\"fusion-builder-row fusion-row\"><div class=\"fusion-layout-column fusion_builder_column fusion-builder-column-3 fusion_builder_column_1_1 1_1 fusion-one-full fusion-column-first fusion-column-last\" style=\"--awb-bg-size:cover;\"><div class=\"fusion-column-wrapper fusion-flex-column-wrapper-legacy\"><div class=\"fusion-text fusion-text-3\"><h2 style=\"text-align: center;\">IROD\u00c1NK K\u00c9PEKBEN<\/h2>\n<div class=\"about-us-txt\"><\/div>\n<\/div><div class=\"fusion-sep-clear\"><\/div><div class=\"fusion-separator fusion-full-width-sep\" style=\"margin-left: auto;margin-right: auto;margin-top:10px;margin-bottom:10px;width:100%;\"><\/div><div class=\"fusion-sep-clear\"><\/div><div class=\"fusion-text fusion-text-4\">\n\t\t<style type=\"text\/css\">\n\t\t\t#gallery-1 {\n\t\t\t\tmargin: auto;\n\t\t\t}\n\t\t\t#gallery-1 .gallery-item {\n\t\t\t\tfloat: left;\n\t\t\t\tmargin-top: 10px;\n\t\t\t\ttext-align: center;\n\t\t\t\twidth: 33%;\n\t\t\t}\n\t\t\t#gallery-1 img {\n\t\t\t\tborder: 2px solid #cfcfcf;\n\t\t\t}\n\t\t\t#gallery-1 .gallery-caption {\n\t\t\t\tmargin-left: 0;\n\t\t\t}\n\t\t\t\/* see gallery_shortcode() in wp-includes\/media.php *\/\n\t\t<\/style>\n\t\t<div id='gallery-1' class='gallery galleryid-127 gallery-columns-3 gallery-size-medium'><dl class='gallery-item'>\n\t\t\t<dt class='gallery-icon landscape'>\n\t\t\t\t<a data-rel=\"iLightbox[postimages]\" data-title=\"logo glass\" data-caption=\"\" href='https:\/\/pinke.sk\/wp-content\/uploads\/2017\/08\/006-1.jpg'><img decoding=\"async\" width=\"300\" height=\"200\" src=\"https:\/\/pinke.sk\/wp-content\/uploads\/2017\/08\/006-1-300x200.jpg\" class=\"attachment-medium size-medium\" alt=\"logo glass\" srcset=\"https:\/\/pinke.sk\/wp-content\/uploads\/2017\/08\/006-1-200x133.jpg 200w, https:\/\/pinke.sk\/wp-content\/uploads\/2017\/08\/006-1-300x200.jpg 300w, https:\/\/pinke.sk\/wp-content\/uploads\/2017\/08\/006-1-400x267.jpg 400w, https:\/\/pinke.sk\/wp-content\/uploads\/2017\/08\/006-1-600x400.jpg 600w, https:\/\/pinke.sk\/wp-content\/uploads\/2017\/08\/006-1-768x513.jpg 768w, https:\/\/pinke.sk\/wp-content\/uploads\/2017\/08\/006-1-800x534.jpg 800w, https:\/\/pinke.sk\/wp-content\/uploads\/2017\/08\/006-1-1024x683.jpg 1024w, https:\/\/pinke.sk\/wp-content\/uploads\/2017\/08\/006-1-1200x801.jpg 1200w, https:\/\/pinke.sk\/wp-content\/uploads\/2017\/08\/006-1.jpg 1500w\" sizes=\"(max-width: 300px) 100vw, 300px\" \/><\/a>\n\t\t\t<\/dt><\/dl><dl class='gallery-item'>\n\t\t\t<dt class='gallery-icon landscape'>\n\t\t\t\t<a data-rel=\"iLightbox[postimages]\" data-title=\"TTT Trans red office 4\" data-caption=\"\" href='https:\/\/pinke.sk\/wp-content\/uploads\/2017\/08\/005.jpg'><img decoding=\"async\" width=\"300\" height=\"200\" src=\"https:\/\/pinke.sk\/wp-content\/uploads\/2017\/08\/005-300x200.jpg\" class=\"attachment-medium size-medium\" alt=\"TTT Trans red office 4\" srcset=\"https:\/\/pinke.sk\/wp-content\/uploads\/2017\/08\/005-200x133.jpg 200w, https:\/\/pinke.sk\/wp-content\/uploads\/2017\/08\/005-300x200.jpg 300w, https:\/\/pinke.sk\/wp-content\/uploads\/2017\/08\/005-400x267.jpg 400w, https:\/\/pinke.sk\/wp-content\/uploads\/2017\/08\/005-600x400.jpg 600w, https:\/\/pinke.sk\/wp-content\/uploads\/2017\/08\/005-768x513.jpg 768w, https:\/\/pinke.sk\/wp-content\/uploads\/2017\/08\/005-800x534.jpg 800w, https:\/\/pinke.sk\/wp-content\/uploads\/2017\/08\/005-1024x683.jpg 1024w, https:\/\/pinke.sk\/wp-content\/uploads\/2017\/08\/005-1200x801.jpg 1200w, https:\/\/pinke.sk\/wp-content\/uploads\/2017\/08\/005.jpg 1500w\" sizes=\"(max-width: 300px) 100vw, 300px\" \/><\/a>\n\t\t\t<\/dt><\/dl><dl class='gallery-item'>\n\t\t\t<dt class='gallery-icon landscape'>\n\t\t\t\t<a data-rel=\"iLightbox[postimages]\" data-title=\"Spedition office\" data-caption=\"\" href='https:\/\/pinke.sk\/wp-content\/uploads\/2017\/08\/004-1.jpg'><img decoding=\"async\" width=\"300\" height=\"200\" src=\"https:\/\/pinke.sk\/wp-content\/uploads\/2017\/08\/004-1-300x200.jpg\" class=\"attachment-medium size-medium\" alt=\"Spedition office\" srcset=\"https:\/\/pinke.sk\/wp-content\/uploads\/2017\/08\/004-1-200x133.jpg 200w, https:\/\/pinke.sk\/wp-content\/uploads\/2017\/08\/004-1-300x200.jpg 300w, https:\/\/pinke.sk\/wp-content\/uploads\/2017\/08\/004-1-400x267.jpg 400w, https:\/\/pinke.sk\/wp-content\/uploads\/2017\/08\/004-1-600x400.jpg 600w, https:\/\/pinke.sk\/wp-content\/uploads\/2017\/08\/004-1-768x513.jpg 768w, https:\/\/pinke.sk\/wp-content\/uploads\/2017\/08\/004-1-800x534.jpg 800w, https:\/\/pinke.sk\/wp-content\/uploads\/2017\/08\/004-1-1024x683.jpg 1024w, https:\/\/pinke.sk\/wp-content\/uploads\/2017\/08\/004-1-1200x801.jpg 1200w, https:\/\/pinke.sk\/wp-content\/uploads\/2017\/08\/004-1.jpg 1500w\" sizes=\"(max-width: 300px) 100vw, 300px\" \/><\/a>\n\t\t\t<\/dt><\/dl><br style=\"clear: both\" \/><dl class='gallery-item'>\n\t\t\t<dt class='gallery-icon landscape'>\n\t\t\t\t<a data-rel=\"iLightbox[postimages]\" data-title=\"Spedition 003\" data-caption=\"\" href='https:\/\/pinke.sk\/wp-content\/uploads\/2017\/08\/003-1.jpg'><img decoding=\"async\" width=\"300\" height=\"200\" src=\"https:\/\/pinke.sk\/wp-content\/uploads\/2017\/08\/003-1-300x200.jpg\" class=\"attachment-medium size-medium\" alt=\"Spedition 003\" srcset=\"https:\/\/pinke.sk\/wp-content\/uploads\/2017\/08\/003-1-200x133.jpg 200w, https:\/\/pinke.sk\/wp-content\/uploads\/2017\/08\/003-1-300x200.jpg 300w, https:\/\/pinke.sk\/wp-content\/uploads\/2017\/08\/003-1-400x267.jpg 400w, https:\/\/pinke.sk\/wp-content\/uploads\/2017\/08\/003-1-600x400.jpg 600w, https:\/\/pinke.sk\/wp-content\/uploads\/2017\/08\/003-1-768x513.jpg 768w, https:\/\/pinke.sk\/wp-content\/uploads\/2017\/08\/003-1-800x534.jpg 800w, https:\/\/pinke.sk\/wp-content\/uploads\/2017\/08\/003-1-1024x683.jpg 1024w, https:\/\/pinke.sk\/wp-content\/uploads\/2017\/08\/003-1-1200x801.jpg 1200w, https:\/\/pinke.sk\/wp-content\/uploads\/2017\/08\/003-1.jpg 1500w\" sizes=\"(max-width: 300px) 100vw, 300px\" \/><\/a>\n\t\t\t<\/dt><\/dl><dl class='gallery-item'>\n\t\t\t<dt class='gallery-icon landscape'>\n\t\t\t\t<a data-rel=\"iLightbox[postimages]\" data-title=\"Servis TTT 001\" data-caption=\"\" href='https:\/\/pinke.sk\/wp-content\/uploads\/2017\/08\/001-2.jpg'><img decoding=\"async\" width=\"300\" height=\"200\" src=\"https:\/\/pinke.sk\/wp-content\/uploads\/2017\/08\/001-2-300x200.jpg\" class=\"attachment-medium size-medium\" alt=\"Servis TTT 001\" srcset=\"https:\/\/pinke.sk\/wp-content\/uploads\/2017\/08\/001-2-200x133.jpg 200w, https:\/\/pinke.sk\/wp-content\/uploads\/2017\/08\/001-2-300x200.jpg 300w, https:\/\/pinke.sk\/wp-content\/uploads\/2017\/08\/001-2-400x267.jpg 400w, https:\/\/pinke.sk\/wp-content\/uploads\/2017\/08\/001-2-600x400.jpg 600w, https:\/\/pinke.sk\/wp-content\/uploads\/2017\/08\/001-2-768x512.jpg 768w, https:\/\/pinke.sk\/wp-content\/uploads\/2017\/08\/001-2-800x533.jpg 800w, https:\/\/pinke.sk\/wp-content\/uploads\/2017\/08\/001-2-1024x683.jpg 1024w, https:\/\/pinke.sk\/wp-content\/uploads\/2017\/08\/001-2-1200x800.jpg 1200w, https:\/\/pinke.sk\/wp-content\/uploads\/2017\/08\/001-2.jpg 1500w\" sizes=\"(max-width: 300px) 100vw, 300px\" \/><\/a>\n\t\t\t<\/dt><\/dl><dl class='gallery-item'>\n\t\t\t<dt class='gallery-icon landscape'>\n\t\t\t\t<a data-rel=\"iLightbox[postimages]\" data-title=\"Trucks\" data-caption=\"\" href='https:\/\/pinke.sk\/wp-content\/uploads\/2017\/08\/006.jpg'><img decoding=\"async\" width=\"300\" height=\"200\" src=\"https:\/\/pinke.sk\/wp-content\/uploads\/2017\/08\/006-300x200.jpg\" class=\"attachment-medium size-medium\" alt=\"Trucks\" srcset=\"https:\/\/pinke.sk\/wp-content\/uploads\/2017\/08\/006-200x133.jpg 200w, https:\/\/pinke.sk\/wp-content\/uploads\/2017\/08\/006-300x200.jpg 300w, https:\/\/pinke.sk\/wp-content\/uploads\/2017\/08\/006-400x267.jpg 400w, https:\/\/pinke.sk\/wp-content\/uploads\/2017\/08\/006-600x400.jpg 600w, https:\/\/pinke.sk\/wp-content\/uploads\/2017\/08\/006-768x513.jpg 768w, https:\/\/pinke.sk\/wp-content\/uploads\/2017\/08\/006-800x534.jpg 800w, https:\/\/pinke.sk\/wp-content\/uploads\/2017\/08\/006-1024x683.jpg 1024w, https:\/\/pinke.sk\/wp-content\/uploads\/2017\/08\/006-1200x801.jpg 1200w, https:\/\/pinke.sk\/wp-content\/uploads\/2017\/08\/006.jpg 1500w\" sizes=\"(max-width: 300px) 100vw, 300px\" \/><\/a>\n\t\t\t<\/dt><\/dl><br style=\"clear: both\" \/>\n\t\t<\/div>\n\n<\/div><div class=\"fusion-clearfix\"><\/div><\/div><\/div><\/div><\/div><div class=\"fusion-fullwidth fullwidth-box fusion-builder-row-3 fusion-parallax-none nonhundred-percent-fullwidth non-hundred-percent-height-scrolling\" style=\"--awb-border-radius-top-left:0px;--awb-border-radius-top-right:0px;--awb-border-radius-bottom-right:0px;--awb-border-radius-bottom-left:0px;--awb-padding-top:80px;--awb-padding-bottom:80px;--awb-background-image:url(&quot;http:\/\/pinke.sk\/wp-content\/uploads\/2017\/07\/nez_korbe_bg.jpg&quot;);--awb-background-size:cover;--awb-flex-wrap:wrap;\" ><div class=\"fusion-builder-row fusion-row\"><div class=\"fusion-layout-column fusion_builder_column fusion-builder-column-4 fusion_builder_column_1_1 1_1 fusion-one-full fusion-column-first fusion-column-last\" style=\"--awb-bg-size:cover;\"><div class=\"fusion-column-wrapper fusion-flex-column-wrapper-legacy\"><div class=\"fusion-text fusion-text-5\"><div class=\"text-viewer\">\n<p style=\"text-align: center;\">Truck &#8211; Trans &#8211; Trade<\/p>\n<h2 style=\"text-align: center;\">N\u00e9zzen k\u00f6rbe n\u00e1lunk!<\/h2>\n<p style=\"text-align: center;\">Az eg\u00e9r jobb vagy balra h\u00faz\u00e1s\u00e1val tudja forgatni a k\u00e9pet<\/p>\n<\/div>\n<\/div><div class=\"fusion-tabs fusion-tabs-1 clean nav-not-justified horizontal-tabs icon-position-left mobile-mode-accordion\" style=\"--awb-title-border-radius-top-left:0px;--awb-title-border-radius-top-right:0px;--awb-title-border-radius-bottom-right:0px;--awb-title-border-radius-bottom-left:0px;--awb-inactive-color:rgba(234,0,0,0);--awb-background-color:rgba(255,255,255,0);--awb-border-color:rgba(235,234,234,0);--awb-active-border-color:#c80014;\"><div class=\"nav\"><ul class=\"nav-tabs\" role=\"tablist\"><li class=\"active\" role=\"presentation\"><a class=\"tab-link\" data-toggle=\"tab\" role=\"tab\" aria-controls=\"tab-87e64c8a2a19ff528b0\" aria-selected=\"true\" id=\"fusion-tab-\u00c9p\u00dclet\" href=\"#tab-87e64c8a2a19ff528b0\"><h4 class=\"fusion-tab-heading\">\u00c9P\u00dcLET<\/h4><\/a><\/li><li role=\"presentation\"><a class=\"tab-link\" data-toggle=\"tab\" role=\"tab\" aria-controls=\"tab-4982905683e2234fc00\" aria-selected=\"false\" tabindex=\"-1\" id=\"fusion-tab-szerviz\" href=\"#tab-4982905683e2234fc00\"><h4 class=\"fusion-tab-heading\">SZERVIZ<\/h4><\/a><\/li><\/ul><\/div><div class=\"tab-content\"><div class=\"nav fusion-mobile-tab-nav\"><ul class=\"nav-tabs\" role=\"tablist\"><li class=\"active\" role=\"presentation\"><a class=\"tab-link\" data-toggle=\"tab\" role=\"tab\" aria-controls=\"tab-87e64c8a2a19ff528b0\" aria-selected=\"true\" id=\"mobile-fusion-tab-\u00c9p\u00dclet\" href=\"#tab-87e64c8a2a19ff528b0\"><h4 class=\"fusion-tab-heading\">\u00c9P\u00dcLET<\/h4><\/a><\/li><\/ul><\/div><div class=\"tab-pane fade fusion-clearfix in active\" role=\"tabpanel\" tabindex=\"0\" aria-labelledby=\"fusion-tab-\u00c9p\u00dclet\" id=\"tab-87e64c8a2a19ff528b0\">\n<div class=\"panorama360\" style=\"height: 350px; margin-bottom: 20px;\"><div class=\"panorama-view\" data-sliding-direction=\"-1\" data-sliding-interval=\"20\"><div class=\"panorama-container\"><img decoding=\"async\" src=\"http:\/\/pinke.sk\/wp-content\/uploads\/2017\/08\/Panorama_big-m\u00e1solata.jpg\" data-width=\"3498\" data-height=\"507\" alt=\"\"><\/div><\/div><\/div>\n<\/div><div class=\"nav fusion-mobile-tab-nav\"><ul class=\"nav-tabs\" role=\"tablist\"><li role=\"presentation\"><a class=\"tab-link\" data-toggle=\"tab\" role=\"tab\" aria-controls=\"tab-4982905683e2234fc00\" aria-selected=\"false\" tabindex=\"-1\" id=\"mobile-fusion-tab-szerviz\" href=\"#tab-4982905683e2234fc00\"><h4 class=\"fusion-tab-heading\">SZERVIZ<\/h4><\/a><\/li><\/ul><\/div><div class=\"tab-pane fade fusion-clearfix\" role=\"tabpanel\" tabindex=\"0\" aria-labelledby=\"fusion-tab-szerviz\" id=\"tab-4982905683e2234fc00\">\n<div class=\"panorama360\" style=\"height: 350px; margin-bottom: 20px;\"><div class=\"panorama-view\" data-sliding-direction=\"-1\" data-sliding-interval=\"20\"><div class=\"panorama-container\"><img decoding=\"async\" src=\"http:\/\/pinke.sk\/wp-content\/uploads\/2017\/08\/Panorama2-1.jpg\" data-width=\"2990\" data-height=\"1002\" alt=\"\"><\/div><\/div><\/div>\n<\/div><\/div><\/div><div class=\"fusion-text fusion-text-6\"><div class=\"pano-top\"><\/div>\n<\/div><div class=\"fusion-clearfix\"><\/div><\/div><\/div><\/div><\/div><div class=\"fusion-fullwidth fullwidth-box fusion-builder-row-4 fusion-parallax-none nonhundred-percent-fullwidth non-hundred-percent-height-scrolling\" style=\"--awb-border-radius-top-left:0px;--awb-border-radius-top-right:0px;--awb-border-radius-bottom-right:0px;--awb-border-radius-bottom-left:0px;--awb-padding-top:80px;--awb-padding-bottom:80px;--awb-background-image:url(&quot;http:\/\/pinke.sk\/wp-content\/uploads\/2017\/07\/kerdese_van_bg.jpg&quot;);--awb-background-size:cover;--awb-flex-wrap:wrap;\" ><div class=\"fusion-builder-row fusion-row\"><div class=\"fusion-layout-column fusion_builder_column fusion-builder-column-5 fusion_builder_column_1_1 1_1 fusion-one-full fusion-column-first fusion-column-last\" style=\"--awb-bg-size:cover;\"><div class=\"fusion-column-wrapper fusion-flex-column-wrapper-legacy\"><div class=\"fusion-text fusion-text-7\"><div class=\"pano-bottom\"><\/div>\n<\/div><div class=\"fusion-text fusion-text-8\"><div class=\"text-contact\">\n<p style=\"text-align: center;\">Truck &#8211; Trans -Trade<\/p>\n<h2 style=\"text-align: center;\">K\u00e9rd\u00e9se Van?<\/h2>\n<p class=\"text-contact-sub\" style=\"text-align: center;\">B\u00e1rmilyen k\u00e9rd\u00e9se van keressen minket bizalommal. Nincs m\u00e1s dolga, mint, hogy kit\u00f6ltse a lentebb tal\u00e1lhat\u00f3 \u0171rlapot. Rem\u00e9lj\u00fck, hamarosan \u00d6nt \u00e9s v\u00e1llalkoz\u00e1s\u00e1t is Partnereink k\u00f6z\u00f6tt \u00fcdv\u00f6z\u00f6lhetj\u00fck.<\/p>\n<\/div>\n<\/div><div class=\"fusion-text fusion-text-9\"><div role=\"form\" class=\"wpcf7\" id=\"wpcf7-f13-o1\" lang=\"sk-SK\" dir=\"ltr\">\n<div class=\"screen-reader-response\"><\/div>\n<form action=\"\/hu\/wp-json\/wp\/v2\/pages\/127#wpcf7-f13-o1\" method=\"post\" class=\"wpcf7-form\" novalidate=\"novalidate\">\n<div style=\"display: none;\">\n<input type=\"hidden\" name=\"_wpcf7\" value=\"13\" \/>\n<input type=\"hidden\" name=\"_wpcf7_version\" value=\"4.8.1\" \/>\n<input type=\"hidden\" name=\"_wpcf7_locale\" value=\"sk_SK\" \/>\n<input type=\"hidden\" name=\"_wpcf7_unit_tag\" value=\"wpcf7-f13-o1\" \/>\n<input type=\"hidden\" name=\"_wpcf7_container_post\" value=\"0\" \/>\n<input type=\"hidden\" name=\"_wpcf7_nonce\" value=\"4609367b36\" \/>\n<\/div>\n<div class=\"contact-form\">\n<div class=\"fusion-layout-column fusion_builder_column fusion_builder_column_1_3 fusion-one-third 1_3 select\">\n<div class=\"fusion-column-wrapper\">\n      <label> N\u00e9v<br \/>\n        <span class=\"wpcf7-form-control-wrap your-name\"><input type=\"text\" name=\"your-name\" value=\"\" size=\"40\" class=\"wpcf7-form-control wpcf7-text wpcf7-validates-as-required\" aria-required=\"true\" aria-invalid=\"false\" \/><\/span> <\/label>\n    <\/div>\n<\/p><\/div>\n<div class=\"fusion-layout-column fusion_builder_column fusion_builder_column_1_3 fusion-one-third 1_3 select\">\n<div class=\"fusion-column-wrapper\">\n      <label> E-mail c\u00edm<br \/>\n        <span class=\"wpcf7-form-control-wrap your-email\"><input type=\"email\" name=\"your-email\" value=\"\" size=\"40\" class=\"wpcf7-form-control wpcf7-text wpcf7-email wpcf7-validates-as-required wpcf7-validates-as-email\" aria-required=\"true\" aria-invalid=\"false\" \/><\/span> <\/label>\n    <\/div>\n<\/p><\/div>\n<div class=\"fusion-layout-column fusion_builder_column fusion_builder_column_1_3 fusion-one-third 1_3 select\">\n<div class=\"fusion-column-wrapper\">\n      <label> Telefonsz\u00e1m<br \/>\n        <span class=\"wpcf7-form-control-wrap phone-num\"><input type=\"text\" name=\"phone-num\" value=\"\" size=\"40\" class=\"wpcf7-form-control wpcf7-text\" aria-invalid=\"false\" \/><\/span> <\/label>\n    <\/div>\n<\/p><\/div>\n<div class=\"fusion-column-wrapper\">\n    <label> \u00dczenet<br \/>\n      <span class=\"wpcf7-form-control-wrap your-message\"><textarea name=\"your-message\" cols=\"40\" rows=\"10\" class=\"wpcf7-form-control wpcf7-textarea\" aria-invalid=\"false\"><\/textarea><\/span> <\/label>\n  <\/div>\n<div class=\"fusion-column-wrapper\"> <input type=\"submit\" value=\"K\u00fcld\u00e9s\" class=\"wpcf7-form-control wpcf7-submit\" \/> <\/div>\n<\/div>\n<div class=\"fusion-alert alert custom alert-custom fusion-alert-center wpcf7-response-output wpcf7-display-none awb-alert-native-link-color alert-dismissable awb-alert-close-boxed\" style=\"--awb-border-size:1px;--awb-border-top-left-radius:0px;--awb-border-top-right-radius:0px;--awb-border-bottom-left-radius:0px;--awb-border-bottom-right-radius:0px;\" role=\"alert\"><div class=\"fusion-alert-content-wrapper\"><span class=\"fusion-alert-content\"><\/span><\/div><button type=\"button\" class=\"close toggle-alert\" data-dismiss=\"alert\" aria-label=\"Close\">&times;<\/button><\/div><\/form><\/div>\n<\/div><div class=\"fusion-clearfix\"><\/div><\/div><\/div><\/div><\/div><\/p>\n","protected":false},"excerpt":{"rendered":"","protected":false},"author":2,"featured_media":0,"parent":0,"menu_order":0,"comment_status":"closed","ping_status":"closed","template":"100-width.php","meta":{"footnotes":""},"class_list":["post-127","page","type-page","status-publish","hentry"],"_links":{"self":[{"href":"https:\/\/pinke.sk\/hu\/wp-json\/wp\/v2\/pages\/127","targetHints":{"allow":["GET"]}}],"collection":[{"href":"https:\/\/pinke.sk\/hu\/wp-json\/wp\/v2\/pages"}],"about":[{"href":"https:\/\/pinke.sk\/hu\/wp-json\/wp\/v2\/types\/page"}],"author":[{"embeddable":true,"href":"https:\/\/pinke.sk\/hu\/wp-json\/wp\/v2\/users\/2"}],"replies":[{"embeddable":true,"href":"https:\/\/pinke.sk\/hu\/wp-json\/wp\/v2\/comments?post=127"}],"version-history":[{"count":14,"href":"https:\/\/pinke.sk\/hu\/wp-json\/wp\/v2\/pages\/127\/revisions"}],"predecessor-version":[{"id":548,"href":"https:\/\/pinke.sk\/hu\/wp-json\/wp\/v2\/pages\/127\/revisions\/548"}],"wp:attachment":[{"href":"https:\/\/pinke.sk\/hu\/wp-json\/wp\/v2\/media?parent=127"}],"curies":[{"name":"wp","href":"https:\/\/api.w.org\/{rel}","templated":true}]}}