{"id":143,"date":"2017-08-15T13:50:22","date_gmt":"2017-08-15T11:50:22","guid":{"rendered":"http:\/\/pinke.gartproject.com\/?page_id=143"},"modified":"2018-01-17T16:10:53","modified_gmt":"2018-01-17T15:10:53","slug":"gepjarmupark","status":"publish","type":"page","link":"https:\/\/pinke.sk\/hu\/gepjarmupark\/","title":{"rendered":"G\u00e9pj\u00e1rm\u0171park"},"content":{"rendered":"<p><div class=\"fusion-fullwidth fullwidth-box fusion-builder-row-1 fusion-parallax-none nonhundred-percent-fullwidth non-hundred-percent-height-scrolling\" style=\"--awb-border-radius-top-left:0px;--awb-border-radius-top-right:0px;--awb-border-radius-bottom-right:0px;--awb-border-radius-bottom-left:0px;--awb-padding-top:80px;--awb-padding-bottom:80px;--awb-background-image:url(&quot;http:\/\/pinke.sk\/wp-content\/uploads\/2017\/08\/europe-map-bg.jpg&quot;);--awb-background-size:cover;--awb-flex-wrap:wrap;\" ><div class=\"fusion-builder-row fusion-row\"><div class=\"fusion-layout-column fusion_builder_column fusion-builder-column-0 fusion_builder_column_1_1 1_1 fusion-one-full fusion-column-first fusion-column-last\" style=\"--awb-bg-size:cover;\"><div class=\"fusion-column-wrapper fusion-flex-column-wrapper-legacy\"><div class=\"fusion-text fusion-text-1\"><h1 style=\"text-align: center;\">G\u00c9PJ\u00c1RM\u0170PARK<\/h1>\n<div class=\"about-us-txt\">\n<p style=\"text-align: center;\">C\u00e9g\u00fcnk 17 ponyv\u00e1s \u2013 24 tonn\u00e1s Renault t\u00edpus\u00fa j\u00e1rm\u0171vel rendelkezik, amelyek<\/p>\n<p style=\"text-align: center;\">k\u00f6rnyezetk\u00edm\u00e9l\u0151 motorral v\u00e9gzik feladatainak, \u00e9s megfelelnek az eur\u00f3pai<\/p>\n<p style=\"text-align: center;\">k\u00f6rnyezetv\u00e9delmi (EURO 5, EURO EEV) el\u0151\u00edr\u00e1soknak. Minden j\u00e1rm\u0171v\u00fcnket mobiltelefonnal \u00e9s<\/p>\n<p style=\"text-align: center;\">GPS m\u0171holdas helyzetmeghat\u00e1roz\u00f3 \u00e9s -k\u00f6vet\u0151 rendszerrel szerelt\u00fcnk fel.<\/p>\n<\/div>\n<\/div><div class=\"fusion-clearfix\"><\/div><\/div><\/div><\/div><\/div><div class=\"fusion-fullwidth fullwidth-box fusion-builder-row-2 nonhundred-percent-fullwidth non-hundred-percent-height-scrolling\" style=\"--awb-border-radius-top-left:0px;--awb-border-radius-top-right:0px;--awb-border-radius-bottom-right:0px;--awb-border-radius-bottom-left:0px;--awb-padding-top:80px;--awb-padding-bottom:80px;--awb-flex-wrap:wrap;\" ><div class=\"fusion-builder-row fusion-row\"><div class=\"fusion-layout-column fusion_builder_column fusion-builder-column-1 fusion_builder_column_1_1 1_1 fusion-one-full fusion-column-first fusion-column-last\" style=\"--awb-bg-size:cover;\"><div class=\"fusion-column-wrapper fusion-flex-column-wrapper-legacy\"><div class=\"fusion-text fusion-text-2\"><h2 style=\"text-align: center;\">G\u00c9PJ\u00c1RM\u0170PARKUNK K\u00c9PEKBEN<\/h2>\n<div class=\"about-us-txt\"><\/div>\n<\/div><div class=\"fusion-sep-clear\"><\/div><div class=\"fusion-separator fusion-full-width-sep\" style=\"margin-left: auto;margin-right: auto;margin-top:10px;margin-bottom:10px;width:100%;\"><\/div><div class=\"fusion-sep-clear\"><\/div><div class=\"fusion-text fusion-text-3\">\n\t\t<style type=\"text\/css\">\n\t\t\t#gallery-1 {\n\t\t\t\tmargin: auto;\n\t\t\t}\n\t\t\t#gallery-1 .gallery-item {\n\t\t\t\tfloat: left;\n\t\t\t\tmargin-top: 10px;\n\t\t\t\ttext-align: center;\n\t\t\t\twidth: 20%;\n\t\t\t}\n\t\t\t#gallery-1 img {\n\t\t\t\tborder: 2px solid #cfcfcf;\n\t\t\t}\n\t\t\t#gallery-1 .gallery-caption {\n\t\t\t\tmargin-left: 0;\n\t\t\t}\n\t\t\t\/* see gallery_shortcode() in wp-includes\/media.php *\/\n\t\t<\/style>\n\t\t<div id='gallery-1' class='gallery galleryid-143 gallery-columns-5 gallery-size-thumbnail'><dl class='gallery-item'>\n\t\t\t<dt class='gallery-icon landscape'>\n\t\t\t\t<a data-rel=\"iLightbox[postimages]\" data-title=\"DXI 13480 EEV\" data-caption=\"DXI 13480 EEV\" href='https:\/\/pinke.sk\/wp-content\/uploads\/2017\/08\/spedicia_pinke001.jpg'><img decoding=\"async\" width=\"150\" height=\"150\" src=\"https:\/\/pinke.sk\/wp-content\/uploads\/2017\/08\/spedicia_pinke001-150x150.jpg\" class=\"attachment-thumbnail size-thumbnail\" alt=\"DXI 13480 EEV\" aria-describedby=\"gallery-1-2442\" srcset=\"https:\/\/pinke.sk\/wp-content\/uploads\/2017\/08\/spedicia_pinke001-66x66.jpg 66w, https:\/\/pinke.sk\/wp-content\/uploads\/2017\/08\/spedicia_pinke001-150x150.jpg 150w\" sizes=\"(max-width: 150px) 100vw, 150px\" \/><\/a>\n\t\t\t<\/dt>\n\t\t\t\t<dd class='wp-caption-text gallery-caption' id='gallery-1-2442'>\n\t\t\t\tDXI 13480 EEV\n\t\t\t\t<\/dd><\/dl><dl class='gallery-item'>\n\t\t\t<dt class='gallery-icon landscape'>\n\t\t\t\t<a data-rel=\"iLightbox[postimages]\" data-title=\"DXI 13480 EEV\" data-caption=\"DXI 13480 EEV\" href='https:\/\/pinke.sk\/wp-content\/uploads\/2017\/08\/spedicia_pinke002.jpg'><img decoding=\"async\" width=\"150\" height=\"150\" src=\"https:\/\/pinke.sk\/wp-content\/uploads\/2017\/08\/spedicia_pinke002-150x150.jpg\" class=\"attachment-thumbnail size-thumbnail\" alt=\"\" aria-describedby=\"gallery-1-2444\" srcset=\"https:\/\/pinke.sk\/wp-content\/uploads\/2017\/08\/spedicia_pinke002-66x66.jpg 66w, https:\/\/pinke.sk\/wp-content\/uploads\/2017\/08\/spedicia_pinke002-150x150.jpg 150w\" sizes=\"(max-width: 150px) 100vw, 150px\" \/><\/a>\n\t\t\t<\/dt>\n\t\t\t\t<dd class='wp-caption-text gallery-caption' id='gallery-1-2444'>\n\t\t\t\tDXI 13480 EEV\n\t\t\t\t<\/dd><\/dl><dl class='gallery-item'>\n\t\t\t<dt class='gallery-icon landscape'>\n\t\t\t\t<a data-rel=\"iLightbox[postimages]\" data-title=\"DXI 13480 EEV\" data-caption=\"DXI 13480 EEV\" href='https:\/\/pinke.sk\/wp-content\/uploads\/2017\/08\/spedicia_pinke003.jpg'><img decoding=\"async\" width=\"150\" height=\"150\" src=\"https:\/\/pinke.sk\/wp-content\/uploads\/2017\/08\/spedicia_pinke003-150x150.jpg\" class=\"attachment-thumbnail size-thumbnail\" alt=\"\" aria-describedby=\"gallery-1-2446\" srcset=\"https:\/\/pinke.sk\/wp-content\/uploads\/2017\/08\/spedicia_pinke003-66x66.jpg 66w, https:\/\/pinke.sk\/wp-content\/uploads\/2017\/08\/spedicia_pinke003-150x150.jpg 150w\" sizes=\"(max-width: 150px) 100vw, 150px\" \/><\/a>\n\t\t\t<\/dt>\n\t\t\t\t<dd class='wp-caption-text gallery-caption' id='gallery-1-2446'>\n\t\t\t\tDXI 13480 EEV\n\t\t\t\t<\/dd><\/dl><dl class='gallery-item'>\n\t\t\t<dt class='gallery-icon landscape'>\n\t\t\t\t<a data-rel=\"iLightbox[postimages]\" data-title=\"DXI 13500\" data-caption=\"DXI 13500\" href='https:\/\/pinke.sk\/wp-content\/uploads\/2017\/08\/spedicia_pinke004.jpg'><img decoding=\"async\" width=\"150\" height=\"150\" src=\"https:\/\/pinke.sk\/wp-content\/uploads\/2017\/08\/spedicia_pinke004-150x150.jpg\" class=\"attachment-thumbnail size-thumbnail\" alt=\"\" aria-describedby=\"gallery-1-2448\" srcset=\"https:\/\/pinke.sk\/wp-content\/uploads\/2017\/08\/spedicia_pinke004-66x66.jpg 66w, https:\/\/pinke.sk\/wp-content\/uploads\/2017\/08\/spedicia_pinke004-150x150.jpg 150w\" sizes=\"(max-width: 150px) 100vw, 150px\" \/><\/a>\n\t\t\t<\/dt>\n\t\t\t\t<dd class='wp-caption-text gallery-caption' id='gallery-1-2448'>\n\t\t\t\tDXI 13500\n\t\t\t\t<\/dd><\/dl><dl class='gallery-item'>\n\t\t\t<dt class='gallery-icon landscape'>\n\t\t\t\t<a data-rel=\"iLightbox[postimages]\" data-title=\"DXI 13480 EEV\" data-caption=\"DXI 13480 EEV\" href='https:\/\/pinke.sk\/wp-content\/uploads\/2017\/08\/spedicia_pinke005.jpg'><img decoding=\"async\" width=\"150\" height=\"150\" src=\"https:\/\/pinke.sk\/wp-content\/uploads\/2017\/08\/spedicia_pinke005-150x150.jpg\" class=\"attachment-thumbnail size-thumbnail\" alt=\"\" aria-describedby=\"gallery-1-2450\" srcset=\"https:\/\/pinke.sk\/wp-content\/uploads\/2017\/08\/spedicia_pinke005-66x66.jpg 66w, https:\/\/pinke.sk\/wp-content\/uploads\/2017\/08\/spedicia_pinke005-150x150.jpg 150w\" sizes=\"(max-width: 150px) 100vw, 150px\" \/><\/a>\n\t\t\t<\/dt>\n\t\t\t\t<dd class='wp-caption-text gallery-caption' id='gallery-1-2450'>\n\t\t\t\tDXI 13480 EEV\n\t\t\t\t<\/dd><\/dl><br style=\"clear: both\" \/><dl class='gallery-item'>\n\t\t\t<dt class='gallery-icon landscape'>\n\t\t\t\t<a data-rel=\"iLightbox[postimages]\" data-title=\"DXI 13460\" data-caption=\"DXI 13460\" href='https:\/\/pinke.sk\/wp-content\/uploads\/2017\/08\/spedicia_pinke006.jpg'><img decoding=\"async\" width=\"150\" height=\"150\" src=\"https:\/\/pinke.sk\/wp-content\/uploads\/2017\/08\/spedicia_pinke006-150x150.jpg\" class=\"attachment-thumbnail size-thumbnail\" alt=\"\" aria-describedby=\"gallery-1-2452\" srcset=\"https:\/\/pinke.sk\/wp-content\/uploads\/2017\/08\/spedicia_pinke006-66x66.jpg 66w, https:\/\/pinke.sk\/wp-content\/uploads\/2017\/08\/spedicia_pinke006-150x150.jpg 150w\" sizes=\"(max-width: 150px) 100vw, 150px\" \/><\/a>\n\t\t\t<\/dt>\n\t\t\t\t<dd class='wp-caption-text gallery-caption' id='gallery-1-2452'>\n\t\t\t\tDXI 13460\n\t\t\t\t<\/dd><\/dl><dl class='gallery-item'>\n\t\t\t<dt class='gallery-icon landscape'>\n\t\t\t\t<a data-rel=\"iLightbox[postimages]\" data-title=\"DXI 13480 EEV\" data-caption=\"DXI 13480 EEV\" href='https:\/\/pinke.sk\/wp-content\/uploads\/2017\/08\/spedicia_pinke007.jpg'><img decoding=\"async\" width=\"150\" height=\"150\" src=\"https:\/\/pinke.sk\/wp-content\/uploads\/2017\/08\/spedicia_pinke007-150x150.jpg\" class=\"attachment-thumbnail size-thumbnail\" alt=\"\" aria-describedby=\"gallery-1-2454\" srcset=\"https:\/\/pinke.sk\/wp-content\/uploads\/2017\/08\/spedicia_pinke007-66x66.jpg 66w, https:\/\/pinke.sk\/wp-content\/uploads\/2017\/08\/spedicia_pinke007-150x150.jpg 150w\" sizes=\"(max-width: 150px) 100vw, 150px\" \/><\/a>\n\t\t\t<\/dt>\n\t\t\t\t<dd class='wp-caption-text gallery-caption' id='gallery-1-2454'>\n\t\t\t\tDXI 13480 EEV\n\t\t\t\t<\/dd><\/dl><dl class='gallery-item'>\n\t\t\t<dt class='gallery-icon landscape'>\n\t\t\t\t<a data-rel=\"iLightbox[postimages]\" data-title=\"DXI 13500\" data-caption=\"DXI 13500\" href='https:\/\/pinke.sk\/wp-content\/uploads\/2017\/08\/spedicia_pinke008.jpg'><img decoding=\"async\" width=\"150\" height=\"150\" src=\"https:\/\/pinke.sk\/wp-content\/uploads\/2017\/08\/spedicia_pinke008-150x150.jpg\" class=\"attachment-thumbnail size-thumbnail\" alt=\"\" aria-describedby=\"gallery-1-2456\" srcset=\"https:\/\/pinke.sk\/wp-content\/uploads\/2017\/08\/spedicia_pinke008-66x66.jpg 66w, https:\/\/pinke.sk\/wp-content\/uploads\/2017\/08\/spedicia_pinke008-150x150.jpg 150w\" sizes=\"(max-width: 150px) 100vw, 150px\" \/><\/a>\n\t\t\t<\/dt>\n\t\t\t\t<dd class='wp-caption-text gallery-caption' id='gallery-1-2456'>\n\t\t\t\tDXI 13500\n\t\t\t\t<\/dd><\/dl><dl class='gallery-item'>\n\t\t\t<dt class='gallery-icon landscape'>\n\t\t\t\t<a data-rel=\"iLightbox[postimages]\" data-title=\"DXI 13480 EEV\" data-caption=\"DXI 13480 EEV\" href='https:\/\/pinke.sk\/wp-content\/uploads\/2017\/08\/spedicia_pinke009.jpg'><img decoding=\"async\" width=\"150\" height=\"150\" src=\"https:\/\/pinke.sk\/wp-content\/uploads\/2017\/08\/spedicia_pinke009-150x150.jpg\" class=\"attachment-thumbnail size-thumbnail\" alt=\"\" aria-describedby=\"gallery-1-2458\" srcset=\"https:\/\/pinke.sk\/wp-content\/uploads\/2017\/08\/spedicia_pinke009-66x66.jpg 66w, https:\/\/pinke.sk\/wp-content\/uploads\/2017\/08\/spedicia_pinke009-150x150.jpg 150w\" sizes=\"(max-width: 150px) 100vw, 150px\" \/><\/a>\n\t\t\t<\/dt>\n\t\t\t\t<dd class='wp-caption-text gallery-caption' id='gallery-1-2458'>\n\t\t\t\tDXI 13480 EEV\n\t\t\t\t<\/dd><\/dl><dl class='gallery-item'>\n\t\t\t<dt class='gallery-icon landscape'>\n\t\t\t\t<a data-rel=\"iLightbox[postimages]\" data-title=\"DXI 13480 EEV\" data-caption=\"DXI 13480 EEV\" href='https:\/\/pinke.sk\/wp-content\/uploads\/2017\/08\/spedicia_pinke010.jpg'><img decoding=\"async\" width=\"150\" height=\"150\" src=\"https:\/\/pinke.sk\/wp-content\/uploads\/2017\/08\/spedicia_pinke010-150x150.jpg\" class=\"attachment-thumbnail size-thumbnail\" alt=\"\" aria-describedby=\"gallery-1-2460\" srcset=\"https:\/\/pinke.sk\/wp-content\/uploads\/2017\/08\/spedicia_pinke010-66x66.jpg 66w, https:\/\/pinke.sk\/wp-content\/uploads\/2017\/08\/spedicia_pinke010-150x150.jpg 150w\" sizes=\"(max-width: 150px) 100vw, 150px\" \/><\/a>\n\t\t\t<\/dt>\n\t\t\t\t<dd class='wp-caption-text gallery-caption' id='gallery-1-2460'>\n\t\t\t\tDXI 13480 EEV\n\t\t\t\t<\/dd><\/dl><br style=\"clear: both\" \/><dl class='gallery-item'>\n\t\t\t<dt class='gallery-icon landscape'>\n\t\t\t\t<a data-rel=\"iLightbox[postimages]\" data-title=\"DXI 13480 EEV\" data-caption=\"DXI 13480 EEV\" href='https:\/\/pinke.sk\/wp-content\/uploads\/2017\/08\/spedicia_pinke011.jpg'><img decoding=\"async\" width=\"150\" height=\"150\" src=\"https:\/\/pinke.sk\/wp-content\/uploads\/2017\/08\/spedicia_pinke011-150x150.jpg\" class=\"attachment-thumbnail size-thumbnail\" alt=\"\" aria-describedby=\"gallery-1-2462\" srcset=\"https:\/\/pinke.sk\/wp-content\/uploads\/2017\/08\/spedicia_pinke011-66x66.jpg 66w, https:\/\/pinke.sk\/wp-content\/uploads\/2017\/08\/spedicia_pinke011-150x150.jpg 150w\" sizes=\"(max-width: 150px) 100vw, 150px\" \/><\/a>\n\t\t\t<\/dt>\n\t\t\t\t<dd class='wp-caption-text gallery-caption' id='gallery-1-2462'>\n\t\t\t\tDXI 13480 EEV\n\t\t\t\t<\/dd><\/dl><dl class='gallery-item'>\n\t\t\t<dt class='gallery-icon landscape'>\n\t\t\t\t<a data-rel=\"iLightbox[postimages]\" data-title=\"DXI 440.195\" data-caption=\"DXI 440.195\" href='https:\/\/pinke.sk\/wp-content\/uploads\/2017\/08\/spedicia_pinke012.jpg'><img decoding=\"async\" width=\"150\" height=\"150\" src=\"https:\/\/pinke.sk\/wp-content\/uploads\/2017\/08\/spedicia_pinke012-150x150.jpg\" class=\"attachment-thumbnail size-thumbnail\" alt=\"\" aria-describedby=\"gallery-1-2464\" srcset=\"https:\/\/pinke.sk\/wp-content\/uploads\/2017\/08\/spedicia_pinke012-66x66.jpg 66w, https:\/\/pinke.sk\/wp-content\/uploads\/2017\/08\/spedicia_pinke012-150x150.jpg 150w\" sizes=\"(max-width: 150px) 100vw, 150px\" \/><\/a>\n\t\t\t<\/dt>\n\t\t\t\t<dd class='wp-caption-text gallery-caption' id='gallery-1-2464'>\n\t\t\t\tDXI 440.195\n\t\t\t\t<\/dd><\/dl><dl class='gallery-item'>\n\t\t\t<dt class='gallery-icon landscape'>\n\t\t\t\t<a data-rel=\"iLightbox[postimages]\" data-title=\"DXI 500.185\" data-caption=\"DXI 500.185\" href='https:\/\/pinke.sk\/wp-content\/uploads\/2017\/08\/spedicia_pinke013.jpg'><img decoding=\"async\" width=\"150\" height=\"150\" src=\"https:\/\/pinke.sk\/wp-content\/uploads\/2017\/08\/spedicia_pinke013-150x150.jpg\" class=\"attachment-thumbnail size-thumbnail\" alt=\"\" aria-describedby=\"gallery-1-2466\" srcset=\"https:\/\/pinke.sk\/wp-content\/uploads\/2017\/08\/spedicia_pinke013-66x66.jpg 66w, https:\/\/pinke.sk\/wp-content\/uploads\/2017\/08\/spedicia_pinke013-150x150.jpg 150w\" sizes=\"(max-width: 150px) 100vw, 150px\" \/><\/a>\n\t\t\t<\/dt>\n\t\t\t\t<dd class='wp-caption-text gallery-caption' id='gallery-1-2466'>\n\t\t\t\tDXI 500.185\n\t\t\t\t<\/dd><\/dl><dl class='gallery-item'>\n\t\t\t<dt class='gallery-icon landscape'>\n\t\t\t\t<a data-rel=\"iLightbox[postimages]\" data-title=\"DXI 13500\" data-caption=\"DXI 13500\" href='https:\/\/pinke.sk\/wp-content\/uploads\/2017\/08\/spedicia_pinke014.jpg'><img decoding=\"async\" width=\"150\" height=\"150\" src=\"https:\/\/pinke.sk\/wp-content\/uploads\/2017\/08\/spedicia_pinke014-150x150.jpg\" class=\"attachment-thumbnail size-thumbnail\" alt=\"\" aria-describedby=\"gallery-1-2468\" srcset=\"https:\/\/pinke.sk\/wp-content\/uploads\/2017\/08\/spedicia_pinke014-66x66.jpg 66w, https:\/\/pinke.sk\/wp-content\/uploads\/2017\/08\/spedicia_pinke014-150x150.jpg 150w\" sizes=\"(max-width: 150px) 100vw, 150px\" \/><\/a>\n\t\t\t<\/dt>\n\t\t\t\t<dd class='wp-caption-text gallery-caption' id='gallery-1-2468'>\n\t\t\t\tDXI 13500\n\t\t\t\t<\/dd><\/dl><dl class='gallery-item'>\n\t\t\t<dt class='gallery-icon landscape'>\n\t\t\t\t<a data-rel=\"iLightbox[postimages]\" data-title=\"500.18T\" data-caption=\"500.18T\" href='https:\/\/pinke.sk\/wp-content\/uploads\/2017\/08\/spedicia_pinke015.jpg'><img decoding=\"async\" width=\"150\" height=\"150\" src=\"https:\/\/pinke.sk\/wp-content\/uploads\/2017\/08\/spedicia_pinke015-150x150.jpg\" class=\"attachment-thumbnail size-thumbnail\" alt=\"\" aria-describedby=\"gallery-1-2470\" srcset=\"https:\/\/pinke.sk\/wp-content\/uploads\/2017\/08\/spedicia_pinke015-66x66.jpg 66w, https:\/\/pinke.sk\/wp-content\/uploads\/2017\/08\/spedicia_pinke015-150x150.jpg 150w\" sizes=\"(max-width: 150px) 100vw, 150px\" \/><\/a>\n\t\t\t<\/dt>\n\t\t\t\t<dd class='wp-caption-text gallery-caption' id='gallery-1-2470'>\n\t\t\t\t500.18T\n\t\t\t\t<\/dd><\/dl><br style=\"clear: both\" \/><dl class='gallery-item'>\n\t\t\t<dt class='gallery-icon landscape'>\n\t\t\t\t<a data-rel=\"iLightbox[postimages]\" data-title=\"spedicia_pinke016\" data-caption=\"\" href='https:\/\/pinke.sk\/wp-content\/uploads\/2017\/08\/spedicia_pinke016.jpg'><img decoding=\"async\" width=\"150\" height=\"150\" src=\"https:\/\/pinke.sk\/wp-content\/uploads\/2017\/08\/spedicia_pinke016-150x150.jpg\" class=\"attachment-thumbnail size-thumbnail\" alt=\"\" srcset=\"https:\/\/pinke.sk\/wp-content\/uploads\/2017\/08\/spedicia_pinke016-66x66.jpg 66w, https:\/\/pinke.sk\/wp-content\/uploads\/2017\/08\/spedicia_pinke016-150x150.jpg 150w\" sizes=\"(max-width: 150px) 100vw, 150px\" \/><\/a>\n\t\t\t<\/dt><\/dl>\n\t\t\t<br style='clear: both' \/>\n\t\t<\/div>\n\n<\/div><div class=\"fusion-clearfix\"><\/div><\/div><\/div><\/div><\/div><div class=\"fusion-fullwidth fullwidth-box fusion-builder-row-3 fusion-parallax-none nonhundred-percent-fullwidth non-hundred-percent-height-scrolling\" style=\"--awb-border-radius-top-left:0px;--awb-border-radius-top-right:0px;--awb-border-radius-bottom-right:0px;--awb-border-radius-bottom-left:0px;--awb-padding-top:80px;--awb-padding-bottom:80px;--awb-background-image:url(&quot;http:\/\/pinke.sk\/wp-content\/uploads\/2017\/07\/nez_korbe_bg.jpg&quot;);--awb-background-size:cover;--awb-flex-wrap:wrap;\" ><div class=\"fusion-builder-row fusion-row\"><div class=\"fusion-layout-column fusion_builder_column fusion-builder-column-2 fusion_builder_column_1_1 1_1 fusion-one-full fusion-column-first fusion-column-last\" style=\"--awb-bg-size:cover;\"><div class=\"fusion-column-wrapper fusion-flex-column-wrapper-legacy\"><div class=\"fusion-text fusion-text-4\"><div class=\"text-viewer\">\n<p style=\"text-align: center;\">Truck &#8211; Trans &#8211; Trade<\/p>\n<h2 style=\"text-align: center;\">N\u00e9zzen k\u00f6rbe n\u00e1lunk!<\/h2>\n<p style=\"text-align: center;\">Az eg\u00e9r jobb vagy balra h\u00faz\u00e1s\u00e1val tudja forgatni a k\u00e9pet<\/p>\n<\/div>\n<\/div><div class=\"fusion-tabs fusion-tabs-1 clean nav-not-justified horizontal-tabs icon-position-left mobile-mode-accordion\" style=\"--awb-title-border-radius-top-left:0px;--awb-title-border-radius-top-right:0px;--awb-title-border-radius-bottom-right:0px;--awb-title-border-radius-bottom-left:0px;--awb-inactive-color:rgba(234,0,0,0);--awb-background-color:rgba(255,255,255,0);--awb-border-color:rgba(235,234,234,0);--awb-active-border-color:#c80014;\"><div class=\"nav\"><ul class=\"nav-tabs\" role=\"tablist\"><li class=\"active\" role=\"presentation\"><a class=\"tab-link\" data-toggle=\"tab\" role=\"tab\" aria-controls=\"tab-c68a02c0df53d69f089\" aria-selected=\"true\" id=\"fusion-tab-\u00c9p\u00dclet\" href=\"#tab-c68a02c0df53d69f089\"><h4 class=\"fusion-tab-heading\">\u00c9P\u00dcLET<\/h4><\/a><\/li><li role=\"presentation\"><a class=\"tab-link\" data-toggle=\"tab\" role=\"tab\" aria-controls=\"tab-582f2487bef1881abb9\" aria-selected=\"false\" tabindex=\"-1\" id=\"fusion-tab-szerviz\" href=\"#tab-582f2487bef1881abb9\"><h4 class=\"fusion-tab-heading\">SZERVIZ<\/h4><\/a><\/li><\/ul><\/div><div class=\"tab-content\"><div class=\"nav fusion-mobile-tab-nav\"><ul class=\"nav-tabs\" role=\"tablist\"><li class=\"active\" role=\"presentation\"><a class=\"tab-link\" data-toggle=\"tab\" role=\"tab\" aria-controls=\"tab-c68a02c0df53d69f089\" aria-selected=\"true\" id=\"mobile-fusion-tab-\u00c9p\u00dclet\" href=\"#tab-c68a02c0df53d69f089\"><h4 class=\"fusion-tab-heading\">\u00c9P\u00dcLET<\/h4><\/a><\/li><\/ul><\/div><div class=\"tab-pane fade fusion-clearfix in active\" role=\"tabpanel\" tabindex=\"0\" aria-labelledby=\"fusion-tab-\u00c9p\u00dclet\" id=\"tab-c68a02c0df53d69f089\">\n<div class=\"panorama360\" style=\"height: 350px; margin-bottom: 20px;\"><div class=\"panorama-view\" data-sliding-direction=\"-1\" data-sliding-interval=\"20\"><div class=\"panorama-container\"><img decoding=\"async\" src=\"http:\/\/pinke.sk\/wp-content\/uploads\/2017\/08\/Panorama_big-m\u00e1solata.jpg\" data-width=\"3498\" data-height=\"507\" alt=\"\"><\/div><\/div><\/div>\n<\/div><div class=\"nav fusion-mobile-tab-nav\"><ul class=\"nav-tabs\" role=\"tablist\"><li role=\"presentation\"><a class=\"tab-link\" data-toggle=\"tab\" role=\"tab\" aria-controls=\"tab-582f2487bef1881abb9\" aria-selected=\"false\" tabindex=\"-1\" id=\"mobile-fusion-tab-szerviz\" href=\"#tab-582f2487bef1881abb9\"><h4 class=\"fusion-tab-heading\">SZERVIZ<\/h4><\/a><\/li><\/ul><\/div><div class=\"tab-pane fade fusion-clearfix\" role=\"tabpanel\" tabindex=\"0\" aria-labelledby=\"fusion-tab-szerviz\" id=\"tab-582f2487bef1881abb9\">\n<div class=\"panorama360\" style=\"height: 350px; margin-bottom: 20px;\"><div class=\"panorama-view\" data-sliding-direction=\"-1\" data-sliding-interval=\"20\"><div class=\"panorama-container\"><img decoding=\"async\" src=\"http:\/\/pinke.sk\/wp-content\/uploads\/2017\/08\/Panorama2-1.jpg\" data-width=\"2990\" data-height=\"1002\" alt=\"\"><\/div><\/div><\/div>\n<\/div><\/div><\/div><div class=\"fusion-text fusion-text-5\"><div class=\"pano-top\"><\/div>\n<\/div><div class=\"fusion-clearfix\"><\/div><\/div><\/div><\/div><\/div><div class=\"fusion-fullwidth fullwidth-box fusion-builder-row-4 fusion-parallax-none nonhundred-percent-fullwidth non-hundred-percent-height-scrolling\" style=\"--awb-border-radius-top-left:0px;--awb-border-radius-top-right:0px;--awb-border-radius-bottom-right:0px;--awb-border-radius-bottom-left:0px;--awb-padding-top:80px;--awb-padding-bottom:80px;--awb-background-image:url(&quot;http:\/\/pinke.sk\/wp-content\/uploads\/2017\/07\/kerdese_van_bg.jpg&quot;);--awb-background-size:cover;--awb-flex-wrap:wrap;\" ><div class=\"fusion-builder-row fusion-row\"><div class=\"fusion-layout-column fusion_builder_column fusion-builder-column-3 fusion_builder_column_1_1 1_1 fusion-one-full fusion-column-first fusion-column-last\" style=\"--awb-bg-size:cover;\"><div class=\"fusion-column-wrapper fusion-flex-column-wrapper-legacy\"><div class=\"fusion-text fusion-text-6\"><div class=\"pano-bottom\"><\/div>\n<\/div><div class=\"fusion-text fusion-text-7\"><div class=\"text-contact\">\n<p style=\"text-align: center;\">Truck &#8211; Trans -Trade<\/p>\n<h2 style=\"text-align: center;\">K\u00e9rd\u00e9se Van?<\/h2>\n<p class=\"text-contact-sub\" style=\"text-align: center;\">B\u00e1rmilyen k\u00e9rd\u00e9se van keressen minket bizalommal. Nincs m\u00e1s dolga, mint, hogy kit\u00f6ltse a lentebb tal\u00e1lhat\u00f3 \u0171rlapot. Rem\u00e9lj\u00fck, hamarosan \u00d6nt \u00e9s v\u00e1llalkoz\u00e1s\u00e1t is Partnereink k\u00f6z\u00f6tt \u00fcdv\u00f6z\u00f6lhetj\u00fck.<\/p>\n<\/div>\n<\/div><div class=\"fusion-text fusion-text-8\"><div role=\"form\" class=\"wpcf7\" id=\"wpcf7-f13-o1\" lang=\"sk-SK\" dir=\"ltr\">\n<div class=\"screen-reader-response\"><\/div>\n<form action=\"\/hu\/wp-json\/wp\/v2\/pages\/143#wpcf7-f13-o1\" method=\"post\" class=\"wpcf7-form\" novalidate=\"novalidate\">\n<div style=\"display: none;\">\n<input type=\"hidden\" name=\"_wpcf7\" value=\"13\" \/>\n<input type=\"hidden\" name=\"_wpcf7_version\" value=\"4.8.1\" \/>\n<input type=\"hidden\" name=\"_wpcf7_locale\" value=\"sk_SK\" \/>\n<input type=\"hidden\" name=\"_wpcf7_unit_tag\" value=\"wpcf7-f13-o1\" \/>\n<input type=\"hidden\" name=\"_wpcf7_container_post\" value=\"0\" \/>\n<input type=\"hidden\" name=\"_wpcf7_nonce\" value=\"4609367b36\" \/>\n<\/div>\n<div class=\"contact-form\">\n<div class=\"fusion-layout-column fusion_builder_column fusion_builder_column_1_3 fusion-one-third 1_3 select\">\n<div class=\"fusion-column-wrapper\">\n      <label> N\u00e9v<br \/>\n        <span class=\"wpcf7-form-control-wrap your-name\"><input type=\"text\" name=\"your-name\" value=\"\" size=\"40\" class=\"wpcf7-form-control wpcf7-text wpcf7-validates-as-required\" aria-required=\"true\" aria-invalid=\"false\" \/><\/span> <\/label>\n    <\/div>\n<\/p><\/div>\n<div class=\"fusion-layout-column fusion_builder_column fusion_builder_column_1_3 fusion-one-third 1_3 select\">\n<div class=\"fusion-column-wrapper\">\n      <label> E-mail c\u00edm<br \/>\n        <span class=\"wpcf7-form-control-wrap your-email\"><input type=\"email\" name=\"your-email\" value=\"\" size=\"40\" class=\"wpcf7-form-control wpcf7-text wpcf7-email wpcf7-validates-as-required wpcf7-validates-as-email\" aria-required=\"true\" aria-invalid=\"false\" \/><\/span> <\/label>\n    <\/div>\n<\/p><\/div>\n<div class=\"fusion-layout-column fusion_builder_column fusion_builder_column_1_3 fusion-one-third 1_3 select\">\n<div class=\"fusion-column-wrapper\">\n      <label> Telefonsz\u00e1m<br \/>\n        <span class=\"wpcf7-form-control-wrap phone-num\"><input type=\"text\" name=\"phone-num\" value=\"\" size=\"40\" class=\"wpcf7-form-control wpcf7-text\" aria-invalid=\"false\" \/><\/span> <\/label>\n    <\/div>\n<\/p><\/div>\n<div class=\"fusion-column-wrapper\">\n    <label> \u00dczenet<br \/>\n      <span class=\"wpcf7-form-control-wrap your-message\"><textarea name=\"your-message\" cols=\"40\" rows=\"10\" class=\"wpcf7-form-control wpcf7-textarea\" aria-invalid=\"false\"><\/textarea><\/span> <\/label>\n  <\/div>\n<div class=\"fusion-column-wrapper\"> <input type=\"submit\" value=\"K\u00fcld\u00e9s\" class=\"wpcf7-form-control wpcf7-submit\" \/> <\/div>\n<\/div>\n<div class=\"fusion-alert alert custom alert-custom fusion-alert-center wpcf7-response-output wpcf7-display-none awb-alert-native-link-color alert-dismissable awb-alert-close-boxed\" style=\"--awb-border-size:1px;--awb-border-top-left-radius:0px;--awb-border-top-right-radius:0px;--awb-border-bottom-left-radius:0px;--awb-border-bottom-right-radius:0px;\" role=\"alert\"><div class=\"fusion-alert-content-wrapper\"><span class=\"fusion-alert-content\"><\/span><\/div><button type=\"button\" class=\"close toggle-alert\" data-dismiss=\"alert\" aria-label=\"Close\">&times;<\/button><\/div><\/form><\/div>\n<\/div><div class=\"fusion-clearfix\"><\/div><\/div><\/div><\/div><\/div><\/p>\n","protected":false},"excerpt":{"rendered":"","protected":false},"author":2,"featured_media":0,"parent":0,"menu_order":0,"comment_status":"closed","ping_status":"closed","template":"100-width.php","meta":{"footnotes":""},"class_list":["post-143","page","type-page","status-publish","hentry"],"_links":{"self":[{"href":"https:\/\/pinke.sk\/hu\/wp-json\/wp\/v2\/pages\/143","targetHints":{"allow":["GET"]}}],"collection":[{"href":"https:\/\/pinke.sk\/hu\/wp-json\/wp\/v2\/pages"}],"about":[{"href":"https:\/\/pinke.sk\/hu\/wp-json\/wp\/v2\/types\/page"}],"author":[{"embeddable":true,"href":"https:\/\/pinke.sk\/hu\/wp-json\/wp\/v2\/users\/2"}],"replies":[{"embeddable":true,"href":"https:\/\/pinke.sk\/hu\/wp-json\/wp\/v2\/comments?post=143"}],"version-history":[{"count":12,"href":"https:\/\/pinke.sk\/hu\/wp-json\/wp\/v2\/pages\/143\/revisions"}],"predecessor-version":[{"id":530,"href":"https:\/\/pinke.sk\/hu\/wp-json\/wp\/v2\/pages\/143\/revisions\/530"}],"wp:attachment":[{"href":"https:\/\/pinke.sk\/hu\/wp-json\/wp\/v2\/media?parent=143"}],"curies":[{"name":"wp","href":"https:\/\/api.w.org\/{rel}","templated":true}]}}