{"id":99,"date":"2017-08-14T14:43:48","date_gmt":"2017-08-14T12:43:48","guid":{"rendered":"http:\/\/pinke.gartproject.com\/?page_id=99"},"modified":"2017-08-15T09:07:35","modified_gmt":"2017-08-15T07:07:35","slug":"cegunk","status":"publish","type":"page","link":"https:\/\/pinke.sk\/hu\/cegunk\/","title":{"rendered":"C\u00e9g\u00fcnk"},"content":{"rendered":"<p><div class=\"fusion-fullwidth fullwidth-box fusion-builder-row-1 nonhundred-percent-fullwidth non-hundred-percent-height-scrolling\" style=\"--awb-border-radius-top-left:0px;--awb-border-radius-top-right:0px;--awb-border-radius-bottom-right:0px;--awb-border-radius-bottom-left:0px;--awb-padding-top:80px;--awb-padding-bottom:40px;--awb-flex-wrap:wrap;\" ><div class=\"fusion-builder-row fusion-row\"><div class=\"fusion-layout-column fusion_builder_column fusion-builder-column-0 fusion_builder_column_1_1 1_1 fusion-one-full fusion-column-first fusion-column-last\" style=\"--awb-bg-size:cover;\"><div class=\"fusion-column-wrapper fusion-flex-column-wrapper-legacy\"><div class=\"fusion-text fusion-text-1\"><h2 style=\"text-align: center;\">R\u00d3LUNK<\/h2>\n<div class=\"about-us-txt\">\n<p style=\"text-align: center;\">Pinke Robert egy\u00e9ni v\u00e1llakoz\u00f3k\u00e9nt 1996-ban alap\u00edtotta a\u00a0Pinke Robert \u2013 Truck Trans Trade c\u00e9get,<\/p>\n<p style=\"text-align: center;\">melynek f\u0151 tev\u00e9kenys\u00e9ge a\u00a0nemzetk\u00f6zi \u00e9s belf\u00f6ldi \u00e1rusz\u00e1ll\u00edt\u00e1s. F\u0151\u00a0 m\u0171k\u00f6d\u00e9si ter\u00fclete az Eur\u00f3pai Uni\u00f3 \u00e9s Sv\u00e1jc.<\/p>\n<p style=\"text-align: center;\">Az \u00e1rufuvaroz\u00e1son k\u00edv\u00fcl haszn\u00e1lt g\u00e9pj\u00e1rm\u0171vek, p\u00f3tkocsik, haszong\u00e9pj\u00e1rm\u0171vek<\/p>\n<p style=\"text-align: center;\">v\u00e9tele \u00e9s elad\u00e1sa is a\u00a0c\u00e9g tev\u00e9kenys\u00e9gei k\u00f6z\u00e9 tartozik.<\/p>\n<\/div>\n<\/div><div class=\"fusion-clearfix\"><\/div><\/div><\/div><\/div><\/div><div class=\"fusion-fullwidth fullwidth-box fusion-builder-row-2 nonhundred-percent-fullwidth non-hundred-percent-height-scrolling\" style=\"--awb-border-radius-top-left:0px;--awb-border-radius-top-right:0px;--awb-border-radius-bottom-right:0px;--awb-border-radius-bottom-left:0px;--awb-padding-top:20px;--awb-padding-bottom:20px;--awb-flex-wrap:wrap;\" ><div class=\"fusion-builder-row fusion-row\"><div class=\"fusion-layout-column fusion_builder_column fusion-builder-column-1 fusion_builder_column_1_3 1_3 fusion-one-third fusion-column-first\" style=\"--awb-bg-size:cover;width:33.333333333333%;width:calc(33.333333333333% - ( ( 4% + 4% ) * 0.33333333333333 ) );margin-right: 4%;\"><div class=\"fusion-column-wrapper fusion-flex-column-wrapper-legacy\"><div class=\"fusion-text fusion-text-2\"><p><img decoding=\"async\" class=\"alignnone size-full wp-image-33 alignright\" src=\"http:\/\/pinke.sk\/wp-content\/uploads\/2017\/07\/cert1.png\" alt=\"\" width=\"102\" height=\"83\" \/><\/p>\n<p>2002-t\u0151l szerv\u00edzzel b\u0151v\u00edtett\u00fck c\u00e9g\u00fcnket, ahol nyergesvontat\u00f3k, p\u00f3tkocsik, ut\u00e1nfut\u00f3k, haszonj\u00e1rm\u0171vek jav\u00edt\u00e1s\u00e1t v\u00e9gezz\u00fck. 2007-ben \u00faj telephelyre k\u00f6lt\u00f6zt\u00fcnk, ahol modern irodahelyis\u00e9gek, korszer\u0171 m\u0171hely \u00e9s kamionmos\u00f3, parkol\u00f3k ker\u00fcltek kialak\u00edt\u00e1sra megb\u00edz\u00f3ink el\u00e9gedetts\u00e9g\u00e9nek n\u00f6vel\u00e9se \u00e9rdek\u00e9ben.<\/p>\n<p>A nemzetk\u00f6zi el\u0151\u00edr\u00e1sok \u00e9s a tov\u00e1bbi fejl\u0151d\u00e9si lehet\u0151s\u00e9gek \u00e9redk\u00e9ben 2012-ben a c\u00e9g korl\u00e1tolt felel\u0151ss\u00e9g\u0171 t\u00e1rsas\u00e1gg\u00e1 alakult a TRUCK TRANS TRADE s.r.o. n\u00e9ven.<\/p>\n<p>Kezdetben a tulajdonos, majd az \u0151t seg\u00edt\u0151 szakmai g\u00e1rda prec\u00edz \u00e9s kitart\u00f3 munk\u00e1j\u00e1nak k\u00f6sz\u00f6nhet\u0151, hogy a c\u00e9g \u00e9vr\u0151l \u00e9vre meg tudta \u0151rizni rugalmass\u00e1g\u00e1t, megb\u00edzat\u00f3s\u00e1g\u00e1t.<\/p>\n<p><img decoding=\"async\" class=\"alignnone size-full wp-image-34\" src=\"http:\/\/pinke.sk\/wp-content\/uploads\/2017\/07\/cert2.png\" alt=\"\" width=\"397\" height=\"68\" srcset=\"https:\/\/pinke.sk\/wp-content\/uploads\/2017\/07\/cert2-200x34.png 200w, https:\/\/pinke.sk\/wp-content\/uploads\/2017\/07\/cert2-300x51.png 300w, https:\/\/pinke.sk\/wp-content\/uploads\/2017\/07\/cert2.png 397w\" sizes=\"(max-width: 397px) 100vw, 397px\" \/><\/p>\n<\/div><div class=\"fusion-clearfix\"><\/div><\/div><\/div><div class=\"fusion-layout-column fusion_builder_column fusion-builder-column-2 fusion_builder_column_1_3 1_3 fusion-one-third\" style=\"--awb-bg-size:cover;width:33.333333333333%;width:calc(33.333333333333% - ( ( 4% + 4% ) * 0.33333333333333 ) );margin-right: 4%;\"><div class=\"fusion-column-wrapper fusion-flex-column-wrapper-legacy\"><div class=\"fusion-image-element fusion-image-align-center in-legacy-container\" style=\"text-align:center;--awb-caption-title-font-family:var(--h2_typography-font-family);--awb-caption-title-font-weight:var(--h2_typography-font-weight);--awb-caption-title-font-style:var(--h2_typography-font-style);--awb-caption-title-size:var(--h2_typography-font-size);--awb-caption-title-transform:var(--h2_typography-text-transform);--awb-caption-title-line-height:var(--h2_typography-line-height);--awb-caption-title-letter-spacing:var(--h2_typography-letter-spacing);\"><div class=\"imageframe-align-center\"><span class=\" fusion-imageframe imageframe-none imageframe-1 hover-type-zoomin\"><img decoding=\"async\" width=\"360\" height=\"578\" alt=\"o nas\" title=\"o nas\" src=\"http:\/\/pinke.sk\/wp-content\/uploads\/2017\/07\/rolunk_01.jpg\" class=\"img-responsive wp-image-2172\" srcset=\"https:\/\/pinke.sk\/wp-content\/uploads\/2017\/07\/rolunk_01-200x321.jpg 200w, https:\/\/pinke.sk\/wp-content\/uploads\/2017\/07\/rolunk_01.jpg 360w\" sizes=\"(max-width: 800px) 100vw, 360px\" \/><\/span><\/div><\/div><div class=\"fusion-clearfix\"><\/div><\/div><\/div><div class=\"fusion-layout-column fusion_builder_column fusion-builder-column-3 fusion_builder_column_1_3 1_3 fusion-one-third fusion-column-last\" style=\"--awb-bg-size:cover;width:33.333333333333%;width:calc(33.333333333333% - ( ( 4% + 4% ) * 0.33333333333333 ) );\"><div class=\"fusion-column-wrapper fusion-flex-column-wrapper-legacy\"><div class=\"fusion-image-element fusion-image-align-center in-legacy-container\" style=\"text-align:center;--awb-caption-title-font-family:var(--h2_typography-font-family);--awb-caption-title-font-weight:var(--h2_typography-font-weight);--awb-caption-title-font-style:var(--h2_typography-font-style);--awb-caption-title-size:var(--h2_typography-font-size);--awb-caption-title-transform:var(--h2_typography-text-transform);--awb-caption-title-line-height:var(--h2_typography-line-height);--awb-caption-title-letter-spacing:var(--h2_typography-letter-spacing);\"><div class=\"imageframe-align-center\"><span class=\" fusion-imageframe imageframe-none imageframe-2 hover-type-zoomin\"><img decoding=\"async\" width=\"360\" height=\"578\" alt=\"nas truck\" title=\"nas truck\" src=\"http:\/\/pinke.sk\/wp-content\/uploads\/2017\/07\/rolunk_02.jpg\" class=\"img-responsive wp-image-2174\" srcset=\"https:\/\/pinke.sk\/wp-content\/uploads\/2017\/07\/rolunk_02-200x321.jpg 200w, https:\/\/pinke.sk\/wp-content\/uploads\/2017\/07\/rolunk_02.jpg 360w\" sizes=\"(max-width: 800px) 100vw, 360px\" \/><\/span><\/div><\/div><div class=\"fusion-clearfix\"><\/div><\/div><\/div><\/div><\/div><div class=\"fusion-fullwidth fullwidth-box fusion-builder-row-3 nonhundred-percent-fullwidth non-hundred-percent-height-scrolling\" style=\"--awb-border-radius-top-left:0px;--awb-border-radius-top-right:0px;--awb-border-radius-bottom-right:0px;--awb-border-radius-bottom-left:0px;--awb-padding-top:80px;--awb-padding-bottom:80px;--awb-flex-wrap:wrap;\" ><div class=\"fusion-builder-row fusion-row\"><div class=\"fusion-layout-column fusion_builder_column fusion-builder-column-4 fusion_builder_column_1_1 1_1 fusion-one-full fusion-column-first fusion-column-last\" style=\"--awb-bg-size:cover;\"><div class=\"fusion-column-wrapper fusion-flex-column-wrapper-legacy\"><div class=\"fusion-text fusion-text-3\"><h2 style=\"text-align: center;\">C\u00c9G\u00dcNK K\u00c9PEKBEN<\/h2>\n<div class=\"about-us-txt\"><\/div>\n<\/div><div class=\"fusion-sep-clear\"><\/div><div class=\"fusion-separator fusion-full-width-sep\" style=\"margin-left: auto;margin-right: auto;margin-top:10px;margin-bottom:10px;width:100%;\"><\/div><div class=\"fusion-sep-clear\"><\/div><div class=\"fusion-text fusion-text-4\">\n\t\t<style type=\"text\/css\">\n\t\t\t#gallery-1 {\n\t\t\t\tmargin: auto;\n\t\t\t}\n\t\t\t#gallery-1 .gallery-item {\n\t\t\t\tfloat: left;\n\t\t\t\tmargin-top: 10px;\n\t\t\t\ttext-align: center;\n\t\t\t\twidth: 33%;\n\t\t\t}\n\t\t\t#gallery-1 img {\n\t\t\t\tborder: 2px solid #cfcfcf;\n\t\t\t}\n\t\t\t#gallery-1 .gallery-caption {\n\t\t\t\tmargin-left: 0;\n\t\t\t}\n\t\t\t\/* see gallery_shortcode() in wp-includes\/media.php *\/\n\t\t<\/style>\n\t\t<div id='gallery-1' class='gallery galleryid-99 gallery-columns-3 gallery-size-medium'><dl class='gallery-item'>\n\t\t\t<dt class='gallery-icon landscape'>\n\t\t\t\t<a data-rel=\"iLightbox[postimages]\" data-title=\"TTT Trans office\" data-caption=\"\" href='https:\/\/pinke.sk\/wp-content\/uploads\/2017\/08\/001.jpg'><img decoding=\"async\" width=\"300\" height=\"200\" src=\"https:\/\/pinke.sk\/wp-content\/uploads\/2017\/08\/001-300x200.jpg\" class=\"attachment-medium size-medium\" alt=\"TTT Trans office\" srcset=\"https:\/\/pinke.sk\/wp-content\/uploads\/2017\/08\/001-200x133.jpg 200w, https:\/\/pinke.sk\/wp-content\/uploads\/2017\/08\/001-300x200.jpg 300w, https:\/\/pinke.sk\/wp-content\/uploads\/2017\/08\/001-400x267.jpg 400w, https:\/\/pinke.sk\/wp-content\/uploads\/2017\/08\/001-600x400.jpg 600w, https:\/\/pinke.sk\/wp-content\/uploads\/2017\/08\/001-768x513.jpg 768w, https:\/\/pinke.sk\/wp-content\/uploads\/2017\/08\/001-800x534.jpg 800w, https:\/\/pinke.sk\/wp-content\/uploads\/2017\/08\/001-1024x683.jpg 1024w, https:\/\/pinke.sk\/wp-content\/uploads\/2017\/08\/001-1200x801.jpg 1200w, https:\/\/pinke.sk\/wp-content\/uploads\/2017\/08\/001.jpg 1500w\" sizes=\"(max-width: 300px) 100vw, 300px\" \/><\/a>\n\t\t\t<\/dt><\/dl><dl class='gallery-item'>\n\t\t\t<dt class='gallery-icon landscape'>\n\t\t\t\t<a data-rel=\"iLightbox[postimages]\" data-title=\"TTT Trans red office\" data-caption=\"\" href='https:\/\/pinke.sk\/wp-content\/uploads\/2017\/08\/002.jpg'><img decoding=\"async\" width=\"300\" height=\"200\" src=\"https:\/\/pinke.sk\/wp-content\/uploads\/2017\/08\/002-300x200.jpg\" class=\"attachment-medium size-medium\" alt=\"TTT Trans red office\" srcset=\"https:\/\/pinke.sk\/wp-content\/uploads\/2017\/08\/002-200x133.jpg 200w, https:\/\/pinke.sk\/wp-content\/uploads\/2017\/08\/002-300x200.jpg 300w, https:\/\/pinke.sk\/wp-content\/uploads\/2017\/08\/002-400x267.jpg 400w, https:\/\/pinke.sk\/wp-content\/uploads\/2017\/08\/002-600x400.jpg 600w, https:\/\/pinke.sk\/wp-content\/uploads\/2017\/08\/002-768x513.jpg 768w, https:\/\/pinke.sk\/wp-content\/uploads\/2017\/08\/002-800x534.jpg 800w, https:\/\/pinke.sk\/wp-content\/uploads\/2017\/08\/002-1024x683.jpg 1024w, https:\/\/pinke.sk\/wp-content\/uploads\/2017\/08\/002-1200x801.jpg 1200w, https:\/\/pinke.sk\/wp-content\/uploads\/2017\/08\/002.jpg 1500w\" sizes=\"(max-width: 300px) 100vw, 300px\" \/><\/a>\n\t\t\t<\/dt><\/dl><dl class='gallery-item'>\n\t\t\t<dt class='gallery-icon landscape'>\n\t\t\t\t<a data-rel=\"iLightbox[postimages]\" data-title=\"TTT Trans red office 2\" data-caption=\"\" href='https:\/\/pinke.sk\/wp-content\/uploads\/2017\/08\/003.jpg'><img decoding=\"async\" width=\"300\" height=\"200\" src=\"https:\/\/pinke.sk\/wp-content\/uploads\/2017\/08\/003-300x200.jpg\" class=\"attachment-medium size-medium\" alt=\"TTT Trans red office 2\" srcset=\"https:\/\/pinke.sk\/wp-content\/uploads\/2017\/08\/003-200x133.jpg 200w, https:\/\/pinke.sk\/wp-content\/uploads\/2017\/08\/003-300x200.jpg 300w, https:\/\/pinke.sk\/wp-content\/uploads\/2017\/08\/003-400x267.jpg 400w, https:\/\/pinke.sk\/wp-content\/uploads\/2017\/08\/003-600x400.jpg 600w, https:\/\/pinke.sk\/wp-content\/uploads\/2017\/08\/003-768x513.jpg 768w, https:\/\/pinke.sk\/wp-content\/uploads\/2017\/08\/003-800x534.jpg 800w, https:\/\/pinke.sk\/wp-content\/uploads\/2017\/08\/003-1024x683.jpg 1024w, https:\/\/pinke.sk\/wp-content\/uploads\/2017\/08\/003-1200x801.jpg 1200w, https:\/\/pinke.sk\/wp-content\/uploads\/2017\/08\/003.jpg 1500w\" sizes=\"(max-width: 300px) 100vw, 300px\" \/><\/a>\n\t\t\t<\/dt><\/dl><br style=\"clear: both\" \/><dl class='gallery-item'>\n\t\t\t<dt class='gallery-icon landscape'>\n\t\t\t\t<a data-rel=\"iLightbox[postimages]\" data-title=\"TTT Trans red office 3\" data-caption=\"\" href='https:\/\/pinke.sk\/wp-content\/uploads\/2017\/08\/004.jpg'><img decoding=\"async\" width=\"300\" height=\"200\" src=\"https:\/\/pinke.sk\/wp-content\/uploads\/2017\/08\/004-300x200.jpg\" class=\"attachment-medium size-medium\" alt=\"TTT Trans red office 3\" srcset=\"https:\/\/pinke.sk\/wp-content\/uploads\/2017\/08\/004-200x133.jpg 200w, https:\/\/pinke.sk\/wp-content\/uploads\/2017\/08\/004-300x200.jpg 300w, https:\/\/pinke.sk\/wp-content\/uploads\/2017\/08\/004-400x267.jpg 400w, https:\/\/pinke.sk\/wp-content\/uploads\/2017\/08\/004-600x400.jpg 600w, https:\/\/pinke.sk\/wp-content\/uploads\/2017\/08\/004-768x513.jpg 768w, https:\/\/pinke.sk\/wp-content\/uploads\/2017\/08\/004-800x534.jpg 800w, https:\/\/pinke.sk\/wp-content\/uploads\/2017\/08\/004-1024x683.jpg 1024w, https:\/\/pinke.sk\/wp-content\/uploads\/2017\/08\/004-1200x801.jpg 1200w, https:\/\/pinke.sk\/wp-content\/uploads\/2017\/08\/004.jpg 1500w\" sizes=\"(max-width: 300px) 100vw, 300px\" \/><\/a>\n\t\t\t<\/dt><\/dl><dl class='gallery-item'>\n\t\t\t<dt class='gallery-icon landscape'>\n\t\t\t\t<a data-rel=\"iLightbox[postimages]\" data-title=\"TTT Trans red office 4\" data-caption=\"\" href='https:\/\/pinke.sk\/wp-content\/uploads\/2017\/08\/005.jpg'><img decoding=\"async\" width=\"300\" height=\"200\" src=\"https:\/\/pinke.sk\/wp-content\/uploads\/2017\/08\/005-300x200.jpg\" class=\"attachment-medium size-medium\" alt=\"TTT Trans red office 4\" srcset=\"https:\/\/pinke.sk\/wp-content\/uploads\/2017\/08\/005-200x133.jpg 200w, https:\/\/pinke.sk\/wp-content\/uploads\/2017\/08\/005-300x200.jpg 300w, https:\/\/pinke.sk\/wp-content\/uploads\/2017\/08\/005-400x267.jpg 400w, https:\/\/pinke.sk\/wp-content\/uploads\/2017\/08\/005-600x400.jpg 600w, https:\/\/pinke.sk\/wp-content\/uploads\/2017\/08\/005-768x513.jpg 768w, https:\/\/pinke.sk\/wp-content\/uploads\/2017\/08\/005-800x534.jpg 800w, https:\/\/pinke.sk\/wp-content\/uploads\/2017\/08\/005-1024x683.jpg 1024w, https:\/\/pinke.sk\/wp-content\/uploads\/2017\/08\/005-1200x801.jpg 1200w, https:\/\/pinke.sk\/wp-content\/uploads\/2017\/08\/005.jpg 1500w\" sizes=\"(max-width: 300px) 100vw, 300px\" \/><\/a>\n\t\t\t<\/dt><\/dl><dl class='gallery-item'>\n\t\t\t<dt class='gallery-icon landscape'>\n\t\t\t\t<a data-rel=\"iLightbox[postimages]\" data-title=\"Trucks\" data-caption=\"\" href='https:\/\/pinke.sk\/wp-content\/uploads\/2017\/08\/006.jpg'><img decoding=\"async\" width=\"300\" height=\"200\" src=\"https:\/\/pinke.sk\/wp-content\/uploads\/2017\/08\/006-300x200.jpg\" class=\"attachment-medium size-medium\" alt=\"Trucks\" srcset=\"https:\/\/pinke.sk\/wp-content\/uploads\/2017\/08\/006-200x133.jpg 200w, https:\/\/pinke.sk\/wp-content\/uploads\/2017\/08\/006-300x200.jpg 300w, https:\/\/pinke.sk\/wp-content\/uploads\/2017\/08\/006-400x267.jpg 400w, https:\/\/pinke.sk\/wp-content\/uploads\/2017\/08\/006-600x400.jpg 600w, https:\/\/pinke.sk\/wp-content\/uploads\/2017\/08\/006-768x513.jpg 768w, https:\/\/pinke.sk\/wp-content\/uploads\/2017\/08\/006-800x534.jpg 800w, https:\/\/pinke.sk\/wp-content\/uploads\/2017\/08\/006-1024x683.jpg 1024w, https:\/\/pinke.sk\/wp-content\/uploads\/2017\/08\/006-1200x801.jpg 1200w, https:\/\/pinke.sk\/wp-content\/uploads\/2017\/08\/006.jpg 1500w\" sizes=\"(max-width: 300px) 100vw, 300px\" \/><\/a>\n\t\t\t<\/dt><\/dl><br style=\"clear: both\" \/>\n\t\t<\/div>\n\n<\/div><div class=\"fusion-clearfix\"><\/div><\/div><\/div><\/div><\/div><div class=\"fusion-fullwidth fullwidth-box fusion-builder-row-4 fusion-parallax-none nonhundred-percent-fullwidth non-hundred-percent-height-scrolling\" style=\"--awb-border-radius-top-left:0px;--awb-border-radius-top-right:0px;--awb-border-radius-bottom-right:0px;--awb-border-radius-bottom-left:0px;--awb-padding-top:80px;--awb-padding-bottom:80px;--awb-background-image:url(&quot;http:\/\/pinke.sk\/wp-content\/uploads\/2017\/07\/nez_korbe_bg.jpg&quot;);--awb-background-size:cover;--awb-flex-wrap:wrap;\" ><div class=\"fusion-builder-row fusion-row\"><div class=\"fusion-layout-column fusion_builder_column fusion-builder-column-5 fusion_builder_column_1_1 1_1 fusion-one-full fusion-column-first fusion-column-last\" style=\"--awb-bg-size:cover;\"><div class=\"fusion-column-wrapper fusion-flex-column-wrapper-legacy\"><div class=\"fusion-text fusion-text-5\"><div class=\"text-viewer\">\n<p style=\"text-align: center;\">Truck &#8211; Trans &#8211; Trade<\/p>\n<h2 style=\"text-align: center;\">N\u00e9zzen k\u00f6rbe n\u00e1lunk!<\/h2>\n<p style=\"text-align: center;\">Az eg\u00e9r jobb vagy balra h\u00faz\u00e1s\u00e1val tudja forgatni a k\u00e9pet<\/p>\n<\/div>\n<\/div><div class=\"fusion-tabs fusion-tabs-1 clean nav-not-justified horizontal-tabs icon-position-left mobile-mode-accordion\" style=\"--awb-title-border-radius-top-left:0px;--awb-title-border-radius-top-right:0px;--awb-title-border-radius-bottom-right:0px;--awb-title-border-radius-bottom-left:0px;--awb-inactive-color:rgba(234,0,0,0);--awb-background-color:rgba(255,255,255,0);--awb-border-color:rgba(235,234,234,0);--awb-active-border-color:#c80014;\"><div class=\"nav\"><ul class=\"nav-tabs\" role=\"tablist\"><li class=\"active\" role=\"presentation\"><a class=\"tab-link\" data-toggle=\"tab\" role=\"tab\" aria-controls=\"tab-518fe03901f0d9778e0\" aria-selected=\"true\" id=\"fusion-tab-\u00c9p\u00dclet\" href=\"#tab-518fe03901f0d9778e0\"><h4 class=\"fusion-tab-heading\">\u00c9P\u00dcLET<\/h4><\/a><\/li><li role=\"presentation\"><a class=\"tab-link\" data-toggle=\"tab\" role=\"tab\" aria-controls=\"tab-4b69dee577a0a36c2b6\" aria-selected=\"false\" tabindex=\"-1\" id=\"fusion-tab-szerviz\" href=\"#tab-4b69dee577a0a36c2b6\"><h4 class=\"fusion-tab-heading\">SZERVIZ<\/h4><\/a><\/li><\/ul><\/div><div class=\"tab-content\"><div class=\"nav fusion-mobile-tab-nav\"><ul class=\"nav-tabs\" role=\"tablist\"><li class=\"active\" role=\"presentation\"><a class=\"tab-link\" data-toggle=\"tab\" role=\"tab\" aria-controls=\"tab-518fe03901f0d9778e0\" aria-selected=\"true\" id=\"mobile-fusion-tab-\u00c9p\u00dclet\" href=\"#tab-518fe03901f0d9778e0\"><h4 class=\"fusion-tab-heading\">\u00c9P\u00dcLET<\/h4><\/a><\/li><\/ul><\/div><div class=\"tab-pane fade fusion-clearfix in active\" role=\"tabpanel\" tabindex=\"0\" aria-labelledby=\"fusion-tab-\u00c9p\u00dclet\" id=\"tab-518fe03901f0d9778e0\">\n<div class=\"panorama360\" style=\"height: 350px; margin-bottom: 20px;\"><div class=\"panorama-view\" data-sliding-direction=\"-1\" data-sliding-interval=\"20\"><div class=\"panorama-container\"><img decoding=\"async\" src=\"http:\/\/pinke.sk\/wp-content\/uploads\/2017\/08\/Panorama_big-m\u00e1solata.jpg\" data-width=\"3498\" data-height=\"507\" alt=\"\"><\/div><\/div><\/div>\n<\/div><div class=\"nav fusion-mobile-tab-nav\"><ul class=\"nav-tabs\" role=\"tablist\"><li role=\"presentation\"><a class=\"tab-link\" data-toggle=\"tab\" role=\"tab\" aria-controls=\"tab-4b69dee577a0a36c2b6\" aria-selected=\"false\" tabindex=\"-1\" id=\"mobile-fusion-tab-szerviz\" href=\"#tab-4b69dee577a0a36c2b6\"><h4 class=\"fusion-tab-heading\">SZERVIZ<\/h4><\/a><\/li><\/ul><\/div><div class=\"tab-pane fade fusion-clearfix\" role=\"tabpanel\" tabindex=\"0\" aria-labelledby=\"fusion-tab-szerviz\" id=\"tab-4b69dee577a0a36c2b6\">\n<div class=\"panorama360\" style=\"height: 350px; margin-bottom: 20px;\"><div class=\"panorama-view\" data-sliding-direction=\"-1\" data-sliding-interval=\"20\"><div class=\"panorama-container\"><img decoding=\"async\" src=\"http:\/\/pinke.sk\/wp-content\/uploads\/2017\/08\/Panorama2-1.jpg\" data-width=\"2990\" data-height=\"1002\" alt=\"\"><\/div><\/div><\/div>\n<\/div><\/div><\/div><div class=\"fusion-text fusion-text-6\"><div class=\"pano-top\"><\/div>\n<\/div><div class=\"fusion-clearfix\"><\/div><\/div><\/div><\/div><\/div><div class=\"fusion-fullwidth fullwidth-box fusion-builder-row-5 fusion-parallax-none nonhundred-percent-fullwidth non-hundred-percent-height-scrolling\" style=\"--awb-border-radius-top-left:0px;--awb-border-radius-top-right:0px;--awb-border-radius-bottom-right:0px;--awb-border-radius-bottom-left:0px;--awb-padding-top:80px;--awb-padding-bottom:80px;--awb-background-image:url(&quot;http:\/\/pinke.sk\/wp-content\/uploads\/2017\/07\/kerdese_van_bg.jpg&quot;);--awb-background-size:cover;--awb-flex-wrap:wrap;\" ><div class=\"fusion-builder-row fusion-row\"><div class=\"fusion-layout-column fusion_builder_column fusion-builder-column-6 fusion_builder_column_1_1 1_1 fusion-one-full fusion-column-first fusion-column-last\" style=\"--awb-bg-size:cover;\"><div class=\"fusion-column-wrapper fusion-flex-column-wrapper-legacy\"><div class=\"fusion-text fusion-text-7\"><div class=\"pano-bottom\"><\/div>\n<\/div><div class=\"fusion-text fusion-text-8\"><div class=\"text-contact\">\n<p style=\"text-align: center;\">Truck &#8211; Trans -Trade<\/p>\n<h2 style=\"text-align: center;\">K\u00e9rd\u00e9se Van?<\/h2>\n<p class=\"text-contact-sub\" style=\"text-align: center;\">B\u00e1rmilyen k\u00e9rd\u00e9se van keressen minket bizalommal. Nincs m\u00e1s dolga, mint, hogy kit\u00f6ltse a lentebb tal\u00e1lhat\u00f3 \u0171rlapot. Rem\u00e9lj\u00fck, hamarosan \u00d6nt \u00e9s v\u00e1llalkoz\u00e1s\u00e1t is Partnereink k\u00f6z\u00f6tt \u00fcdv\u00f6z\u00f6lhetj\u00fck.<\/p>\n<\/div>\n<\/div><div class=\"fusion-text fusion-text-9\"><div role=\"form\" class=\"wpcf7\" id=\"wpcf7-f13-o1\" lang=\"sk-SK\" dir=\"ltr\">\n<div class=\"screen-reader-response\"><\/div>\n<form action=\"\/hu\/wp-json\/wp\/v2\/pages\/99#wpcf7-f13-o1\" method=\"post\" class=\"wpcf7-form\" novalidate=\"novalidate\">\n<div style=\"display: none;\">\n<input type=\"hidden\" name=\"_wpcf7\" value=\"13\" \/>\n<input type=\"hidden\" name=\"_wpcf7_version\" value=\"4.8.1\" \/>\n<input type=\"hidden\" name=\"_wpcf7_locale\" value=\"sk_SK\" \/>\n<input type=\"hidden\" name=\"_wpcf7_unit_tag\" value=\"wpcf7-f13-o1\" \/>\n<input type=\"hidden\" name=\"_wpcf7_container_post\" value=\"0\" \/>\n<input type=\"hidden\" name=\"_wpcf7_nonce\" value=\"4609367b36\" \/>\n<\/div>\n<div class=\"contact-form\">\n<div class=\"fusion-layout-column fusion_builder_column fusion_builder_column_1_3 fusion-one-third 1_3 select\">\n<div class=\"fusion-column-wrapper\">\n      <label> N\u00e9v<br \/>\n        <span class=\"wpcf7-form-control-wrap your-name\"><input type=\"text\" name=\"your-name\" value=\"\" size=\"40\" class=\"wpcf7-form-control wpcf7-text wpcf7-validates-as-required\" aria-required=\"true\" aria-invalid=\"false\" \/><\/span> <\/label>\n    <\/div>\n<\/p><\/div>\n<div class=\"fusion-layout-column fusion_builder_column fusion_builder_column_1_3 fusion-one-third 1_3 select\">\n<div class=\"fusion-column-wrapper\">\n      <label> E-mail c\u00edm<br \/>\n        <span class=\"wpcf7-form-control-wrap your-email\"><input type=\"email\" name=\"your-email\" value=\"\" size=\"40\" class=\"wpcf7-form-control wpcf7-text wpcf7-email wpcf7-validates-as-required wpcf7-validates-as-email\" aria-required=\"true\" aria-invalid=\"false\" \/><\/span> <\/label>\n    <\/div>\n<\/p><\/div>\n<div class=\"fusion-layout-column fusion_builder_column fusion_builder_column_1_3 fusion-one-third 1_3 select\">\n<div class=\"fusion-column-wrapper\">\n      <label> Telefonsz\u00e1m<br \/>\n        <span class=\"wpcf7-form-control-wrap phone-num\"><input type=\"text\" name=\"phone-num\" value=\"\" size=\"40\" class=\"wpcf7-form-control wpcf7-text\" aria-invalid=\"false\" \/><\/span> <\/label>\n    <\/div>\n<\/p><\/div>\n<div class=\"fusion-column-wrapper\">\n    <label> \u00dczenet<br \/>\n      <span class=\"wpcf7-form-control-wrap your-message\"><textarea name=\"your-message\" cols=\"40\" rows=\"10\" class=\"wpcf7-form-control wpcf7-textarea\" aria-invalid=\"false\"><\/textarea><\/span> <\/label>\n  <\/div>\n<div class=\"fusion-column-wrapper\"> <input type=\"submit\" value=\"K\u00fcld\u00e9s\" class=\"wpcf7-form-control wpcf7-submit\" \/> <\/div>\n<\/div>\n<div class=\"fusion-alert alert custom alert-custom fusion-alert-center wpcf7-response-output wpcf7-display-none awb-alert-native-link-color alert-dismissable awb-alert-close-boxed\" style=\"--awb-border-size:1px;--awb-border-top-left-radius:0px;--awb-border-top-right-radius:0px;--awb-border-bottom-left-radius:0px;--awb-border-bottom-right-radius:0px;\" role=\"alert\"><div class=\"fusion-alert-content-wrapper\"><span class=\"fusion-alert-content\"><\/span><\/div><button type=\"button\" class=\"close toggle-alert\" data-dismiss=\"alert\" aria-label=\"Close\">&times;<\/button><\/div><\/form><\/div>\n<\/div><div class=\"fusion-clearfix\"><\/div><\/div><\/div><\/div><\/div><\/p>\n","protected":false},"excerpt":{"rendered":"","protected":false},"author":2,"featured_media":0,"parent":0,"menu_order":0,"comment_status":"closed","ping_status":"closed","template":"100-width.php","meta":{"footnotes":""},"class_list":["post-99","page","type-page","status-publish","hentry"],"_links":{"self":[{"href":"https:\/\/pinke.sk\/hu\/wp-json\/wp\/v2\/pages\/99","targetHints":{"allow":["GET"]}}],"collection":[{"href":"https:\/\/pinke.sk\/hu\/wp-json\/wp\/v2\/pages"}],"about":[{"href":"https:\/\/pinke.sk\/hu\/wp-json\/wp\/v2\/types\/page"}],"author":[{"embeddable":true,"href":"https:\/\/pinke.sk\/hu\/wp-json\/wp\/v2\/users\/2"}],"replies":[{"embeddable":true,"href":"https:\/\/pinke.sk\/hu\/wp-json\/wp\/v2\/comments?post=99"}],"version-history":[{"count":15,"href":"https:\/\/pinke.sk\/hu\/wp-json\/wp\/v2\/pages\/99\/revisions"}],"predecessor-version":[{"id":120,"href":"https:\/\/pinke.sk\/hu\/wp-json\/wp\/v2\/pages\/99\/revisions\/120"}],"wp:attachment":[{"href":"https:\/\/pinke.sk\/hu\/wp-json\/wp\/v2\/media?parent=99"}],"curies":[{"name":"wp","href":"https:\/\/api.w.org\/{rel}","templated":true}]}}